{"id":10426,"date":"2022-12-07T06:59:56","date_gmt":"2022-12-07T06:59:56","guid":{"rendered":"https:\/\/eduma.thimpress.com\/demo-modern-university\/?page_id=10426"},"modified":"2025-03-10T12:56:00","modified_gmt":"2025-03-10T12:56:00","slug":"despre-csie","status":"publish","type":"page","link":"https:\/\/temp.csie.ase.ro\/en\/despre-csie","title":{"rendered":"Despre CSIE"},"content":{"rendered":"<div data-elementor-type=\"wp-page\" data-elementor-id=\"10426\" class=\"elementor elementor-10426\">\n\t\t\t\t\t\t<section class=\"elementor-section elementor-top-section elementor-element elementor-element-5cdc5759 elementor-section-boxed elementor-section-height-default elementor-section-height-default\" data-id=\"5cdc5759\" data-element_type=\"section\">\n\t\t\t\t\t\t<div class=\"elementor-container elementor-column-gap-custom\">\n\t\t\t\t\t<div class=\"elementor-column elementor-col-100 elementor-top-column elementor-element elementor-element-cad2e26\" data-id=\"cad2e26\" data-element_type=\"column\">\n\t\t\t<div class=\"elementor-widget-wrap\">\n\t\t\t\t\t\t\t<\/div>\n\t\t<\/div>\n\t\t\t\t\t<\/div>\n\t\t<\/section>\n\t\t\t\t<section class=\"elementor-section elementor-top-section elementor-element elementor-element-28ab7f2b elementor-section-stretched elementor-section-boxed elementor-section-height-default elementor-section-height-default\" data-id=\"28ab7f2b\" data-element_type=\"section\" data-settings=\"{&quot;stretch_section&quot;:&quot;section-stretched&quot;}\">\n\t\t\t\t\t\t<div class=\"elementor-container elementor-column-gap-no\">\n\t\t\t\t\t<div class=\"elementor-column elementor-col-66 elementor-top-column elementor-element elementor-element-59fe9bb9\" data-id=\"59fe9bb9\" data-element_type=\"column\">\n\t\t\t<div class=\"elementor-widget-wrap elementor-element-populated\">\n\t\t\t\t\t\t<div class=\"elementor-element elementor-element-5d3348f8 elementor-widget thim-ekits-heading elementor-widget-thim-heading\" data-id=\"5d3348f8\" data-element_type=\"widget\" data-widget_type=\"thim-heading.default\">\n\t\t\t\t<div class=\"elementor-widget-container\">\n\t\t\t\t\t<div class=\"sc_heading\"><div class=\"sub-heading\"><p><b>Faculty of Cybernetics, Statistics and Business Informatics<\/b> din cadrul Academiei de Studii Economice din Bucure\u0219ti este un pilon al educa\u021biei superioare \u00een domeniul economic \u0219i tehnologic, <b>preg\u0103tind speciali\u0219ti<\/b> capabili s\u0103 fac\u0103 fa\u021b\u0103 provoc\u0103rilor economiei digitale.<\/p>\n<p>CSIE  dispune de s\u0103li dotate cu aparatur\u0103 modern\u0103,  unde studen\u021bii pot s\u0103-\u0219i dezvolte abilit\u0103\u021bile tehnice \u0219i analitice. Cu ajutorul corpului profesoral foarte implicat, ace\u0219tia pot s\u0103 \u00ee\u0219i ating\u0103 poten\u021bialul lor maxim, fiind bine preg\u0103ti\u021bi pentru momentul \u00een care toate cuno\u0219tin\u021bele acumulate pe parcursul anilor de studiu vor fi puse \u00een aplicare la locul de munc\u0103.<\/p>\n<p>Facultatea noastr\u0103 se concentreaz\u0103 pe crearea unui spa\u021biu academic deschis, care \u00eencurajeaz\u0103 inova\u021bia \u0219i \u00eenv\u0103\u021barea continu\u0103. Astfel, din ce \u00een ce mai mul\u021bi studen\u021bi sunt implica\u021bi \u00een proiecte cu grad \u00eenalt de aplicabilitate practic\u0103, unde au acces la resurse avansate, fiind astfel preg\u0103ti\u021bi pentru a da startul unei cariere de succes \u00een domenii economice \u0219i tehnologice. <\/p>\n<\/div><\/div>\t\t\t\t<\/div>\n\t\t\t\t<\/div>\n\t\t\t\t<div class=\"elementor-element elementor-element-2ac5a454 elementor-widget thim-ekits-heading elementor-widget-thim-heading\" data-id=\"2ac5a454\" data-element_type=\"widget\" data-widget_type=\"thim-heading.default\">\n\t\t\t\t<div class=\"elementor-widget-container\">\n\t\t\t\t\t<div class=\"sc_heading\"><h1 class=\"title\">Direc\u021bii Strategice <\/h1><\/div>\t\t\t\t<\/div>\n\t\t\t\t<\/div>\n\t\t\t\t<div class=\"elementor-element elementor-element-37142478 elementor-widget elementor-widget-thim-ekits-header-info\" data-id=\"37142478\" data-element_type=\"widget\" data-widget_type=\"thim-ekits-header-info.default\">\n\t\t\t\t<div class=\"elementor-widget-container\">\n\t\t\t\t\t\t\t<div class=\"header-info-swapper\">\n\t\t\t<ul class=\"thim-header-info\">\n\t\t\t\t\t\t\t\t\t\t<li>\n\t\t\t\t\t\t\t\t\t\t\t\t\t\t\t\t\t\t\t\t\t\t\t\t<span>\n\t\t\t\t\t\t\t\t\t<svg aria-hidden=\"true\" class=\"e-font-icon-svg e-far-dot-circle\" viewbox=\"0 0 512 512\" xmlns=\"http:\/\/www.w3.org\/2000\/svg\"><path d=\"M256 56c110.532 0 200 89.451 200 200 0 110.532-89.451 200-200 200-110.532 0-200-89.451-200-200 0-110.532 89.451-200 200-200m0-48C119.033 8 8 119.033 8 256s111.033 248 248 248 248-111.033 248-248S392.967 8 256 8zm0 168c-44.183 0-80 35.817-80 80s35.817 80 80 80 80-35.817 80-80-35.817-80-80-80z\"><\/path><\/svg>\t\t\t\t\t\t\t\t<\/span>\n\t\t\t\t\t\t\t\t\n\t\t\t\t\t\t\t\t<b>Inovare \u0219i Cercetare<\/b>: Sus\u021binem proiecte de cercetare avansat\u0103 \u0219i inovare, integr\u00e2nd noile tendin\u021be tehnologice \u0219i economice.\n\t\t\t\t\t\t\t\t\t\t\t\t\t\t<\/li>\n\t\t\t\t\t\t\t\t\t\t\t\t<li>\n\t\t\t\t\t\t\t\t\t\t\t\t\t\t\t\t\t\t\t\t\t\t\t\t<span>\n\t\t\t\t\t\t\t\t\t<svg aria-hidden=\"true\" class=\"e-font-icon-svg e-far-dot-circle\" viewbox=\"0 0 512 512\" xmlns=\"http:\/\/www.w3.org\/2000\/svg\"><path d=\"M256 56c110.532 0 200 89.451 200 200 0 110.532-89.451 200-200 200-110.532 0-200-89.451-200-200 0-110.532 89.451-200 200-200m0-48C119.033 8 8 119.033 8 256s111.033 248 248 248 248-111.033 248-248S392.967 8 256 8zm0 168c-44.183 0-80 35.817-80 80s35.817 80 80 80 80-35.817 80-80-35.817-80-80-80z\"><\/path><\/svg>\t\t\t\t\t\t\t\t<\/span>\n\t\t\t\t\t\t\t\t\n\t\t\t\t\t\t\t\t<b>Colabor\u0103ri Interna\u021bionale<\/b>: Dezvolt\u0103m parteneriate cu universit\u0103\u021bi \u0219i institu\u021bii de prestigiu din \u00eentreaga lume pentru a facilita schimbul de cuno\u0219tin\u021be \u0219i mobilitatea academic\u0103.\n\t\t\t\t\t\t\t\t\t\t\t\t\t\t<\/li>\n\t\t\t\t\t\t\t\t\t\t\t\t<li>\n\t\t\t\t\t\t\t\t\t\t\t\t\t\t\t\t\t\t\t\t\t\t\t\t<span>\n\t\t\t\t\t\t\t\t\t<svg aria-hidden=\"true\" class=\"e-font-icon-svg e-far-dot-circle\" viewbox=\"0 0 512 512\" xmlns=\"http:\/\/www.w3.org\/2000\/svg\"><path d=\"M256 56c110.532 0 200 89.451 200 200 0 110.532-89.451 200-200 200-110.532 0-200-89.451-200-200 0-110.532 89.451-200 200-200m0-48C119.033 8 8 119.033 8 256s111.033 248 248 248 248-111.033 248-248S392.967 8 256 8zm0 168c-44.183 0-80 35.817-80 80s35.817 80 80 80 80-35.817 80-80-35.817-80-80-80z\"><\/path><\/svg>\t\t\t\t\t\t\t\t<\/span>\n\t\t\t\t\t\t\t\t\n\t\t\t\t\t\t\t\t<b>Dezvoltare Curricular\u0103<\/b>: Ne adapt\u0103m programele de studiu pentru a fi \u00een conformitate cu cerin\u021bele pie\u021bei muncii \u0219i cu evolu\u021biile tehnologice.\n\t\t\t\t\t\t\t\t\t\t\t\t\t\t<\/li>\n\t\t\t\t\t\t\t\t\t\t\t\t<li>\n\t\t\t\t\t\t\t\t\t\t\t\t\t\t\t\t\t\t\t\t\t\t\t\t<span>\n\t\t\t\t\t\t\t\t\t<svg aria-hidden=\"true\" class=\"e-font-icon-svg e-far-dot-circle\" viewbox=\"0 0 512 512\" xmlns=\"http:\/\/www.w3.org\/2000\/svg\"><path d=\"M256 56c110.532 0 200 89.451 200 200 0 110.532-89.451 200-200 200-110.532 0-200-89.451-200-200 0-110.532 89.451-200 200-200m0-48C119.033 8 8 119.033 8 256s111.033 248 248 248 248-111.033 248-248S392.967 8 256 8zm0 168c-44.183 0-80 35.817-80 80s35.817 80 80 80 80-35.817 80-80-35.817-80-80-80z\"><\/path><\/svg>\t\t\t\t\t\t\t\t<\/span>\n\t\t\t\t\t\t\t\t\n\t\t\t\t\t\t\t\t<b>Implicare Comunitar\u0103<\/b>: Promov\u0103m responsabilitatea social\u0103 prin proiecte \u0219i ini\u021biative care aduc un plus de valoare comunit\u0103\u021bii.\n\t\t\t\t\t\t\t\t\t\t\t\t\t\t<\/li>\n\t\t\t\t\t\t\t\t\t<\/ul>\n\t\t<\/div>\n\t\t\t\t\t\t<\/div>\n\t\t\t\t<\/div>\n\t\t\t\t\t<\/div>\n\t\t<\/div>\n\t\t\t\t<div class=\"elementor-column elementor-col-33 elementor-top-column elementor-element elementor-element-b136a1a\" data-id=\"b136a1a\" data-element_type=\"column\">\n\t\t\t<div class=\"elementor-widget-wrap elementor-element-populated\">\n\t\t\t\t\t\t<div class=\"elementor-element elementor-element-7b7329d elementor-widget elementor-widget-text-editor\" data-id=\"7b7329d\" data-element_type=\"widget\" data-widget_type=\"text-editor.default\">\n\t\t\t\t<div class=\"elementor-widget-container\">\n\t\t\t\t\t\t\t\t\t<p><em><strong>ASE \u00een <\/strong><strong>2024:<\/strong><\/em><\/p><ul data-sourcepos=\"5:1-5:52\"><li data-sourcepos=\"5:1-5:52\"><span style=\"text-decoration: underline;\">Times Higher Education University Impact Rankings<\/span>: 401-600 din aproape 2000 de universit\u0103\u021bi evaluate\u00a0<\/li><li data-sourcepos=\"6:1-6:83\"><span style=\"text-decoration: underline;\">QS World University Rankings by Subject<\/span>: \u00een top 10% universit\u0103\u021bi la nivel mondial\u00a0<\/li><li data-sourcepos=\"7:1-7:30\"><span style=\"text-decoration: underline;\">Times Higher Education World University Rankings:<\/span> locul 1 \u00een Rom\u00e2nia \u0219i 801-1000 mondial pentru al 5-lea an consecutiv<\/li><li data-sourcepos=\"8:1-8:109\"><span style=\"text-decoration: underline;\">World Rankings for Best Universities for International Students<\/span>: pozi\u021bia 538 din 8052 universit\u0103\u021bi<\/li><li data-sourcepos=\"11:1-12:0\"><span style=\"text-decoration: underline;\">World&#8217;s Universities with Real Impact (WURI) Ranking<\/span>: locul 25 pentru Innovation in Entrepreneurial Spirit \u0219i 101-200 pentru Innovation<\/li><\/ul>\t\t\t\t\t\t\t\t<\/div>\n\t\t\t\t<\/div>\n\t\t\t\t\t<\/div>\n\t\t<\/div>\n\t\t\t\t\t<\/div>\n\t\t<\/section>\n\t\t<div class=\"elementor-element elementor-element-17eef1f e-grid e-con-boxed e-con e-parent\" data-id=\"17eef1f\" data-element_type=\"container\">\n\t\t\t\t\t<div class=\"e-con-inner\">\n\t\t\t\t<div class=\"elementor-element elementor-element-2e8e072 elementor-widget elementor-widget-counter\" data-id=\"2e8e072\" data-element_type=\"widget\" data-widget_type=\"counter.default\">\n\t\t\t\t<div class=\"elementor-widget-container\">\n\t\t\t\t\t\t\t<div class=\"elementor-counter\">\n\t\t\t<div class=\"elementor-counter-title\">Cadre didactice<\/div>\t\t\t<div class=\"elementor-counter-number-wrapper\">\n\t\t\t\t<span class=\"elementor-counter-number-prefix\"><\/span>\n\t\t\t\t<span class=\"elementor-counter-number\" data-duration=\"2000\" data-to-value=\"224\" data-from-value=\"0\" data-delimiter=\",\">0<\/span>\n\t\t\t\t<span class=\"elementor-counter-number-suffix\"><\/span>\n\t\t\t<\/div>\n\t\t<\/div>\n\t\t\t\t\t\t<\/div>\n\t\t\t\t<\/div>\n\t\t\t\t<div class=\"elementor-element elementor-element-64b192d elementor-widget elementor-widget-counter\" data-id=\"64b192d\" data-element_type=\"widget\" data-widget_type=\"counter.default\">\n\t\t\t\t<div class=\"elementor-widget-container\">\n\t\t\t\t\t\t\t<div class=\"elementor-counter\">\n\t\t\t<div class=\"elementor-counter-title\">Studen\u021bi str\u0103ini<\/div>\t\t\t<div class=\"elementor-counter-number-wrapper\">\n\t\t\t\t<span class=\"elementor-counter-number-prefix\">+<\/span>\n\t\t\t\t<span class=\"elementor-counter-number\" data-duration=\"2000\" data-to-value=\"1000\" data-from-value=\"0\" data-delimiter=\",\">0<\/span>\n\t\t\t\t<span class=\"elementor-counter-number-suffix\"><\/span>\n\t\t\t<\/div>\n\t\t<\/div>\n\t\t\t\t\t\t<\/div>\n\t\t\t\t<\/div>\n\t\t\t\t<div class=\"elementor-element elementor-element-fbcda1d elementor-widget elementor-widget-counter\" data-id=\"fbcda1d\" data-element_type=\"widget\" data-widget_type=\"counter.default\">\n\t\t\t\t<div class=\"elementor-widget-container\">\n\t\t\t\t\t\t\t<div class=\"elementor-counter\">\n\t\t\t<div class=\"elementor-counter-title\">Universit\u0103\u021bi partenere<\/div>\t\t\t<div class=\"elementor-counter-number-wrapper\">\n\t\t\t\t<span class=\"elementor-counter-number-prefix\"><\/span>\n\t\t\t\t<span class=\"elementor-counter-number\" data-duration=\"2000\" data-to-value=\"331\" data-from-value=\"0\" data-delimiter=\",\">0<\/span>\n\t\t\t\t<span class=\"elementor-counter-number-suffix\"><\/span>\n\t\t\t<\/div>\n\t\t<\/div>\n\t\t\t\t\t\t<\/div>\n\t\t\t\t<\/div>\n\t\t\t\t\t<\/div>\n\t\t\t\t<\/div>\n\t\t<div class=\"elementor-element elementor-element-924624d e-grid e-con-boxed e-con e-parent\" data-id=\"924624d\" data-element_type=\"container\">\n\t\t\t\t\t<div class=\"e-con-inner\">\n\t\t\t\t<div class=\"elementor-element elementor-element-e075854 thim-ekits-heading-text-left elementor-widget thim-ekits-heading elementor-widget-thim-heading\" data-id=\"e075854\" data-element_type=\"widget\" data-widget_type=\"thim-heading.default\">\n\t\t\t\t<div class=\"elementor-widget-container\">\n\t\t\t\t\t<div class=\"sc_heading text-left\"><div class=\"sub-heading\"><h2>Misiune<\/h2>\n<p><b>Misiunea noastr\u0103 ast\u0103zi<\/b> este de <b>a forma profesioni\u0219tii de m\u00e2ine<\/b>, care vor putea contribui la dezvoltarea economiei na\u021bionale \u0219i interna\u021bionale prin inova\u021bie, analiz\u0103 critic\u0103 \u0219i utilizarea eficient\u0103 a tehnologiilor avansate. Astfel, oferim un mediu academic stimulant, care promoveaz\u0103 excelen\u021ba \u00een educa\u021bie \u0219i cercetare.<\/p>\n<\/div><\/div>\t\t\t\t<\/div>\n\t\t\t\t<\/div>\n\t\t\t\t<div class=\"elementor-element elementor-element-342cb4e thim-ekits-heading-text-left elementor-widget thim-ekits-heading elementor-widget-thim-heading\" data-id=\"342cb4e\" data-element_type=\"widget\" data-widget_type=\"thim-heading.default\">\n\t\t\t\t<div class=\"elementor-widget-container\">\n\t\t\t\t\t<div class=\"sc_heading text-left\"><div class=\"sub-heading\"><h2>Viziune<\/h2>\n<p><b>Viziunea facult\u0103\u021bii<\/b> este s\u0103 devin\u0103 lider regional \u0219i interna\u021bional \u00een domeniul educa\u021biei economice, prin integrarea tehnologiei \u0219i a inova\u021biei \u00een programele noastre de studiu. Un alt obiectiv este consolidarea rolului \u00een dezvoltarea unei societ\u0103\u021bi bazate pe cunoa\u0219tere \u0219i inova\u021bie.<\/p>\n<\/div><\/div>\t\t\t\t<\/div>\n\t\t\t\t<\/div>\n\t\t\t\t<div class=\"elementor-element elementor-element-c8642fe thim-ekits-heading-text-left elementor-widget thim-ekits-heading elementor-widget-thim-heading\" data-id=\"c8642fe\" data-element_type=\"widget\" data-widget_type=\"thim-heading.default\">\n\t\t\t\t<div class=\"elementor-widget-container\">\n\t\t\t\t\t<div class=\"sc_heading text-left\"><div class=\"sub-heading\"><h2>Scop<\/h2>\n<p><b>Principalul scop al facult\u0103\u021bii<\/b> este ca studen\u021bii s\u0103 aib\u0103 cuno\u0219tin\u021be teoretice \u0219i practice solide, pentru a putea deveni lideri \u0219i speciali\u0219ti \u00een domenii precum cibernetica economic\u0103, statistic\u0103 aplicat\u0103 \u0219i informatic\u0103 economic\u0103. CSIE sus\u021bine mediul de \u00eenv\u0103\u021bare colaborativ, \u00eencuraj\u00e2nd g\u00e2ndirea critic\u0103 \u0219i dezvoltarea personal\u0103.<\/p>\n<\/div><\/div>\t\t\t\t<\/div>\n\t\t\t\t<\/div>\n\t\t\t\t\t<\/div>\n\t\t\t\t<\/div>\n\t\t<div class=\"elementor-element elementor-element-3efdd74 e-flex e-con-boxed e-con e-parent\" data-id=\"3efdd74\" data-element_type=\"container\">\n\t\t\t\t\t<div class=\"e-con-inner\">\n\t\t\t\t<div class=\"elementor-element elementor-element-a0be31e elementor-arrows-position-inside elementor-pagination-position-outside elementor-widget elementor-widget-image-carousel\" data-id=\"a0be31e\" data-element_type=\"widget\" data-settings=\"{&quot;navigation&quot;:&quot;both&quot;,&quot;autoplay&quot;:&quot;yes&quot;,&quot;pause_on_hover&quot;:&quot;yes&quot;,&quot;pause_on_interaction&quot;:&quot;yes&quot;,&quot;autoplay_speed&quot;:5000,&quot;infinite&quot;:&quot;yes&quot;,&quot;speed&quot;:500}\" data-widget_type=\"image-carousel.default\">\n\t\t\t\t<div class=\"elementor-widget-container\">\n\t\t\t\t\t\t\t<div class=\"elementor-image-carousel-wrapper swiper\" role=\"region\" aria-roledescription=\"carousel\" aria-label=\"Carusel de imagini\" dir=\"ltr\">\n\t\t\t<div class=\"elementor-image-carousel swiper-wrapper\" aria-live=\"off\">\n\t\t\t\t\t\t\t\t<div class=\"swiper-slide\" role=\"group\" aria-roledescription=\"slide\" aria-label=\"1 of 5\" data-no-translation-aria-label=\"\"><figure class=\"swiper-slide-inner\"><img decoding=\"async\" class=\"swiper-slide-image\" src=\"https:\/\/temp.csie.ase.ro\/wp-content\/uploads\/2024\/06\/vodafone-romania-i-ase-bucure-ti-inaugureaza-noul-laborator-de-informatica-din-cladirea-virgil-madgearu-12028-400x300.jpg\" alt=\"vodafone-romania-i-ase-bucure-ti-inaugureaza-noul-laborator-de-informatica-din-cladirea-virgil-madgearu-12028\" \/><\/figure><\/div><div class=\"swiper-slide\" role=\"group\" aria-roledescription=\"slide\" aria-label=\"2 of 5\" data-no-translation-aria-label=\"\"><figure class=\"swiper-slide-inner\"><img decoding=\"async\" class=\"swiper-slide-image\" src=\"https:\/\/temp.csie.ase.ro\/wp-content\/uploads\/2024\/09\/DSC00619-400x300.jpg\" alt=\"DSC00619\" \/><\/figure><\/div><div class=\"swiper-slide\" role=\"group\" aria-roledescription=\"slide\" aria-label=\"3 of 5\" data-no-translation-aria-label=\"\"><figure class=\"swiper-slide-inner\"><img decoding=\"async\" class=\"swiper-slide-image\" src=\"https:\/\/temp.csie.ase.ro\/wp-content\/uploads\/2024\/09\/DSC00756-400x300.jpg\" alt=\"DSC00756\" \/><\/figure><\/div><div class=\"swiper-slide\" role=\"group\" aria-roledescription=\"slide\" aria-label=\"4 of 5\" data-no-translation-aria-label=\"\"><figure class=\"swiper-slide-inner\"><img decoding=\"async\" class=\"swiper-slide-image\" src=\"https:\/\/temp.csie.ase.ro\/wp-content\/uploads\/2024\/06\/01-400x300.jpg\" alt=\"01\" \/><\/figure><\/div><div class=\"swiper-slide\" role=\"group\" aria-roledescription=\"slide\" aria-label=\"5 of 5\" data-no-translation-aria-label=\"\"><figure class=\"swiper-slide-inner\"><img decoding=\"async\" class=\"swiper-slide-image\" src=\"https:\/\/temp.csie.ase.ro\/wp-content\/uploads\/2024\/09\/DSC00767-400x300.jpg\" alt=\"DSC00767\" \/><\/figure><\/div>\t\t\t<\/div>\n\t\t\t\t\t\t\t\t\t\t\t\t<div class=\"elementor-swiper-button elementor-swiper-button-prev\" role=\"button\" tabindex=\"0\">\n\t\t\t\t\t\t<svg aria-hidden=\"true\" class=\"e-font-icon-svg e-eicon-chevron-left\" viewbox=\"0 0 1000 1000\" xmlns=\"http:\/\/www.w3.org\/2000\/svg\"><path d=\"M646 125C629 125 613 133 604 142L308 442C296 454 292 471 292 487 292 504 296 521 308 533L604 854C617 867 629 875 646 875 663 875 679 871 692 858 704 846 713 829 713 812 713 796 708 779 692 767L438 487 692 225C700 217 708 204 708 187 708 171 704 154 692 142 675 129 663 125 646 125Z\"><\/path><\/svg>\t\t\t\t\t<\/div>\n\t\t\t\t\t<div class=\"elementor-swiper-button elementor-swiper-button-next\" role=\"button\" tabindex=\"0\">\n\t\t\t\t\t\t<svg aria-hidden=\"true\" class=\"e-font-icon-svg e-eicon-chevron-right\" viewbox=\"0 0 1000 1000\" xmlns=\"http:\/\/www.w3.org\/2000\/svg\"><path d=\"M696 533C708 521 713 504 713 487 713 471 708 454 696 446L400 146C388 133 375 125 354 125 338 125 325 129 313 142 300 154 292 171 292 187 292 204 296 221 308 233L563 492 304 771C292 783 288 800 288 817 288 833 296 850 308 863 321 871 338 875 354 875 371 875 388 867 400 854L696 533Z\"><\/path><\/svg>\t\t\t\t\t<\/div>\n\t\t\t\t\n\t\t\t\t\t\t\t\t\t<div class=\"swiper-pagination\"><\/div>\n\t\t\t\t\t\t\t\t\t<\/div>\n\t\t\t\t\t\t<\/div>\n\t\t\t\t<\/div>\n\t\t\t\t\t<\/div>\n\t\t\t\t<\/div>\n\t\t<div class=\"elementor-element elementor-element-762dd82 e-flex e-con-boxed e-con e-parent\" data-id=\"762dd82\" data-element_type=\"container\">\n\t\t\t\t\t<div class=\"e-con-inner\">\n\t\t\t\t<div class=\"elementor-element elementor-element-5d0ff44 elementor-widget elementor-widget-heading\" data-id=\"5d0ff44\" data-element_type=\"widget\" data-widget_type=\"heading.default\">\n\t\t\t\t<div class=\"elementor-widget-container\">\n\t\t\t\t\t<h1 class=\"elementor-heading-title elementor-size-default\">Alege un lider \u0219i vei deveni un lider!<\/h1>\t\t\t\t<\/div>\n\t\t\t\t<\/div>\n\t\t\t\t\t<\/div>\n\t\t\t\t<\/div>\n\t\t\t\t<\/div>","protected":false},"excerpt":{"rendered":"<p>Facultatea de Cibernetic\u0103, Statistic\u0103 \u0219i Informatic\u0103 Economic\u0103 din cadrul Academiei de Studii Economice din Bucure\u0219ti este un pilon al educa\u021biei superioare \u00een domeniul economic \u0219i tehnologic, preg\u0103tind speciali\u0219ti capabili s\u0103 fac\u0103 fa\u021b\u0103 provoc\u0103rilor economiei digitale. CSIE dispune de s\u0103li dotate &hellip; <\/p>","protected":false},"author":2,"featured_media":0,"parent":0,"menu_order":0,"comment_status":"closed","ping_status":"closed","template":"elementor_theme","meta":{"footnotes":""},"class_list":["post-10426","page","type-page","status-publish","hentry"],"_links":{"self":[{"href":"https:\/\/temp.csie.ase.ro\/en\/wp-json\/wp\/v2\/pages\/10426","targetHints":{"allow":["GET"]}}],"collection":[{"href":"https:\/\/temp.csie.ase.ro\/en\/wp-json\/wp\/v2\/pages"}],"about":[{"href":"https:\/\/temp.csie.ase.ro\/en\/wp-json\/wp\/v2\/types\/page"}],"author":[{"embeddable":true,"href":"https:\/\/temp.csie.ase.ro\/en\/wp-json\/wp\/v2\/users\/2"}],"replies":[{"embeddable":true,"href":"https:\/\/temp.csie.ase.ro\/en\/wp-json\/wp\/v2\/comments?post=10426"}],"version-history":[{"count":58,"href":"https:\/\/temp.csie.ase.ro\/en\/wp-json\/wp\/v2\/pages\/10426\/revisions"}],"predecessor-version":[{"id":20640,"href":"https:\/\/temp.csie.ase.ro\/en\/wp-json\/wp\/v2\/pages\/10426\/revisions\/20640"}],"wp:attachment":[{"href":"https:\/\/temp.csie.ase.ro\/en\/wp-json\/wp\/v2\/media?parent=10426"}],"curies":[{"name":"wp","href":"https:\/\/api.w.org\/{rel}","templated":true}]}}