{"id":18726,"date":"2024-06-30T16:14:10","date_gmt":"2024-06-30T16:14:10","guid":{"rendered":"https:\/\/temp.csie.ase.ro\/?page_id=18726"},"modified":"2024-09-28T20:57:41","modified_gmt":"2024-09-28T20:57:41","slug":"licenta","status":"publish","type":"page","link":"https:\/\/temp.csie.ase.ro\/en\/programe\/licenta","title":{"rendered":"Licen\u021b\u0103"},"content":{"rendered":"<div data-elementor-type=\"wp-page\" data-elementor-id=\"18726\" class=\"elementor elementor-18726\">\n\t\t\t\t<div class=\"elementor-element elementor-element-4fc80d8 e-flex e-con-boxed e-con e-parent\" data-id=\"4fc80d8\" data-element_type=\"container\">\n\t\t\t\t\t<div class=\"e-con-inner\">\n\t\t\t\t<div class=\"elementor-element elementor-element-2c316c0 elementor-widget elementor-widget-text-editor\" data-id=\"2c316c0\" data-element_type=\"widget\" data-widget_type=\"text-editor.default\">\n\t\t\t\t<div class=\"elementor-widget-container\">\n\t\t\t\t\t\t\t\t\t<h6>Facultatea de Cibernetic\u0103, Statistic\u0103 \u0219i Informatic\u0103 Economic\u0103 ofer\u0103 urm\u0103toarele programe de licen\u021b\u0103:<\/h6>\t\t\t\t\t\t\t\t<\/div>\n\t\t\t\t<\/div>\n\t\t\t\t\t<\/div>\n\t\t\t\t<\/div>\n\t\t<div class=\"elementor-element elementor-element-21517f7 e-flex e-con-boxed e-con e-parent\" data-id=\"21517f7\" data-element_type=\"container\">\n\t\t\t\t\t<div class=\"e-con-inner\">\n\t\t\t\t<div class=\"elementor-element elementor-element-7d038ee elementor-widget elementor-widget-heading\" data-id=\"7d038ee\" data-element_type=\"widget\" data-widget_type=\"heading.default\">\n\t\t\t\t<div class=\"elementor-widget-container\">\n\t\t\t\t\t<h2 class=\"elementor-heading-title elementor-size-default\">Business Informatics<\/h2>\t\t\t\t<\/div>\n\t\t\t\t<\/div>\n\t\t\t\t\t<\/div>\n\t\t\t\t<\/div>\n\t\t<div class=\"elementor-element elementor-element-d8476eb e-flex e-con-boxed e-con e-parent\" data-id=\"d8476eb\" data-element_type=\"container\">\n\t\t\t\t\t<div class=\"e-con-inner\">\n\t\t\t\t<div class=\"elementor-element elementor-element-820c75e elementor-widget elementor-widget-text-editor\" data-id=\"820c75e\" data-element_type=\"widget\" data-widget_type=\"text-editor.default\">\n\t\t\t\t<div class=\"elementor-widget-container\">\n\t\t\t\t\t\t\t\t\t<p data-sourcepos=\"11:1-11:119\">Te pasioneaz\u0103 tehnologia \u0219i vrei s\u0103 construie\u0219ti aplica\u021bii care eficientizeaz\u0103 afacerile?<\/p><ul data-sourcepos=\"13:1-16:0\"><li data-sourcepos=\"13:1-13:154\"><strong>Devii specialist \u00een:<\/strong> dezvoltarea de software performant, administrarea bazelor de date \u0219i analiza datelor pentru extragerea de informa\u021bii valoroase.<\/li><li data-sourcepos=\"14:1-14:156\"><strong>Po\u021bi lucra \u00een domenii precum:<\/strong> dezvoltare software (web, mobil), business intelligence (analiza datelor de afaceri) sau e-commerce (comer\u021b electronic).<\/li><li data-sourcepos=\"15:1-16:0\"><strong>Vei st\u0103p\u00e2ni:<\/strong> programarea avansat\u0103, gestionarea bazelor de date, analiza datelor \u0219i tehnicile de marketing online.<\/li><\/ul>\t\t\t\t\t\t\t\t<\/div>\n\t\t\t\t<\/div>\n\t\t\t\t\t<\/div>\n\t\t\t\t<\/div>\n\t\t<div class=\"elementor-element elementor-element-c46590e e-flex e-con-boxed e-con e-parent\" data-id=\"c46590e\" data-element_type=\"container\">\n\t\t\t\t\t<div class=\"e-con-inner\">\n\t\t\t\t<div class=\"elementor-element elementor-element-8f44831 elementor-align-left elementor-widget elementor-widget-button\" data-id=\"8f44831\" data-element_type=\"widget\" data-widget_type=\"button.default\">\n\t\t\t\t<div class=\"elementor-widget-container\">\n\t\t\t\t\t\t\t\t\t<div class=\"elementor-button-wrapper\">\n\t\t\t\t\t<a class=\"elementor-button elementor-button-link elementor-size-sm\" href=\"\/licenta\/informatica-economica\/\">\n\t\t\t\t\t\t<span class=\"elementor-button-content-wrapper\">\n\t\t\t\t\t\t\t\t\t<span class=\"elementor-button-text\">Mai multe detalii<\/span>\n\t\t\t\t\t<\/span>\n\t\t\t\t\t<\/a>\n\t\t\t\t<\/div>\n\t\t\t\t\t\t\t\t<\/div>\n\t\t\t\t<\/div>\n\t\t\t\t\t<\/div>\n\t\t\t\t<\/div>\n\t\t<div class=\"elementor-element elementor-element-5b334ac e-flex e-con-boxed e-con e-parent\" data-id=\"5b334ac\" data-element_type=\"container\">\n\t\t\t\t\t<div class=\"e-con-inner\">\n\t\t\t\t<div class=\"elementor-element elementor-element-3e76dde elementor-widget elementor-widget-heading\" data-id=\"3e76dde\" data-element_type=\"widget\" data-widget_type=\"heading.default\">\n\t\t\t\t<div class=\"elementor-widget-container\">\n\t\t\t\t\t<h2 class=\"elementor-heading-title elementor-size-default\">Informatic\u0103 Economic\u0103 \/ Business Informatics (englez\u0103)<\/h2>\t\t\t\t<\/div>\n\t\t\t\t<\/div>\n\t\t\t\t\t<\/div>\n\t\t\t\t<\/div>\n\t\t<div class=\"elementor-element elementor-element-ea3b8b4 e-flex e-con-boxed e-con e-parent\" data-id=\"ea3b8b4\" data-element_type=\"container\">\n\t\t\t\t\t<div class=\"e-con-inner\">\n\t\t\t\t<div class=\"elementor-element elementor-element-905fe9b elementor-widget elementor-widget-text-editor\" data-id=\"905fe9b\" data-element_type=\"widget\" data-widget_type=\"text-editor.default\">\n\t\t\t\t<div class=\"elementor-widget-container\">\n\t\t\t\t\t\t\t\t\t<p data-sourcepos=\"11:1-11:119\">Embrace the digital era and become a highly sought-after specialist in the dynamic field of Business Informatics with our English-language program<\/p><ul><li data-sourcepos=\"7:1-7:133\"><strong>Master cutting-edge IT skills:<\/strong> Develop expertise in software development, database management, and data analysis, preparing you to tackle complex business challenges.<\/li><li data-sourcepos=\"8:1-8:135\"><strong>Delve into data-driven decision making:<\/strong> Harness the power of data to extract valuable insights, enabling informed decision-making and strategic business growth.<\/li><li data-sourcepos=\"9:1-10:0\"><strong>Become an e-commerce specialist:<\/strong> Design, implement, and manage e-commerce platforms, driving online sales and propelling businesses into the digital forefront.<\/li><\/ul>\t\t\t\t\t\t\t\t<\/div>\n\t\t\t\t<\/div>\n\t\t\t\t\t<\/div>\n\t\t\t\t<\/div>\n\t\t<div class=\"elementor-element elementor-element-581d4b6 e-flex e-con-boxed e-con e-parent\" data-id=\"581d4b6\" data-element_type=\"container\">\n\t\t\t\t\t<div class=\"e-con-inner\">\n\t\t\t\t<div class=\"elementor-element elementor-element-5e9d30b elementor-align-left elementor-widget elementor-widget-button\" data-id=\"5e9d30b\" data-element_type=\"widget\" data-widget_type=\"button.default\">\n\t\t\t\t<div class=\"elementor-widget-container\">\n\t\t\t\t\t\t\t\t\t<div class=\"elementor-button-wrapper\">\n\t\t\t\t\t<a class=\"elementor-button elementor-button-link elementor-size-sm\" href=\"\/licenta\/economic-informatics\">\n\t\t\t\t\t\t<span class=\"elementor-button-content-wrapper\">\n\t\t\t\t\t\t\t\t\t<span class=\"elementor-button-text\">More information<\/span>\n\t\t\t\t\t<\/span>\n\t\t\t\t\t<\/a>\n\t\t\t\t<\/div>\n\t\t\t\t\t\t\t\t<\/div>\n\t\t\t\t<\/div>\n\t\t\t\t\t<\/div>\n\t\t\t\t<\/div>\n\t\t<div class=\"elementor-element elementor-element-2e9751d e-flex e-con-boxed e-con e-parent\" data-id=\"2e9751d\" data-element_type=\"container\">\n\t\t\t\t\t<div class=\"e-con-inner\">\n\t\t\t\t<div class=\"elementor-element elementor-element-6dc417f elementor-widget elementor-widget-heading\" data-id=\"6dc417f\" data-element_type=\"widget\" data-widget_type=\"heading.default\">\n\t\t\t\t<div class=\"elementor-widget-container\">\n\t\t\t\t\t<h2 class=\"elementor-heading-title elementor-size-default\">Economic Cybernetics<\/h2>\t\t\t\t<\/div>\n\t\t\t\t<\/div>\n\t\t\t\t\t<\/div>\n\t\t\t\t<\/div>\n\t\t<div class=\"elementor-element elementor-element-9f8dd8a e-flex e-con-boxed e-con e-parent\" data-id=\"9f8dd8a\" data-element_type=\"container\">\n\t\t\t\t\t<div class=\"e-con-inner\">\n\t\t\t\t<div class=\"elementor-element elementor-element-69533a2 elementor-widget elementor-widget-text-editor\" data-id=\"69533a2\" data-element_type=\"widget\" data-widget_type=\"text-editor.default\">\n\t\t\t\t<div class=\"elementor-widget-container\">\n\t\t\t\t\t\t\t\t\t<p data-sourcepos=\"5:1-5:127\">Vrei s\u0103 \u00een\u021belegi cum func\u021bioneaz\u0103 economia prin puterea matematicii \u0219i inteligen\u021bei artificiale?<\/p><ul data-sourcepos=\"7:1-10:0\"><li data-sourcepos=\"7:1-7:138\"><strong>Devii expert \u00een:<\/strong> modelarea matematic\u0103 a sistemelor economice, optimizarea proceselor \u0219i luarea deciziilor strategice bazate pe date.<\/li><li data-sourcepos=\"8:1-8:122\"><strong>Imagine-\u021bi cariera ta \u00een:<\/strong> analiz\u0103 financiar\u0103, managementul logistic sau dezvoltarea de sisteme de suport decizional.<\/li><li data-sourcepos=\"9:1-10:0\"><strong>Dezvol\u021bi abilit\u0103\u021bi precum:<\/strong> g\u00e2ndire analitic\u0103 \u0219i creativ\u0103, programare \u0219i modelare matematic\u0103, plus o baz\u0103 solid\u0103 de economie \u0219i management.<\/li><\/ul>\t\t\t\t\t\t\t\t<\/div>\n\t\t\t\t<\/div>\n\t\t\t\t\t<\/div>\n\t\t\t\t<\/div>\n\t\t<div class=\"elementor-element elementor-element-aa879eb e-flex e-con-boxed e-con e-parent\" data-id=\"aa879eb\" data-element_type=\"container\">\n\t\t\t\t\t<div class=\"e-con-inner\">\n\t\t\t\t<div class=\"elementor-element elementor-element-1319048 elementor-align-left elementor-widget elementor-widget-button\" data-id=\"1319048\" data-element_type=\"widget\" data-widget_type=\"button.default\">\n\t\t\t\t<div class=\"elementor-widget-container\">\n\t\t\t\t\t\t\t\t\t<div class=\"elementor-button-wrapper\">\n\t\t\t\t\t<a class=\"elementor-button elementor-button-link elementor-size-sm\" href=\"\/licenta\/cibernetica\">\n\t\t\t\t\t\t<span class=\"elementor-button-content-wrapper\">\n\t\t\t\t\t\t\t\t\t<span class=\"elementor-button-text\">Mai multe detalii<\/span>\n\t\t\t\t\t<\/span>\n\t\t\t\t\t<\/a>\n\t\t\t\t<\/div>\n\t\t\t\t\t\t\t\t<\/div>\n\t\t\t\t<\/div>\n\t\t\t\t\t<\/div>\n\t\t\t\t<\/div>\n\t\t<div class=\"elementor-element elementor-element-f6676ba e-flex e-con-boxed e-con e-parent\" data-id=\"f6676ba\" data-element_type=\"container\">\n\t\t\t\t\t<div class=\"e-con-inner\">\n\t\t\t\t<div class=\"elementor-element elementor-element-5b72cc0 elementor-widget elementor-widget-heading\" data-id=\"5b72cc0\" data-element_type=\"widget\" data-widget_type=\"heading.default\">\n\t\t\t\t<div class=\"elementor-widget-container\">\n\t\t\t\t\t<h2 class=\"elementor-heading-title elementor-size-default\">Statistic\u0103 \u0219i Previziune Economic\u0103<\/h2>\t\t\t\t<\/div>\n\t\t\t\t<\/div>\n\t\t\t\t\t<\/div>\n\t\t\t\t<\/div>\n\t\t<div class=\"elementor-element elementor-element-2fda719 e-flex e-con-boxed e-con e-parent\" data-id=\"2fda719\" data-element_type=\"container\">\n\t\t\t\t\t<div class=\"e-con-inner\">\n\t\t\t\t<div class=\"elementor-element elementor-element-55170d9 elementor-widget elementor-widget-text-editor\" data-id=\"55170d9\" data-element_type=\"widget\" data-widget_type=\"text-editor.default\">\n\t\t\t\t<div class=\"elementor-widget-container\">\n\t\t\t\t\t\t\t\t\t<p data-sourcepos=\"17:1-17:150\">E\u0219ti curios s\u0103 descoperi tendin\u021bele economice \u0219i s\u0103 faci previziuni care influen\u021beaz\u0103 deciziile importante?<\/p><ul data-sourcepos=\"19:1-21:68\"><li data-sourcepos=\"19:1-19:157\"><strong>Devii expert \u00een:<\/strong> metode statistice avansate pentru analiza datelor economice \u0219i sociale, identificarea tendin\u021belor \u0219i realizarea de previziuni precise.<\/li><li data-sourcepos=\"20:1-20:130\"><strong>Te a\u0219teapt\u0103 o carier\u0103 \u00een:<\/strong> cercetare economic\u0103, previziune economic\u0103, analiza riscurilor sau realizarea de sondaje de opinie.<\/li><li data-sourcepos=\"21:1-21:68\"><strong>Dezvol\u021bi abilit\u0103\u021bi precum:<\/strong> analiza datelor complexe, modelarea statistic\u0103 \u0219i econometric\u0103, \u00een\u021belegerea factorilor care influen\u021beaz\u0103 economia.<\/li><\/ul>\t\t\t\t\t\t\t\t<\/div>\n\t\t\t\t<\/div>\n\t\t\t\t\t<\/div>\n\t\t\t\t<\/div>\n\t\t<div class=\"elementor-element elementor-element-033463d e-flex e-con-boxed e-con e-parent\" data-id=\"033463d\" data-element_type=\"container\">\n\t\t\t\t\t<div class=\"e-con-inner\">\n\t\t\t\t<div class=\"elementor-element elementor-element-44cb922 elementor-align-left elementor-widget elementor-widget-button\" data-id=\"44cb922\" data-element_type=\"widget\" data-widget_type=\"button.default\">\n\t\t\t\t<div class=\"elementor-widget-container\">\n\t\t\t\t\t\t\t\t\t<div class=\"elementor-button-wrapper\">\n\t\t\t\t\t<a class=\"elementor-button elementor-button-link elementor-size-sm\" href=\"\/licenta\/statistica\">\n\t\t\t\t\t\t<span class=\"elementor-button-content-wrapper\">\n\t\t\t\t\t\t\t\t\t<span class=\"elementor-button-text\">Mai multe detalii<\/span>\n\t\t\t\t\t<\/span>\n\t\t\t\t\t<\/a>\n\t\t\t\t<\/div>\n\t\t\t\t\t\t\t\t<\/div>\n\t\t\t\t<\/div>\n\t\t\t\t\t<\/div>\n\t\t\t\t<\/div>\n\t\t\t\t<\/div>","protected":false},"excerpt":{"rendered":"<p>Facultatea de Cibernetic\u0103, Statistic\u0103 \u0219i Informatic\u0103 Economic\u0103 ofer\u0103 urm\u0103toarele programe de licen\u021b\u0103: Informatic\u0103 Economic\u0103 Te pasioneaz\u0103 tehnologia \u0219i vrei s\u0103 construie\u0219ti aplica\u021bii care eficientizeaz\u0103 afacerile? Devii specialist \u00een: dezvoltarea de software performant, administrarea bazelor de date \u0219i analiza datelor pentru &hellip; <\/p>","protected":false},"author":16,"featured_media":0,"parent":10406,"menu_order":0,"comment_status":"closed","ping_status":"closed","template":"","meta":{"footnotes":""},"class_list":["post-18726","page","type-page","status-publish","hentry"],"_links":{"self":[{"href":"https:\/\/temp.csie.ase.ro\/en\/wp-json\/wp\/v2\/pages\/18726","targetHints":{"allow":["GET"]}}],"collection":[{"href":"https:\/\/temp.csie.ase.ro\/en\/wp-json\/wp\/v2\/pages"}],"about":[{"href":"https:\/\/temp.csie.ase.ro\/en\/wp-json\/wp\/v2\/types\/page"}],"author":[{"embeddable":true,"href":"https:\/\/temp.csie.ase.ro\/en\/wp-json\/wp\/v2\/users\/16"}],"replies":[{"embeddable":true,"href":"https:\/\/temp.csie.ase.ro\/en\/wp-json\/wp\/v2\/comments?post=18726"}],"version-history":[{"count":50,"href":"https:\/\/temp.csie.ase.ro\/en\/wp-json\/wp\/v2\/pages\/18726\/revisions"}],"predecessor-version":[{"id":20359,"href":"https:\/\/temp.csie.ase.ro\/en\/wp-json\/wp\/v2\/pages\/18726\/revisions\/20359"}],"up":[{"embeddable":true,"href":"https:\/\/temp.csie.ase.ro\/en\/wp-json\/wp\/v2\/pages\/10406"}],"wp:attachment":[{"href":"https:\/\/temp.csie.ase.ro\/en\/wp-json\/wp\/v2\/media?parent=18726"}],"curies":[{"name":"wp","href":"https:\/\/api.w.org\/{rel}","templated":true}]}}