{"id":19032,"date":"2024-06-30T17:27:45","date_gmt":"2024-06-30T17:27:45","guid":{"rendered":"https:\/\/temp.csie.ase.ro\/?page_id=19032"},"modified":"2024-09-28T21:09:24","modified_gmt":"2024-09-28T21:09:24","slug":"doctorat","status":"publish","type":"page","link":"https:\/\/temp.csie.ase.ro\/en\/doctorat","title":{"rendered":"PHD"},"content":{"rendered":"<div data-elementor-type=\"wp-page\" data-elementor-id=\"19032\" class=\"elementor elementor-19032\">\n\t\t\t\t<div class=\"elementor-element elementor-element-86826ab e-flex e-con-boxed e-con e-parent\" data-id=\"86826ab\" data-element_type=\"container\">\n\t\t\t\t\t<div class=\"e-con-inner\">\n\t\t\t\t<div class=\"elementor-element elementor-element-d982ccc elementor-widget elementor-widget-heading\" data-id=\"d982ccc\" data-element_type=\"widget\" data-widget_type=\"heading.default\">\n\t\t\t\t<div class=\"elementor-widget-container\">\n\t\t\t\t\t<h2 class=\"elementor-heading-title elementor-size-default\">Business Informatics<\/h2>\t\t\t\t<\/div>\n\t\t\t\t<\/div>\n\t\t\t\t\t<\/div>\n\t\t\t\t<\/div>\n\t\t<div class=\"elementor-element elementor-element-9fd6191 e-flex e-con-boxed e-con e-parent\" data-id=\"9fd6191\" data-element_type=\"container\">\n\t\t\t\t\t<div class=\"e-con-inner\">\n\t\t\t\t<div class=\"elementor-element elementor-element-760e879 elementor-widget elementor-widget-text-editor\" data-id=\"760e879\" data-element_type=\"widget\" data-widget_type=\"text-editor.default\">\n\t\t\t\t<div class=\"elementor-widget-container\">\n\t\t\t\t\t\t\t\t\t<p>Istoria Scolii Doctorale de Informatica Economica este str\u00e2ns legata de istoria Facult\u0103\u021bii de Cibernetic\u0103, Statistic\u0103 \u015fi Informatic\u0103 Economic\u0103. Primele teze de doctorat au fost facute \u00een domeniul statisticii. In anii 1956-1965, la specializarea Statistica teoretica au fost conferite \u0219apte titluri de candidat \u00een \u0219tiin\u021be (echivalentul actual al titlului de doctor), iar la specializarea Planificarea economiei na\u021bionale, opt astfel de titluri. Dup\u0103 \u00eenfiin\u021barea facult\u0103\u021bii, \u00een anul 1967, au fost sus\u021binute urm\u0103toarele domenii de doctorat: Planificarea economiei nationale, Calcul economic si cibernetica economica, Statistica economica si teoretica. In perioada 2000-2004 facultatea a gestionat un domeniu unic de doctorat, Cibernetica si statistica economica, cu trei specializari: Cibernetica economica, Informatica economica, Statistica economica. Din 2008 preg\u0103tirea doctorala se realizeaza \u00een doua domenii: Informatica economica si Cibernetica si statistica economica. Din acest an se \u00eenfiin\u021beaz\u0103 Scoala Doctorala de Informatica Economica cu un numar mare de conducatori de doctorat. Temele de cercetare doctorala sunt variate si sunt propuse din domeniile de v\u00e2rf ale Tehnologiei Informa\u021biei cu aplicabilitate preponderenta \u00een domeniul economic.<\/p><h3 class=\"wp-block-heading\">Consiliul \u0218colii Doctorale \u2013 Informatic\u0103 Economic\u0103<\/h3><ol><li>Prof. univ. dr. Marian STOICA \u2013 Director<\/li><li>Prof. univ. dr. Adela B\u00c2RA \u2013 Membru<\/li><li>VACANT \u2013 Membru intern<\/li><li>Acad.dr. Florin Gheorghe FILIP \u2013 Membru<\/li><li>CSP1 dr. Alexandru BALOG \u2013 Membru<\/li><li>Nicolae Gabriel VASILESCU \u2013 Reprezentantul studen\u0163ilor doctoranzi<\/li><\/ol><p>Pentru mai multe informatii puteti consulta <a href=\"https:\/\/sdie.ase.ro\/\" target=\"_blank\" rel=\"noreferrer noopener\">https:\/\/sdie.ase.ro\/<\/a> si <a href=\"http:\/\/doctorat.ase.ro\/informatica\" target=\"_blank\" rel=\"noreferrer noopener\">http:\/\/doctorat.ase.ro\/informatica<\/a><\/p>\t\t\t\t\t\t\t\t<\/div>\n\t\t\t\t<\/div>\n\t\t\t\t\t<\/div>\n\t\t\t\t<\/div>\n\t\t<div class=\"elementor-element elementor-element-a211a8a e-flex e-con-boxed e-con e-parent\" data-id=\"a211a8a\" data-element_type=\"container\">\n\t\t\t\t\t<div class=\"e-con-inner\">\n\t\t\t\t<div class=\"elementor-element elementor-element-acc919a elementor-widget elementor-widget-heading\" data-id=\"acc919a\" data-element_type=\"widget\" data-widget_type=\"heading.default\">\n\t\t\t\t<div class=\"elementor-widget-container\">\n\t\t\t\t\t<h2 class=\"elementor-heading-title elementor-size-default\">Cibernetic\u0103 \u0219i Statistic\u0103 Economic\u0103<\/h2>\t\t\t\t<\/div>\n\t\t\t\t<\/div>\n\t\t\t\t\t<\/div>\n\t\t\t\t<\/div>\n\t\t<div class=\"elementor-element elementor-element-7f03e76 e-flex e-con-boxed e-con e-parent\" data-id=\"7f03e76\" data-element_type=\"container\">\n\t\t\t\t\t<div class=\"e-con-inner\">\n\t\t\t\t<div class=\"elementor-element elementor-element-4bcdaab elementor-widget elementor-widget-text-editor\" data-id=\"4bcdaab\" data-element_type=\"widget\" data-widget_type=\"text-editor.default\">\n\t\t\t\t<div class=\"elementor-widget-container\">\n\t\t\t\t\t\t\t\t\t<p>Istoria Scolii Doctorale de Cibernetica si Statistica este strans legata de istoria Facultatii de Cibernetica, Statistica si Informatica Economica. Primele teze de doctorat au fost facute \u00een domeniul statisticii. \u00cen anii 1956-1965, la specializarea Statistica teoretica au fost conferite sapte titluri de candidat \u00een stiinte (echivalentul actual al titlului de doctor), iar la specializarea Planificarea economiei nationale, opt astfel de titluri. Dupa \u00eenfiintarea facultatii, \u00een anul 1967, au fost sustinute urmatoarele domenii de doctorat: Planificarea economiei nationale, Calcul economic si cibernetica economica, Statistica economica si teoretica. Printre conducatorii de doctorat se numarau: Manea Manescu, Mircea Biji, Ludovic T\u00f6vissi, Nicolae Ivanciu-Valeanu, Constantin Ionescu, Gheorghe Vasilescu, Elena Biji, Mircea Bulgaru s.a. Dupa anul 1990, numarul conducatorilor stiintifici a crescut considerabil. \u00cen perioada 2000-2004 facultatea a gestionat un domeniu unic de doctorat, Cibernetica si statistica economica, cu trei specializari: Cibernetica economica, Informatica economica, Statistica economica. Din 2008 pregatirea doctorala se realizeaza \u00een doua domenii: Informatica economica si Cibernetica si statistica economica, cu doua subdomenii, corespunzatoare specializarilor de Cibernetica, respectiv de Statistica. Fiecarui domeniu \u00eei corespunde c\u00e2te o scoala doctorala. Organizarea doctoratelor a suferit modificari pe parcursul evolutiei sale. \u00cen prezent, \u00een cei trei ani de studii, cercetarea individuala se face \u00een directa colaborare \u00eentre doctorand si conducator, sprijinit de o comisie de \u00eendrumare. \u00cen fiecare an se prezinta realizarile doctorandului, pe baza carora se da sau nu aviz de progres. Teza de doctorat se poate sustine dupa stagiul de trei ani, dar nu mai t\u00e2rziu de cinci ani.<\/p><h3 class=\"wp-block-heading\">Consiliul \u0218colii Doctorale \u2013 Cibernetic\u0103 \u0219i Statistic\u0103 Economic\u0103<\/h3><ol><li>Prof.univ.dr. \u021aI\u021aAN Emilia Director<\/li><li>Prof.univ.dr. STANCIU Stelian Membru<\/li><li>Prof.dr. GOSCHIN Zizi Membru<\/li><li>Acad. ALBU Liviu Lucian Membru<\/li><li>Acad. ZAMAN Gheorghe Membru<\/li><li>Student-doctorand Ceban Octavian Reprezentantul studen\u0163ilor doctoranzi<\/li><\/ol><p>Pentru mai multe informatii puteti consulta <a href=\"http:\/\/doctorat.ase.ro\/cibernetica_statistica\" target=\"_blank\" rel=\"noreferrer noopener\" data-type=\"URL\" data-id=\"http:\/\/doctorat.ase.ro\/cibernetica_statistica\">http:\/\/doctorat.ase.ro\/cibernetica_statistica<\/a><\/p>\t\t\t\t\t\t\t\t<\/div>\n\t\t\t\t<\/div>\n\t\t\t\t\t<\/div>\n\t\t\t\t<\/div>\n\t\t\t\t<\/div>","protected":false},"excerpt":{"rendered":"<p>Informatic\u0103 Economic\u0103 Istoria Scolii Doctorale de Informatica Economica este str\u00e2ns legata de istoria Facult\u0103\u021bii de Cibernetic\u0103, Statistic\u0103 \u015fi Informatic\u0103 Economic\u0103. Primele teze de doctorat au fost facute \u00een domeniul statisticii. In anii 1956-1965, la specializarea Statistica teoretica au fost conferite &hellip; <\/p>","protected":false},"author":16,"featured_media":0,"parent":0,"menu_order":0,"comment_status":"closed","ping_status":"closed","template":"","meta":{"footnotes":""},"class_list":["post-19032","page","type-page","status-publish","hentry"],"_links":{"self":[{"href":"https:\/\/temp.csie.ase.ro\/en\/wp-json\/wp\/v2\/pages\/19032","targetHints":{"allow":["GET"]}}],"collection":[{"href":"https:\/\/temp.csie.ase.ro\/en\/wp-json\/wp\/v2\/pages"}],"about":[{"href":"https:\/\/temp.csie.ase.ro\/en\/wp-json\/wp\/v2\/types\/page"}],"author":[{"embeddable":true,"href":"https:\/\/temp.csie.ase.ro\/en\/wp-json\/wp\/v2\/users\/16"}],"replies":[{"embeddable":true,"href":"https:\/\/temp.csie.ase.ro\/en\/wp-json\/wp\/v2\/comments?post=19032"}],"version-history":[{"count":15,"href":"https:\/\/temp.csie.ase.ro\/en\/wp-json\/wp\/v2\/pages\/19032\/revisions"}],"predecessor-version":[{"id":20358,"href":"https:\/\/temp.csie.ase.ro\/en\/wp-json\/wp\/v2\/pages\/19032\/revisions\/20358"}],"wp:attachment":[{"href":"https:\/\/temp.csie.ase.ro\/en\/wp-json\/wp\/v2\/media?parent=19032"}],"curies":[{"name":"wp","href":"https:\/\/api.w.org\/{rel}","templated":true}]}}