{"id":19047,"date":"2024-06-30T17:31:30","date_gmt":"2024-06-30T17:31:30","guid":{"rendered":"https:\/\/temp.csie.ase.ro\/?page_id=19047"},"modified":"2025-04-04T13:37:22","modified_gmt":"2025-04-04T13:37:22","slug":"cercetare","status":"publish","type":"page","link":"https:\/\/temp.csie.ase.ro\/en\/cercetare","title":{"rendered":"Research"},"content":{"rendered":"<div data-elementor-type=\"wp-page\" data-elementor-id=\"19047\" class=\"elementor elementor-19047\">\n\t\t\t\t\t\t<section class=\"elementor-section elementor-top-section elementor-element elementor-element-3fec23d8 elementor-section-boxed elementor-section-height-default elementor-section-height-default\" data-id=\"3fec23d8\" data-element_type=\"section\">\n\t\t\t\t\t\t<div class=\"elementor-container elementor-column-gap-no\">\n\t\t\t\t\t<div class=\"elementor-column elementor-col-100 elementor-top-column elementor-element elementor-element-23d97eea\" data-id=\"23d97eea\" data-element_type=\"column\">\n\t\t\t<div class=\"elementor-widget-wrap elementor-element-populated\">\n\t\t\t\t\t\t<div class=\"elementor-element elementor-element-383e48db elementor-widget thim-ekits-heading elementor-widget-thim-heading\" data-id=\"383e48db\" data-element_type=\"widget\" data-widget_type=\"thim-heading.default\">\n\t\t\t\t<div class=\"elementor-widget-container\">\n\t\t\t\t\t<div class=\"sc_heading\"><h2 class=\"title\">Comunic\u0103ri \u0219tiin\u021bifice<\/h2><\/div>\t\t\t\t<\/div>\n\t\t\t\t<\/div>\n\t\t\t\t<div class=\"thim-ekits-event-style elementor-element elementor-element-739a3b96 elementor-widget elementor-widget-thim-list-event\" data-id=\"739a3b96\" data-element_type=\"widget\" data-widget_type=\"thim-list-event.default\">\n\t\t\t\t<div class=\"elementor-widget-container\">\n\t\t\t\t\t<div class=\"thim-ekits-event\"><div class=\"thim-ekits-event__inner\">\t\t\t\t<div class=\"thim-ekits-event__item post-19672 tp_event type-tp_event status-publish hentry tp_event_category-sesiune-comunicare-stiitifica\">\n\t\t\t\t\t\t\t\t\t\t<div class=\"thim-ekits-event__content\">\n\t\t\t\t\t\t<div class=\"thim-ekits-event__date-month\"><span class=\"date\">08<\/span><span class=\"month\">July<\/span><\/div>\t\t<h3 class=\"thim-ekits-event__title\">\n\t\t<a href=\"https:\/\/temp.csie.ase.ro\/en\/events\/sesiunea-comunicari-stiintifice-semestrul-i-2023-2024\">\n\t\t\tSesiunea comunic\u0103ri \u0219tiin\u021bifice Semestrul I 2023-2024\t\t<\/a>\n\t\t<\/h3>\n\t\t\t\t<div class=\"thim-ekits-event__meta\">\n\t\t\t<div class=\"time-start_end\"><i class=\"tk tk-clock\"><\/i>12:00 am - 12:00 am<\/div>\t\t<\/div>\n\t\t\t\t<div class=\"thim-ekits-event__excerpt\">\n\t\t\tO sesiune de comunicare \u0219tiin\u021bific\u0103 organizat\u0103 \u00eentr-o facultate reprezint\u0103 un eveniment academic deosebit de important, dedicat prezent\u0103rii \u0219i discut\u0103rii rezultatelor recente ale cercet\u0103rilor efectuate de...\t\t<\/div>\n\n\t\t\t\t<a class=\"thim-ekits-event__read-more\" href=\"https:\/\/temp.csie.ase.ro\/en\/events\/sesiunea-comunicari-stiintifice-semestrul-i-2023-2024\">\n\t\t\tRead More\t\t<\/a>\n\t\t\t\t\t\t\t<\/div>\n\t\t\t\t<\/div>\n\t\t\t\t\t\t\t\t<div class=\"thim-ekits-event__item post-19664 tp_event type-tp_event status-publish hentry tp_event_category-sesiune-comunicare-stiitifica\">\n\t\t\t\t\t\t\t\t\t\t<div class=\"thim-ekits-event__content\">\n\t\t\t\t\t\t<div class=\"thim-ekits-event__date-month\"><span class=\"date\">09<\/span><span class=\"month\">November<\/span><\/div>\t\t<h3 class=\"thim-ekits-event__title\">\n\t\t<a href=\"https:\/\/temp.csie.ase.ro\/en\/events\/sesiunea-comunicari-stiintifice-semestrul-ii-2023-2024\">\n\t\t\tSesiunea comunic\u0103ri \u0219tiin\u021bifice semestrul II 2023-2024\t\t<\/a>\n\t\t<\/h3>\n\t\t\t\t<div class=\"thim-ekits-event__meta\">\n\t\t\t<div class=\"time-start_end\"><i class=\"tk tk-clock\"><\/i>6:00 pm - 8:00 pm<\/div>\t\t<\/div>\n\t\t\t\t<div class=\"thim-ekits-event__excerpt\">\n\t\t\tO sesiune de comunicare \u0219tiin\u021bific\u0103 organizat\u0103 \u00eentr-o facultate reprezint\u0103 un eveniment academic deosebit de important, dedicat prezent\u0103rii \u0219i discut\u0103rii rezultatelor recente ale cercet\u0103rilor efectuate de...\t\t<\/div>\n\n\t\t\t\t<a class=\"thim-ekits-event__read-more\" href=\"https:\/\/temp.csie.ase.ro\/en\/events\/sesiunea-comunicari-stiintifice-semestrul-ii-2023-2024\">\n\t\t\tRead More\t\t<\/a>\n\t\t\t\t\t\t\t<\/div>\n\t\t\t\t<\/div>\n\t\t\t\t<\/div><\/div>\t\t\t\t<\/div>\n\t\t\t\t<\/div>\n\t\t\t\t\t<\/div>\n\t\t<\/div>\n\t\t\t\t\t<\/div>\n\t\t<\/section>\n\t\t\t\t<section class=\"elementor-section elementor-top-section elementor-element elementor-element-9adb6da elementor-section-boxed elementor-section-height-default elementor-section-height-default\" data-id=\"9adb6da\" data-element_type=\"section\">\n\t\t\t\t\t\t<div class=\"elementor-container elementor-column-gap-no\">\n\t\t\t\t\t<div class=\"elementor-column elementor-col-100 elementor-top-column elementor-element elementor-element-d8b62dc\" data-id=\"d8b62dc\" data-element_type=\"column\">\n\t\t\t<div class=\"elementor-widget-wrap elementor-element-populated\">\n\t\t\t\t\t\t<div class=\"elementor-element elementor-element-f6c4696 elementor-widget thim-ekits-heading elementor-widget-thim-heading\" data-id=\"f6c4696\" data-element_type=\"widget\" data-widget_type=\"thim-heading.default\">\n\t\t\t\t<div class=\"elementor-widget-container\">\n\t\t\t\t\t<div class=\"sc_heading\"><h1 class=\"title\">Conferin\u021be<\/h1><\/div>\t\t\t\t<\/div>\n\t\t\t\t<\/div>\n\t\t\t\t<div class=\"thim-ekits-event-style elementor-element elementor-element-9d30ed6 elementor-widget elementor-widget-thim-list-event\" data-id=\"9d30ed6\" data-element_type=\"widget\" data-widget_type=\"thim-list-event.default\">\n\t\t\t\t<div class=\"elementor-widget-container\">\n\t\t\t\t\t<div class=\"thim-ekits-event\"><div class=\"thim-ekits-event__inner\">\t\t\t\t<div class=\"thim-ekits-event__item post-19673 tp_event type-tp_event status-publish hentry tp_event_category-conferinta tp_event_tag-code tp_event_tag-computer-science tp_event_tag-developer tp_event_tag-java\">\n\t\t\t\t\t\t\t\t\t\t<div class=\"thim-ekits-event__content\">\n\t\t\t\t\t\t<div class=\"thim-ekits-event__date-month\"><span class=\"date\">09<\/span><span class=\"month\">October<\/span><\/div>\t\t<h3 class=\"thim-ekits-event__title\">\n\t\t<a href=\"https:\/\/temp.csie.ase.ro\/en\/events\/prezentare-java-21\">\n\t\t\tPrezentare Java-21\t\t<\/a>\n\t\t<\/h3>\n\t\t\t\t<div class=\"thim-ekits-event__meta\">\n\t\t\t<div class=\"time-start_end\"><i class=\"tk tk-clock\"><\/i>6:00 pm - 8:00 pm<\/div><div class=\"localtion\"><i class=\"tk tk-map-marker\"><\/i>2203<\/div>\t\t<\/div>\n\t\t\t\t<div class=\"thim-ekits-event__excerpt\">\n\t\t\tO conferin\u021b\u0103 despre Java-21, organizat\u0103 la o universitate tehnic\u0103 de renume, atrage o gam\u0103 variat\u0103 de participan\u021bi, de la studen\u021bi \u0219i profesori p\u00e2n\u0103 la profesioni\u0219ti...\t\t<\/div>\n\n\t\t\t\t<a class=\"thim-ekits-event__read-more\" href=\"https:\/\/temp.csie.ase.ro\/en\/events\/prezentare-java-21\">\n\t\t\tRead More\t\t<\/a>\n\t\t\t\t\t\t\t<\/div>\n\t\t\t\t<\/div>\n\t\t\t\t<\/div><\/div>\t\t\t\t<\/div>\n\t\t\t\t<\/div>\n\t\t\t\t\t<\/div>\n\t\t<\/div>\n\t\t\t\t\t<\/div>\n\t\t<\/section>\n\t\t\t\t<\/div>","protected":false},"excerpt":{"rendered":"<p>Comunic\u0103ri \u0219tiin\u021bifice 08iulie Sesiunea comunic\u0103ri \u0219tiin\u021bifice Semestrul I 2023-2024 12:00 am &#8211; 12:00 am O sesiune de comunicare \u0219tiin\u021bific\u0103 organizat\u0103 \u00eentr-o facultate reprezint\u0103 un eveniment academic deosebit de important, dedicat prezent\u0103rii \u0219i discut\u0103rii rezultatelor recente ale cercet\u0103rilor efectuate de&#8230; Read &hellip; <\/p>","protected":false},"author":11,"featured_media":0,"parent":0,"menu_order":0,"comment_status":"closed","ping_status":"closed","template":"","meta":{"footnotes":""},"class_list":["post-19047","page","type-page","status-publish","hentry"],"_links":{"self":[{"href":"https:\/\/temp.csie.ase.ro\/en\/wp-json\/wp\/v2\/pages\/19047","targetHints":{"allow":["GET"]}}],"collection":[{"href":"https:\/\/temp.csie.ase.ro\/en\/wp-json\/wp\/v2\/pages"}],"about":[{"href":"https:\/\/temp.csie.ase.ro\/en\/wp-json\/wp\/v2\/types\/page"}],"author":[{"embeddable":true,"href":"https:\/\/temp.csie.ase.ro\/en\/wp-json\/wp\/v2\/users\/11"}],"replies":[{"embeddable":true,"href":"https:\/\/temp.csie.ase.ro\/en\/wp-json\/wp\/v2\/comments?post=19047"}],"version-history":[{"count":77,"href":"https:\/\/temp.csie.ase.ro\/en\/wp-json\/wp\/v2\/pages\/19047\/revisions"}],"predecessor-version":[{"id":20653,"href":"https:\/\/temp.csie.ase.ro\/en\/wp-json\/wp\/v2\/pages\/19047\/revisions\/20653"}],"wp:attachment":[{"href":"https:\/\/temp.csie.ase.ro\/en\/wp-json\/wp\/v2\/media?parent=19047"}],"curies":[{"name":"wp","href":"https:\/\/api.w.org\/{rel}","templated":true}]}}