{"id":19079,"date":"2024-07-04T11:28:09","date_gmt":"2024-07-04T11:28:09","guid":{"rendered":"https:\/\/temp.csie.ase.ro\/?page_id=19079"},"modified":"2024-09-28T19:47:04","modified_gmt":"2024-09-28T19:47:04","slug":"reprezentanti","status":"publish","type":"page","link":"https:\/\/temp.csie.ase.ro\/en\/reprezentanti","title":{"rendered":"Reprezentatives"},"content":{"rendered":"<div data-elementor-type=\"wp-page\" data-elementor-id=\"19079\" class=\"elementor elementor-19079\">\n\t\t\t\t\t\t<section class=\"elementor-section elementor-top-section elementor-element elementor-element-6ee5fac5 elementor-section-boxed elementor-section-height-default elementor-section-height-default\" data-id=\"6ee5fac5\" data-element_type=\"section\">\n\t\t\t\t\t\t<div class=\"elementor-container elementor-column-gap-default\">\n\t\t\t\t\t<div class=\"elementor-column elementor-col-100 elementor-top-column elementor-element elementor-element-406371ee\" data-id=\"406371ee\" data-element_type=\"column\">\n\t\t\t<div class=\"elementor-widget-wrap elementor-element-populated\">\n\t\t\t\t\t\t<section class=\"elementor-section elementor-inner-section elementor-element elementor-element-3684d0f3 elementor-section-content-middle elementor-section-boxed elementor-section-height-default elementor-section-height-default\" data-id=\"3684d0f3\" data-element_type=\"section\">\n\t\t\t\t\t\t<div class=\"elementor-container elementor-column-gap-default\">\n\t\t\t\t\t<div class=\"elementor-column elementor-col-100 elementor-inner-column elementor-element elementor-element-1e6879ac\" data-id=\"1e6879ac\" data-element_type=\"column\">\n\t\t\t<div class=\"elementor-widget-wrap elementor-element-populated\">\n\t\t\t\t\t\t<div class=\"elementor-element elementor-element-4f463f56 elementor-widget thim-ekits-heading elementor-widget-thim-heading\" data-id=\"4f463f56\" data-element_type=\"widget\" data-widget_type=\"thim-heading.default\">\n\t\t\t\t<div class=\"elementor-widget-container\">\n\t\t\t\t\t<div class=\"sc_heading\"><h2 class=\"title\">Studen\u021bi reprezentan\u021bi<\/h2><\/div>\t\t\t\t<\/div>\n\t\t\t\t<\/div>\n\t\t\t\t<div class=\"elementor-element elementor-element-f19e076 elementor-widget elementor-widget-text-editor\" data-id=\"f19e076\" data-element_type=\"widget\" data-widget_type=\"text-editor.default\">\n\t\t\t\t<div class=\"elementor-widget-container\">\n\t\t\t\t\t\t\t\t\t<p>Studen\u021bii reprezentan\u021bi au rolul de a reprezenta studen\u021bii \u0219i interesele acestora \u00een cadrul structurilor decizionale din care fac parte \u0219i de a informa studen\u021bii cu privire la deciziile luate \u00een cadrul acestor structuri.<\/p>\n<p>Exist\u0103 dou\u0103 tipuri de studen\u021bi reprezentan\u021bi \u00een structurile de conducere la nivelul facult\u0103\u021bii \u0219i universit\u0103\u021bii: reprezentan\u021bi \u00een <b>Consiliul facult\u0103\u021bii<\/b> \u0219i reprezentan\u021bi \u00een <b>Senatul universitar<\/b>.<\/p>\t\t\t\t\t\t\t\t<\/div>\n\t\t\t\t<\/div>\n\t\t\t\t\t<\/div>\n\t\t<\/div>\n\t\t\t\t\t<\/div>\n\t\t<\/section>\n\t\t\t\t<section class=\"elementor-section elementor-inner-section elementor-element elementor-element-5ae759cf elementor-section-boxed elementor-section-height-default elementor-section-height-default\" data-id=\"5ae759cf\" data-element_type=\"section\">\n\t\t\t\t\t\t<div class=\"elementor-container elementor-column-gap-default\">\n\t\t\t\t\t<div class=\"elementor-column elementor-col-100 elementor-inner-column elementor-element elementor-element-2213dfd2\" data-id=\"2213dfd2\" data-element_type=\"column\">\n\t\t\t<div class=\"elementor-widget-wrap elementor-element-populated\">\n\t\t\t\t\t\t<div class=\"elementor-element elementor-element-39aa50ae thim-ekit-team-default elementor-widget elementor-widget-thim-ekits-team\" data-id=\"39aa50ae\" data-element_type=\"widget\" data-settings=\"{&quot;row_gap&quot;:{&quot;unit&quot;:&quot;px&quot;,&quot;size&quot;:35,&quot;sizes&quot;:[]},&quot;row_gap_tablet_extra&quot;:{&quot;unit&quot;:&quot;px&quot;,&quot;size&quot;:&quot;&quot;,&quot;sizes&quot;:[]},&quot;row_gap_tablet&quot;:{&quot;unit&quot;:&quot;px&quot;,&quot;size&quot;:&quot;&quot;,&quot;sizes&quot;:[]},&quot;row_gap_mobile&quot;:{&quot;unit&quot;:&quot;px&quot;,&quot;size&quot;:&quot;&quot;,&quot;sizes&quot;:[]}}\" data-widget_type=\"thim-ekits-team.default\">\n\t\t\t\t<div class=\"elementor-widget-container\">\n\t\t\t\t\t\n\t\t<div class=\"thim-ekit-team\">\n\t\t\t<div class=\"thim-ekit-team__inner\">\n\t\t\t\t\t\t\t\t\t\t<div class=\"thim-ekit-team__article post-19079 page type-page status-publish hentry\">\n\t\t\t\t\t\t\t\t\t<div class=\"thim-ekit-team__thumbnail\">\n\t\t\t\t\t\t<div class=\"thim-ekit-team__image\">\n\t\t\t\t<img fetchpriority=\"high\" decoding=\"async\" width=\"225\" height=\"300\" src=\"https:\/\/temp.csie.ase.ro\/wp-content\/uploads\/2024\/09\/WhatsApp-Image-2024-09-20-at-21.05.32_21479d28-225x300.jpg\" class=\"attachment-medium size-medium wp-image-20064\" alt=\"\" srcset=\"https:\/\/temp.csie.ase.ro\/wp-content\/uploads\/2024\/09\/WhatsApp-Image-2024-09-20-at-21.05.32_21479d28-225x300.jpg 225w, https:\/\/temp.csie.ase.ro\/wp-content\/uploads\/2024\/09\/WhatsApp-Image-2024-09-20-at-21.05.32_21479d28-768x1024.jpg 768w, https:\/\/temp.csie.ase.ro\/wp-content\/uploads\/2024\/09\/WhatsApp-Image-2024-09-20-at-21.05.32_21479d28-1152x1536.jpg 1152w, https:\/\/temp.csie.ase.ro\/wp-content\/uploads\/2024\/09\/WhatsApp-Image-2024-09-20-at-21.05.32_21479d28-600x800.jpg 600w, https:\/\/temp.csie.ase.ro\/wp-content\/uploads\/2024\/09\/WhatsApp-Image-2024-09-20-at-21.05.32_21479d28.jpg 1536w\" sizes=\"(max-width: 225px) 100vw, 225px\" \/>\t\t\t<\/div>\n\t\t\t\t\t\t<div class=\"thim-ekit-team__list-social\"><\/div>\t\t<\/div>\n\t\t\t\t<div class=\"thim-ekit-team__content\">\n\t\t<div class=\"thim-ekit-team__member-name\">Ana Theodor-Alexandru<\/div>\t\t\t<div class=\"thim-ekit-team__member-position\">\n\t\t\t\tStudent reprezentant \u00een Consiliul Facult\u0103\u021bii\t\t\t<\/div>\n\t\t\t\t\t\t<div class=\"thim-ekit-team__member-description\">\n\t\t\t\tanatheodor22@stud.ase.ro\t\t\t<\/div>\n\t\t\t\t\t<\/div>\n\t\t\t\t\t\t\t\t<\/div>\n\t\t\t\t\t\t\t\t\t\t\t\t<div class=\"thim-ekit-team__article post-19079 page type-page status-publish hentry\">\n\t\t\t\t\t\t\t\t\t<div class=\"thim-ekit-team__thumbnail\">\n\t\t\t\t\t\t<div class=\"thim-ekit-team__image\">\n\t\t\t\t<img decoding=\"async\" width=\"225\" height=\"300\" src=\"https:\/\/temp.csie.ase.ro\/wp-content\/uploads\/2024\/09\/WhatsApp-Image-2024-09-20-at-21.05.32_cd6529ae-225x300.jpg\" class=\"attachment-medium size-medium wp-image-20063\" alt=\"\" srcset=\"https:\/\/temp.csie.ase.ro\/wp-content\/uploads\/2024\/09\/WhatsApp-Image-2024-09-20-at-21.05.32_cd6529ae-225x300.jpg 225w, https:\/\/temp.csie.ase.ro\/wp-content\/uploads\/2024\/09\/WhatsApp-Image-2024-09-20-at-21.05.32_cd6529ae-768x1024.jpg 768w, https:\/\/temp.csie.ase.ro\/wp-content\/uploads\/2024\/09\/WhatsApp-Image-2024-09-20-at-21.05.32_cd6529ae-1152x1536.jpg 1152w, https:\/\/temp.csie.ase.ro\/wp-content\/uploads\/2024\/09\/WhatsApp-Image-2024-09-20-at-21.05.32_cd6529ae-600x800.jpg 600w, https:\/\/temp.csie.ase.ro\/wp-content\/uploads\/2024\/09\/WhatsApp-Image-2024-09-20-at-21.05.32_cd6529ae.jpg 1536w\" sizes=\"(max-width: 225px) 100vw, 225px\" \/>\t\t\t<\/div>\n\t\t\t\t\t\t<div class=\"thim-ekit-team__list-social\"><\/div>\t\t<\/div>\n\t\t\t\t<div class=\"thim-ekit-team__content\">\n\t\t<div class=\"thim-ekit-team__member-name\">Chisc\u0103neanu R\u0103zvan-Georgian<\/div>\t\t\t<div class=\"thim-ekit-team__member-position\">\n\t\t\t\tStudent reprezentant \u00een Consiliul Facult\u0103\u021bii \u0219i Senatul Universitar\t\t\t<\/div>\n\t\t\t\t\t\t<div class=\"thim-ekit-team__member-description\">\n\t\t\t\trazvan.chiscaneanu@stud.ase.ro\t\t\t<\/div>\n\t\t\t\t\t<\/div>\n\t\t\t\t\t\t\t\t<\/div>\n\t\t\t\t\t\t\t\t\t\t\t\t<div class=\"thim-ekit-team__article post-19079 page type-page status-publish hentry\">\n\t\t\t\t\t\t\t\t\t<div class=\"thim-ekit-team__thumbnail\">\n\t\t\t\t\t\t<div class=\"thim-ekit-team__image\">\n\t\t\t\t<img decoding=\"async\" width=\"300\" height=\"300\" src=\"https:\/\/temp.csie.ase.ro\/wp-content\/uploads\/2024\/07\/DefaultProfilePic-300x300.png\" class=\"attachment-medium size-medium wp-image-19703\" alt=\"\" srcset=\"https:\/\/temp.csie.ase.ro\/wp-content\/uploads\/2024\/07\/DefaultProfilePic-300x300.png 300w, https:\/\/temp.csie.ase.ro\/wp-content\/uploads\/2024\/07\/DefaultProfilePic-150x150.png 150w, https:\/\/temp.csie.ase.ro\/wp-content\/uploads\/2024\/07\/DefaultProfilePic-600x600.png 600w, https:\/\/temp.csie.ase.ro\/wp-content\/uploads\/2024\/07\/DefaultProfilePic-100x100.png 100w, https:\/\/temp.csie.ase.ro\/wp-content\/uploads\/2024\/07\/DefaultProfilePic.png 750w\" sizes=\"(max-width: 300px) 100vw, 300px\" \/>\t\t\t<\/div>\n\t\t\t\t\t\t<div class=\"thim-ekit-team__list-social\"><\/div>\t\t<\/div>\n\t\t\t\t<div class=\"thim-ekit-team__content\">\n\t\t<div class=\"thim-ekit-team__member-name\">Corla\u021ban Ruxandra Beatrice<\/div>\t\t\t<div class=\"thim-ekit-team__member-position\">\n\t\t\t\tStudent reprezentant \u00een Consiliul Facult\u0103\u021bii\t\t\t<\/div>\n\t\t\t\t\t\t<div class=\"thim-ekit-team__member-description\">\n\t\t\t\tcorlatanruxandra22@stud.ase.ro\t\t\t<\/div>\n\t\t\t\t\t<\/div>\n\t\t\t\t\t\t\t\t<\/div>\n\t\t\t\t\t\t\t\t\t\t\t\t<div class=\"thim-ekit-team__article post-19079 page type-page status-publish hentry\">\n\t\t\t\t\t\t\t\t\t<div class=\"thim-ekit-team__thumbnail\">\n\t\t\t\t\t\t<div class=\"thim-ekit-team__image\">\n\t\t\t\t<img loading=\"lazy\" decoding=\"async\" width=\"300\" height=\"297\" src=\"https:\/\/temp.csie.ase.ro\/wp-content\/uploads\/2024\/09\/WhatsApp-Image-2024-09-20-at-21.27.04_e9b229a3-e1726856872662-300x297.jpg\" class=\"attachment-medium size-medium wp-image-20075\" alt=\"\" srcset=\"https:\/\/temp.csie.ase.ro\/wp-content\/uploads\/2024\/09\/WhatsApp-Image-2024-09-20-at-21.27.04_e9b229a3-e1726856872662-300x297.jpg 300w, https:\/\/temp.csie.ase.ro\/wp-content\/uploads\/2024\/09\/WhatsApp-Image-2024-09-20-at-21.27.04_e9b229a3-e1726856872662-1024x1014.jpg 1024w, https:\/\/temp.csie.ase.ro\/wp-content\/uploads\/2024\/09\/WhatsApp-Image-2024-09-20-at-21.27.04_e9b229a3-e1726856872662-150x150.jpg 150w, https:\/\/temp.csie.ase.ro\/wp-content\/uploads\/2024\/09\/WhatsApp-Image-2024-09-20-at-21.27.04_e9b229a3-e1726856872662-768x760.jpg 768w, https:\/\/temp.csie.ase.ro\/wp-content\/uploads\/2024\/09\/WhatsApp-Image-2024-09-20-at-21.27.04_e9b229a3-e1726856872662-1536x1521.jpg 1536w, https:\/\/temp.csie.ase.ro\/wp-content\/uploads\/2024\/09\/WhatsApp-Image-2024-09-20-at-21.27.04_e9b229a3-e1726856872662-600x594.jpg 600w, https:\/\/temp.csie.ase.ro\/wp-content\/uploads\/2024\/09\/WhatsApp-Image-2024-09-20-at-21.27.04_e9b229a3-e1726856872662-100x100.jpg 100w, https:\/\/temp.csie.ase.ro\/wp-content\/uploads\/2024\/09\/WhatsApp-Image-2024-09-20-at-21.27.04_e9b229a3-e1726856872662.jpg 1594w\" sizes=\"(max-width: 300px) 100vw, 300px\" \/>\t\t\t<\/div>\n\t\t\t\t\t\t<div class=\"thim-ekit-team__list-social\"><\/div>\t\t<\/div>\n\t\t\t\t<div class=\"thim-ekit-team__content\">\n\t\t<div class=\"thim-ekit-team__member-name\">Dinc\u0103 Lauren\u021biu-Gabriel<\/div>\t\t\t<div class=\"thim-ekit-team__member-position\">\n\t\t\t\tStudent reprezentant \u00een Consiliul Facult\u0103\u021bii  \u0219i Senatul Universitar\t\t\t<\/div>\n\t\t\t\t\t\t<div class=\"thim-ekit-team__member-description\">\n\t\t\t\tlaurentiu.dinca@stud.ase.ro\t\t\t<\/div>\n\t\t\t\t\t<\/div>\n\t\t\t\t\t\t\t\t<\/div>\n\t\t\t\t\t\t\t\t\t\t\t\t<div class=\"thim-ekit-team__article post-19079 page type-page status-publish hentry\">\n\t\t\t\t\t\t\t\t\t<div class=\"thim-ekit-team__thumbnail\">\n\t\t\t\t\t\t<div class=\"thim-ekit-team__image\">\n\t\t\t\t<img loading=\"lazy\" decoding=\"async\" width=\"225\" height=\"300\" src=\"https:\/\/temp.csie.ase.ro\/wp-content\/uploads\/2024\/09\/WhatsApp-Image-2024-09-20-at-21.10.44_98adc4d3-225x300.jpg\" class=\"attachment-medium size-medium wp-image-20070\" alt=\"\" srcset=\"https:\/\/temp.csie.ase.ro\/wp-content\/uploads\/2024\/09\/WhatsApp-Image-2024-09-20-at-21.10.44_98adc4d3-225x300.jpg 225w, https:\/\/temp.csie.ase.ro\/wp-content\/uploads\/2024\/09\/WhatsApp-Image-2024-09-20-at-21.10.44_98adc4d3-768x1024.jpg 768w, https:\/\/temp.csie.ase.ro\/wp-content\/uploads\/2024\/09\/WhatsApp-Image-2024-09-20-at-21.10.44_98adc4d3-1152x1536.jpg 1152w, https:\/\/temp.csie.ase.ro\/wp-content\/uploads\/2024\/09\/WhatsApp-Image-2024-09-20-at-21.10.44_98adc4d3-600x800.jpg 600w, https:\/\/temp.csie.ase.ro\/wp-content\/uploads\/2024\/09\/WhatsApp-Image-2024-09-20-at-21.10.44_98adc4d3.jpg 1179w\" sizes=\"(max-width: 225px) 100vw, 225px\" \/>\t\t\t<\/div>\n\t\t\t\t\t\t<div class=\"thim-ekit-team__list-social\"><\/div>\t\t<\/div>\n\t\t\t\t<div class=\"thim-ekit-team__content\">\n\t\t<div class=\"thim-ekit-team__member-name\">Dinu Ana-Maria-Daniela<\/div>\t\t\t<div class=\"thim-ekit-team__member-position\">\n\t\t\t\tStudent reprezentant \u00een Consiliul Facult\u0103\u021bii  \u0219i Senatul Universitar\t\t\t<\/div>\n\t\t\t\t\t\t<div class=\"thim-ekit-team__member-description\">\n\t\t\t\tana.dinu@stud.ase.ro\t\t\t<\/div>\n\t\t\t\t\t<\/div>\n\t\t\t\t\t\t\t\t<\/div>\n\t\t\t\t\t\t\t\t\t\t\t\t<div class=\"thim-ekit-team__article post-19079 page type-page status-publish hentry\">\n\t\t\t\t\t\t\t\t\t<div class=\"thim-ekit-team__thumbnail\">\n\t\t\t\t\t\t<div class=\"thim-ekit-team__image\">\n\t\t\t\t<img loading=\"lazy\" decoding=\"async\" width=\"169\" height=\"300\" src=\"https:\/\/temp.csie.ase.ro\/wp-content\/uploads\/2024\/09\/WhatsApp-Image-2024-09-20-at-21.10.55_e847e308-169x300.jpg\" class=\"attachment-medium size-medium wp-image-20068\" alt=\"\" srcset=\"https:\/\/temp.csie.ase.ro\/wp-content\/uploads\/2024\/09\/WhatsApp-Image-2024-09-20-at-21.10.55_e847e308-169x300.jpg 169w, https:\/\/temp.csie.ase.ro\/wp-content\/uploads\/2024\/09\/WhatsApp-Image-2024-09-20-at-21.10.55_e847e308-576x1024.jpg 576w, https:\/\/temp.csie.ase.ro\/wp-content\/uploads\/2024\/09\/WhatsApp-Image-2024-09-20-at-21.10.55_e847e308-768x1365.jpg 768w, https:\/\/temp.csie.ase.ro\/wp-content\/uploads\/2024\/09\/WhatsApp-Image-2024-09-20-at-21.10.55_e847e308-864x1536.jpg 864w, https:\/\/temp.csie.ase.ro\/wp-content\/uploads\/2024\/09\/WhatsApp-Image-2024-09-20-at-21.10.55_e847e308-600x1067.jpg 600w, https:\/\/temp.csie.ase.ro\/wp-content\/uploads\/2024\/09\/WhatsApp-Image-2024-09-20-at-21.10.55_e847e308.jpg 1152w\" sizes=\"(max-width: 169px) 100vw, 169px\" \/>\t\t\t<\/div>\n\t\t\t\t\t\t<div class=\"thim-ekit-team__list-social\"><\/div>\t\t<\/div>\n\t\t\t\t<div class=\"thim-ekit-team__content\">\n\t\t<div class=\"thim-ekit-team__member-name\">Marcu Leonardo Gabriel<\/div>\t\t\t<div class=\"thim-ekit-team__member-position\">\n\t\t\t\tStudent reprezentant \u00een Consiliul Facult\u0103\u021bii\t\t\t<\/div>\n\t\t\t\t\t\t<div class=\"thim-ekit-team__member-description\">\n\t\t\t\tmarculeonardo22@stud.ase.ro\t\t\t<\/div>\n\t\t\t\t\t<\/div>\n\t\t\t\t\t\t\t\t<\/div>\n\t\t\t\t\t\t\t\t\t\t\t\t<div class=\"thim-ekit-team__article post-19079 page type-page status-publish hentry\">\n\t\t\t\t\t\t\t\t\t<div class=\"thim-ekit-team__thumbnail\">\n\t\t\t\t\t\t<div class=\"thim-ekit-team__image\">\n\t\t\t\t<img decoding=\"async\" width=\"300\" height=\"300\" src=\"https:\/\/temp.csie.ase.ro\/wp-content\/uploads\/2024\/07\/DefaultProfilePic-300x300.png\" class=\"attachment-medium size-medium wp-image-19703\" alt=\"\" srcset=\"https:\/\/temp.csie.ase.ro\/wp-content\/uploads\/2024\/07\/DefaultProfilePic-300x300.png 300w, https:\/\/temp.csie.ase.ro\/wp-content\/uploads\/2024\/07\/DefaultProfilePic-150x150.png 150w, https:\/\/temp.csie.ase.ro\/wp-content\/uploads\/2024\/07\/DefaultProfilePic-600x600.png 600w, https:\/\/temp.csie.ase.ro\/wp-content\/uploads\/2024\/07\/DefaultProfilePic-100x100.png 100w, https:\/\/temp.csie.ase.ro\/wp-content\/uploads\/2024\/07\/DefaultProfilePic.png 750w\" sizes=\"(max-width: 300px) 100vw, 300px\" \/>\t\t\t<\/div>\n\t\t\t\t\t\t<div class=\"thim-ekit-team__list-social\"><\/div>\t\t<\/div>\n\t\t\t\t<div class=\"thim-ekit-team__content\">\n\t\t<div class=\"thim-ekit-team__member-name\">Stancu Diana-Elena<\/div>\t\t\t<div class=\"thim-ekit-team__member-position\">\n\t\t\t\tStudent reprezentant \u00een Consiliul Facult\u0103\u021bii  \u0219i Senatul Universitar\t\t\t<\/div>\n\t\t\t\t\t\t<div class=\"thim-ekit-team__member-description\">\n\t\t\t\tdiana.stancu@stud.ase.ro\t\t\t<\/div>\n\t\t\t\t\t<\/div>\n\t\t\t\t\t\t\t\t<\/div>\n\t\t\t\t\t\t\t\t\t<\/div>\n\t\t<\/div>\n\n\t\t\t\t\t\t<\/div>\n\t\t\t\t<\/div>\n\t\t\t\t\t<\/div>\n\t\t<\/div>\n\t\t\t\t\t<\/div>\n\t\t<\/section>\n\t\t\t\t\t<\/div>\n\t\t<\/div>\n\t\t\t\t\t<\/div>\n\t\t<\/section>\n\t\t\t\t<section class=\"elementor-section elementor-top-section elementor-element elementor-element-15402830 elementor-section-boxed elementor-section-height-default elementor-section-height-default\" data-id=\"15402830\" data-element_type=\"section\">\n\t\t\t\t\t\t<div class=\"elementor-container elementor-column-gap-no\">\n\t\t\t\t\t<div class=\"elementor-column elementor-col-100 elementor-top-column elementor-element elementor-element-29178d9a\" data-id=\"29178d9a\" data-element_type=\"column\">\n\t\t\t<div class=\"elementor-widget-wrap elementor-element-populated\">\n\t\t\t\t\t\t<div class=\"elementor-element elementor-element-5bbbcf30 thim-ekits-heading-text-center elementor-widget thim-ekits-heading elementor-widget-thim-heading\" data-id=\"5bbbcf30\" data-element_type=\"widget\" data-widget_type=\"thim-heading.default\">\n\t\t\t\t<div class=\"elementor-widget-container\">\n\t\t\t\t\t<div class=\"sc_heading text-center\"><h2 class=\"title\">Asocia\u021bii Studen\u021be\u0219ti<\/h2><div class=\"sub-heading\"><p>Oportunit\u0103\u021bi de implicare \u00een activit\u0103\u021bi extracuriculare \u0219i \u0219ansa de a-\u021bi crea experien\u021be \u0219i prietenii noi<\/p>\n<\/div><\/div>\t\t\t\t<\/div>\n\t\t\t\t<\/div>\n\t\t\t\t<section class=\"elementor-section elementor-inner-section elementor-element elementor-element-f177a8d elementor-section-boxed elementor-section-height-default elementor-section-height-default\" data-id=\"f177a8d\" data-element_type=\"section\">\n\t\t\t\t\t\t<div class=\"elementor-container elementor-column-gap-custom\">\n\t\t\t\t\t<div class=\"elementor-column elementor-col-50 elementor-inner-column elementor-element elementor-element-72d949b4\" data-id=\"72d949b4\" data-element_type=\"column\">\n\t\t\t<div class=\"elementor-widget-wrap elementor-element-populated\">\n\t\t\t\t\t\t<div class=\"elementor-element elementor-element-56f7efd7 iconbox-text-left elementor-widget elementor-widget-thim-icon-box\" data-id=\"56f7efd7\" data-element_type=\"widget\" data-widget_type=\"thim-icon-box.default\">\n\t\t\t\t<div class=\"elementor-widget-container\">\n\t\t\t\t\t<div class=\"thim-widget-icon-box\"><div class=\"wrapper-box-icon has_custom_image text-left\"><div class=\"smicon-box iconbox-top\"><div class=\"boxes-icon\"><a class=\"icon-box-link\" href=\"\" target=\"_blank\" rel=\"nofollow\"><span class=\"inner-icon\"><span class=\"icon icon-images\"><img loading=\"lazy\" decoding=\"async\" src=\"https:\/\/temp.csie.ase.ro\/wp-content\/uploads\/2024\/06\/sisc-logo.jpg\" alt=\"sisc logo\" title=\"sisc logo\"  width=\"900\" height=\"900\"><\/span><\/span><\/a><\/div><div class=\"content-inner\"><div class=\"sc-heading\"><h3 class=\"heading__primary\"><a class=\"icon-box-link\" href=\"\" target=\"_blank\" rel=\"nofollow\">Sindicatul Studen\u021bilor din Cibernetic\u0103 (SiSC)<\/a><\/h3><\/div><\/div><\/div><\/div><\/div>\t\t\t\t<\/div>\n\t\t\t\t<\/div>\n\t\t\t\t\t<\/div>\n\t\t<\/div>\n\t\t\t\t<div class=\"elementor-column elementor-col-50 elementor-inner-column elementor-element elementor-element-4e0996d7\" data-id=\"4e0996d7\" data-element_type=\"column\">\n\t\t\t<div class=\"elementor-widget-wrap elementor-element-populated\">\n\t\t\t\t\t\t<div class=\"elementor-element elementor-element-ad64e32 iconbox-text-left elementor-widget elementor-widget-thim-icon-box\" data-id=\"ad64e32\" data-element_type=\"widget\" data-widget_type=\"thim-icon-box.default\">\n\t\t\t\t<div class=\"elementor-widget-container\">\n\t\t\t\t\t<div class=\"thim-widget-icon-box\"><div class=\"wrapper-box-icon has_custom_image text-left\"><div class=\"smicon-box iconbox-top\"><div class=\"boxes-icon\"><a class=\"icon-box-link\" href=\"\" target=\"_blank\" rel=\"nofollow\"><span class=\"inner-icon\"><span class=\"icon icon-images\"><img loading=\"lazy\" decoding=\"async\" src=\"https:\/\/temp.csie.ase.ro\/wp-content\/uploads\/2024\/06\/usase.jpeg\" alt=\"usase\" title=\"usase\"  width=\"600\" height=\"600\"><\/span><\/span><\/a><\/div><div class=\"content-inner\"><div class=\"sc-heading\"><h3 class=\"heading__primary\"><a class=\"icon-box-link\" href=\"\" target=\"_blank\" rel=\"nofollow\">Uniunea Studen\u021bilor Academiei de Studii Economice din Bucure\u0219ti (USASE)<\/a><\/h3><\/div><\/div><\/div><\/div><\/div>\t\t\t\t<\/div>\n\t\t\t\t<\/div>\n\t\t\t\t\t<\/div>\n\t\t<\/div>\n\t\t\t\t\t<\/div>\n\t\t<\/section>\n\t\t\t\t\t<\/div>\n\t\t<\/div>\n\t\t\t\t\t<\/div>\n\t\t<\/section>\n\t\t\t\t<\/div>","protected":false},"excerpt":{"rendered":"<p>Studen\u021bi reprezentan\u021bi Studen\u021bii reprezentan\u021bi au rolul de a reprezenta studen\u021bii \u0219i interesele acestora \u00een cadrul structurilor decizionale din care fac parte \u0219i de a informa studen\u021bii cu privire la deciziile luate \u00een cadrul acestor structuri. Exist\u0103 dou\u0103 tipuri de studen\u021bi &hellip; <\/p>","protected":false},"author":11,"featured_media":0,"parent":0,"menu_order":0,"comment_status":"closed","ping_status":"closed","template":"","meta":{"footnotes":""},"class_list":["post-19079","page","type-page","status-publish","hentry"],"_links":{"self":[{"href":"https:\/\/temp.csie.ase.ro\/en\/wp-json\/wp\/v2\/pages\/19079","targetHints":{"allow":["GET"]}}],"collection":[{"href":"https:\/\/temp.csie.ase.ro\/en\/wp-json\/wp\/v2\/pages"}],"about":[{"href":"https:\/\/temp.csie.ase.ro\/en\/wp-json\/wp\/v2\/types\/page"}],"author":[{"embeddable":true,"href":"https:\/\/temp.csie.ase.ro\/en\/wp-json\/wp\/v2\/users\/11"}],"replies":[{"embeddable":true,"href":"https:\/\/temp.csie.ase.ro\/en\/wp-json\/wp\/v2\/comments?post=19079"}],"version-history":[{"count":24,"href":"https:\/\/temp.csie.ase.ro\/en\/wp-json\/wp\/v2\/pages\/19079\/revisions"}],"predecessor-version":[{"id":20079,"href":"https:\/\/temp.csie.ase.ro\/en\/wp-json\/wp\/v2\/pages\/19079\/revisions\/20079"}],"wp:attachment":[{"href":"https:\/\/temp.csie.ase.ro\/en\/wp-json\/wp\/v2\/media?parent=19079"}],"curies":[{"name":"wp","href":"https:\/\/api.w.org\/{rel}","templated":true}]}}