{"id":19742,"date":"2024-07-10T16:32:25","date_gmt":"2024-07-10T16:32:25","guid":{"rendered":"https:\/\/temp.csie.ase.ro\/?page_id=19742"},"modified":"2024-09-28T18:44:07","modified_gmt":"2024-09-28T18:44:07","slug":"erasmus","status":"publish","type":"page","link":"https:\/\/temp.csie.ase.ro\/en\/erasmus","title":{"rendered":"Erasmus+"},"content":{"rendered":"<div data-elementor-type=\"wp-page\" data-elementor-id=\"19742\" class=\"elementor elementor-19742\">\n\t\t\t\t<div class=\"elementor-element elementor-element-553be42 e-flex e-con-boxed e-con e-parent\" data-id=\"553be42\" data-element_type=\"container\">\n\t\t\t\t\t<div class=\"e-con-inner\">\n\t\t\t\t<div class=\"elementor-element elementor-element-abc0111 elementor-widget elementor-widget-text-editor\" data-id=\"abc0111\" data-element_type=\"widget\" data-widget_type=\"text-editor.default\">\n\t\t\t\t<div class=\"elementor-widget-container\">\n\t\t\t\t\t\t\t\t\t<h1 style=\"text-align: center;\">Oportunit\u0103\u021bi de studiu prin Erasmus +<\/h1><p>Mobilit\u0103\u021bile Erasmus+ sunt disponibile pentru to\u021bi studen\u021bii \u00eenscri\u0219i la formele de \u00eenv\u0103\u021b\u0103m\u00e2nt cu frecven\u021b\u0103, indiferent de na\u021bionalitate sau statut financiar. Po\u021bi beneficia de un num\u0103r maxim de 12 luni de mobilitate pe parcursul unui ciclu de studii (Licen\u021b\u0103, Masterat, Doctorat), fie pentru studii (\u00eentre 3 \u0219i 12 luni), fie pentru un stagiu (\u00eentre 2 \u0219i 12 luni) sau o combina\u021bie a celor dou\u0103.<\/p><p>\u00cen fiecare an, procesul de selec\u021bie pentru mobilit\u0103\u021bile de studii \u00eencepe dup\u0103 examenele din sesiunea de iarn\u0103, \u00een februarie sau martie. Oferta pentru mobilit\u0103\u021bi este publicat\u0103 la \u00eenceputul lunii februarie \u0219i cuprinde aproximativ 700 de locuri \u00een peste 200 de universit\u0103\u021bi, majoritatea din \u021b\u0103rile UE, dar \u0219i din c\u00e2teva destina\u021bii non-UE.<\/p><p>Universitatea noastr\u0103 are un num\u0103r remarcabil de parteneri interna\u021bionali \u2013 la \u00eenscriere po\u021bi alege una dintre aceste institu\u021bii sau una dintre celelalte universit\u0103\u021bi din oferta general\u0103. Singura condi\u021bie este ca disciplinele studiate la universitatea partener\u0103 s\u0103 fie compatibile cu planul de \u00eenv\u0103\u021b\u0103m\u00e2nt CSIE corespunz\u0103tor perioadei de mobilitate.<\/p><p>To\u021bi studen\u021bii \u00eenscri\u0219i la momentul selec\u021biei, av\u00e2nd o medie general\u0103 de minimum 7,00\/10,00 \u0219i minimum 70% din creditele ECTS necesare pentru nivelul lor de studii, sunt eligibili.<\/p><p>Pa\u0219ii de \u00eenscriere la care trebuie s\u0103 acorzi aten\u021bie sunt: afi\u0219area ofertelor de mobilitate, depunerea dosarelor de candidatur\u0103, unde po\u021bi alege p\u00e2n\u0103 la \u0219apte universit\u0103\u021bi, \u00een ordinea preferin\u021bei, interviul de selec\u021bie notat cu calificativele admis\/respins \u0219i afi\u0219area rezultatelor selec\u021biei.<\/p><h1 style=\"text-align: center;\">Study opportunities through Erasmus +<\/h1><p>Erasmus+ mobilities are available for all full-time students, regardless of their nationality or financial status. You can benefit from a maximum of 12 months of mobility during a cycle of studies (Bachelor\u2019s, Master\u2019s and Ph.D.), either for studies (between 3 to 12 months), or for an internship (between 2 and 12 months) or a combination of the two.<\/p><p>Each year, the selection process for the study mobilities begins after the winter exams, in February or March. The offer for mobilities is published at the beginning of February and consists of approximately 700 places in over 200 universities, mainly in the EU countries, but also some non-EU destinations.<\/p><p>Our school has a remarkable number of international partners \u2013 while applying you may choose one of them or one of the other universities on the general offer. The only condition is that the subjects available at the partner university must be compatible with your CSIE curriculum for the next year.<\/p><p>All the students enrolled at the time of the selection and have a GPA of minimum 7,00\/10,00 and minimum 70% of the ECTS credits required for their level of studies are eligible.<\/p><p>The application steps that you need to pay attention to are: display of mobility offers, submission of application files, where you can choose up to seven Universities, in order of preference, selection interview marked as admitted\/rejected and display of selection results.<\/p>\t\t\t\t\t\t\t\t<\/div>\n\t\t\t\t<\/div>\n\t\t\t\t\t<\/div>\n\t\t\t\t<\/div>\n\t\t<div class=\"elementor-element elementor-element-f7deeb7 e-flex e-con-boxed e-con e-parent\" data-id=\"f7deeb7\" data-element_type=\"container\">\n\t\t\t\t\t<div class=\"e-con-inner\">\n\t\t\t\t<div class=\"elementor-element elementor-element-5154bb5 elementor-button-info elementor-widget elementor-widget-button\" data-id=\"5154bb5\" data-element_type=\"widget\" data-widget_type=\"button.default\">\n\t\t\t\t<div class=\"elementor-widget-container\">\n\t\t\t\t\t\t\t\t\t<div class=\"elementor-button-wrapper\">\n\t\t\t\t\t<a class=\"elementor-button elementor-button-link elementor-size-sm\" href=\"https:\/\/erasmus.ase.ro\/\" target=\"_blank\">\n\t\t\t\t\t\t<span class=\"elementor-button-content-wrapper\">\n\t\t\t\t\t\t\t\t\t<span class=\"elementor-button-text\">Erasmus+<\/span>\n\t\t\t\t\t<\/span>\n\t\t\t\t\t<\/a>\n\t\t\t\t<\/div>\n\t\t\t\t\t\t\t\t<\/div>\n\t\t\t\t<\/div>\n\t\t\t\t\t<\/div>\n\t\t\t\t<\/div>\n\t\t\t\t<\/div>","protected":false},"excerpt":{"rendered":"<p>Oportunit\u0103\u021bi de studiu prin Erasmus + Mobilit\u0103\u021bile Erasmus+ sunt disponibile pentru to\u021bi studen\u021bii \u00eenscri\u0219i la formele de \u00eenv\u0103\u021b\u0103m\u00e2nt cu frecven\u021b\u0103, indiferent de na\u021bionalitate sau statut financiar. Po\u021bi beneficia de un num\u0103r maxim de 12 luni de mobilitate pe parcursul unui &hellip; <\/p>","protected":false},"author":11,"featured_media":0,"parent":0,"menu_order":0,"comment_status":"closed","ping_status":"closed","template":"","meta":{"footnotes":""},"class_list":["post-19742","page","type-page","status-publish","hentry"],"_links":{"self":[{"href":"https:\/\/temp.csie.ase.ro\/en\/wp-json\/wp\/v2\/pages\/19742","targetHints":{"allow":["GET"]}}],"collection":[{"href":"https:\/\/temp.csie.ase.ro\/en\/wp-json\/wp\/v2\/pages"}],"about":[{"href":"https:\/\/temp.csie.ase.ro\/en\/wp-json\/wp\/v2\/types\/page"}],"author":[{"embeddable":true,"href":"https:\/\/temp.csie.ase.ro\/en\/wp-json\/wp\/v2\/users\/11"}],"replies":[{"embeddable":true,"href":"https:\/\/temp.csie.ase.ro\/en\/wp-json\/wp\/v2\/comments?post=19742"}],"version-history":[{"count":20,"href":"https:\/\/temp.csie.ase.ro\/en\/wp-json\/wp\/v2\/pages\/19742\/revisions"}],"predecessor-version":[{"id":20168,"href":"https:\/\/temp.csie.ase.ro\/en\/wp-json\/wp\/v2\/pages\/19742\/revisions\/20168"}],"wp:attachment":[{"href":"https:\/\/temp.csie.ase.ro\/en\/wp-json\/wp\/v2\/media?parent=19742"}],"curies":[{"name":"wp","href":"https:\/\/api.w.org\/{rel}","templated":true}]}}