{"id":19846,"date":"2024-07-25T18:54:32","date_gmt":"2024-07-25T18:54:32","guid":{"rendered":"https:\/\/temp.csie.ase.ro\/?page_id=19846"},"modified":"2024-09-28T22:31:45","modified_gmt":"2024-09-28T22:31:45","slug":"stagiul-de-practica-pentru-studiile-de-masterat","status":"publish","type":"page","link":"https:\/\/temp.csie.ase.ro\/en\/stagiul-de-practica-pentru-studiile-de-masterat","title":{"rendered":"Stagiul de Practic\u0103 pentru Studiile de Masterat"},"content":{"rendered":"<div data-elementor-type=\"wp-page\" data-elementor-id=\"19846\" class=\"elementor elementor-19846\">\n\t\t\t\t<div class=\"elementor-element elementor-element-77b88dd e-flex e-con-boxed e-con e-parent\" data-id=\"77b88dd\" data-element_type=\"container\">\n\t\t\t\t\t<div class=\"e-con-inner\">\n\t\t\t\t<div class=\"elementor-element elementor-element-3daeeac elementor-widget elementor-widget-text-editor\" data-id=\"3daeeac\" data-element_type=\"widget\" data-widget_type=\"text-editor.default\">\n\t\t\t\t<div class=\"elementor-widget-container\">\n\t\t\t\t\t\t\t\t\t<p><strong>Practica de specialitate este o disciplin\u0103 obligatorie, prev\u0103zut\u0103 \u00een curriculum universitar \u00een anul 2 de studii de masterat si are o durat\u0103 de (minimum)\u00a0<\/strong><b>280 de ore<\/b>.<\/p><p>\u00a0<\/p><p>Men\u021bion\u0103m faptul c\u0103 Practica de specialitate se poate desf\u0103\u0219ura \u00een cadrul oric\u0103rei organiza\u021bii cu personalitate juridic\u0103\u00a0<strong>din \u021bar\u0103 sau din str\u0103in\u0103tate\u00a0<\/strong>(inclusiv institutii de stat), cu condi\u021bia ca activit\u0103\u021bile desf\u0103\u0219urate s\u0103 fie compatibile cu\u00a0<strong>domeniul de specializare<\/strong>\u00a0<strong>de la masterat\u00a0<\/strong>(pentru mai multe detalii v\u0103 rug\u0103m s\u0103 contacta\u021bi cadrele didactice coordonatoare ale grupelor din care face\u021bi parte). De asemenea, practica se poate desf\u0103\u0219ura de masterand \u0219i ca membru \u00een grupul \u021bint\u0103 al unui proiect cu finan\u021bare european\u0103 \u00een care ASE este beneficiar sau partener.\u00a0<strong>In plus, gasiti mai jos (in sectiunea \u201eOportunitati de practica si internship\u201d) postari actualizate cu firmele cu care facultatea a incheiat un acord cadru de colaborare privind stagiile de practica\/acord de parteneriat, si care ofera oportunitati de derulare a stagiului de practica<\/strong>\/<strong>internship<\/strong>\u00a0<strong>in anul universitar curent<\/strong>!<\/p><p>\u00cenainte de \u00eenceperea stagiului de practic\u0103 (sau ulterior, \u021bin\u00e2nd cont de faptul c\u0103 aceste informa\u021bii au fost ad\u0103ugate foarte recent), masteranzii au obliga\u021bia de a \u00eencheia\u00a0<strong>Conven\u021bia Cadru<\/strong>.<\/p><p><strong>Masteranzii ce sunt angaja\u021bi cu contract de munc\u0103 pe o perioad\u0103 de timp determinat\u0103\/nedeterminat\u0103, au beneficiat\/beneficiaz\u0103 de un stagiu de internship, au participat\/participa la o competitie studenteasca (gen hackathon etc) in anul universitar 2023-2024, si durata activitatilor desfasurate este de minim 280 de ore, nu au obliga\u021bia \u00eencheierii Conven\u021biei Cadru<\/strong>,\u00a0<strong>dar vor trimite prodecanului de resort o adeverin\u021b\u0103 semnat\u0103 de angajator din care s\u0103 reias\u0103 perioada contractului de munc\u0103 \u0219i\u00a0activit\u0103\u021bile din fi\u0219a postului.<\/strong>\u00a0<strong>In plus, pentru studen\u021bii ce isi echivaleaza astfel stagiul de practica, raman necesare intocmirea caietului de practica si a proiectului de practica!!<\/strong><\/p><p><strong>Pentru categoria de masteranzi men\u021bionat\u0103 mai sus, \u00een situa\u021bia \u00een care activit\u0103\u021bile din fi\u0219a postului se \u00eencadreaz\u0103 \u00een codurile COR aferente specializ\u0103rilor (ce pot fi consultate mai jos), nu este nevoie de nicio confirmare din partea prodecanului de resort \/ coordonatorului de practic\u0103 privind echivalarea stagiului de practic\u0103. Pentru\u00a0<\/strong><strong>masteranzii ce deruleaz\u0103 \u00een cadrul stagiului de practic\u0103 activit\u0103\u021bi ce se \u00eencadreaz\u0103 \u00een codurile COR aferente specializ\u0103rilor de la masterat, nu este nevoie de confirmare privind recunoa\u0219terea stagiului de practic\u0103.<\/strong><\/p>\t\t\t\t\t\t\t\t<\/div>\n\t\t\t\t<\/div>\n\t\t\t\t\t<\/div>\n\t\t\t\t<\/div>\n\t\t<div class=\"elementor-element elementor-element-47a4799 e-flex e-con-boxed e-con e-parent\" data-id=\"47a4799\" data-element_type=\"container\">\n\t\t\t\t\t<div class=\"e-con-inner\">\n\t\t\t\t<div class=\"elementor-element elementor-element-889d5d1 elementor-widget elementor-widget-text-editor\" data-id=\"889d5d1\" data-element_type=\"widget\" data-widget_type=\"text-editor.default\">\n\t\t\t\t<div class=\"elementor-widget-container\">\n\t\t\t\t\t\t\t\t\t<p>Men\u021bion\u0103m urm\u0103toarele defini\u021bii pentru termenii ce apar \u00een cadrul conven\u021biei de practic\u0103:<\/p>\t\t\t\t\t\t\t\t<\/div>\n\t\t\t\t<\/div>\n\t\t\t\t\t<\/div>\n\t\t\t\t<\/div>\n\t\t<div class=\"elementor-element elementor-element-158067e e-grid e-con-boxed e-con e-parent\" data-id=\"158067e\" data-element_type=\"container\">\n\t\t\t\t\t<div class=\"e-con-inner\">\n\t\t\t\t<div class=\"elementor-element elementor-element-febf409 elementor-view-framed elementor-shape-square elementor-position-top elementor-mobile-position-top elementor-widget elementor-widget-icon-box\" data-id=\"febf409\" data-element_type=\"widget\" data-widget_type=\"icon-box.default\">\n\t\t\t\t<div class=\"elementor-widget-container\">\n\t\t\t\t\t\t\t<div class=\"elementor-icon-box-wrapper\">\n\n\t\t\t\t\t\t<div class=\"elementor-icon-box-icon\">\n\t\t\t\t<span  class=\"elementor-icon\">\n\t\t\t\t<i aria-hidden=\"true\" class=\"tk tk-teacher\"><\/i>\t\t\t\t<\/span>\n\t\t\t<\/div>\n\t\t\t\n\t\t\t\t\t\t<div class=\"elementor-icon-box-content\">\n\n\t\t\t\t\t\t\t\t\t<h3 class=\"elementor-icon-box-title\">\n\t\t\t\t\t\t<span  >\n\t\t\t\t\t\t\tCadru didactic coordonator\t\t\t\t\t\t<\/span>\n\t\t\t\t\t<\/h3>\n\t\t\t\t\n\t\t\t\t\t\t\t\t\t<p class=\"elementor-icon-box-description\">\n\t\t\t\t\t\t-reprezint\u0103 cadrul didactic al facult\u0103\u021bii ce este desemnat coordonator de practic\u0103, alocat grupelor de la anul II masterat; Coordonatorul este de regul\u0103 directorul programului de masterat.\t\t\t\t\t<\/p>\n\t\t\t\t\n\t\t\t<\/div>\n\t\t\t\n\t\t<\/div>\n\t\t\t\t\t\t<\/div>\n\t\t\t\t<\/div>\n\t\t\t\t<div class=\"elementor-element elementor-element-76bf969 elementor-view-framed elementor-shape-square elementor-position-top elementor-mobile-position-top elementor-widget elementor-widget-icon-box\" data-id=\"76bf969\" data-element_type=\"widget\" data-widget_type=\"icon-box.default\">\n\t\t\t\t<div class=\"elementor-widget-container\">\n\t\t\t\t\t\t\t<div class=\"elementor-icon-box-wrapper\">\n\n\t\t\t\t\t\t<div class=\"elementor-icon-box-icon\">\n\t\t\t\t<span  class=\"elementor-icon\">\n\t\t\t\t<i aria-hidden=\"true\" class=\"tk tk-male\"><\/i>\t\t\t\t<\/span>\n\t\t\t<\/div>\n\t\t\t\n\t\t\t\t\t\t<div class=\"elementor-icon-box-content\">\n\n\t\t\t\t\t\t\t\t\t<h5 class=\"elementor-icon-box-title\">\n\t\t\t\t\t\t<span  >\n\t\t\t\t\t\t\tTutore\t\t\t\t\t\t<\/span>\n\t\t\t\t\t<\/h5>\n\t\t\t\t\n\t\t\t\t\t\t\t\t\t<p class=\"elementor-icon-box-description\">\n\t\t\t\t\t\t\u2013 reprezint\u0103 persoana din cadrul entit\u0103\u021bii \u00een care studentul \u00ee\u0219i desf\u0103\u0219oar\u0103 stagiul de practic\u0103, ce \u00eendrum\u0103 masterandul pe tot parcursul stagiului. \t\t\t\t\t<\/p>\n\t\t\t\t\n\t\t\t<\/div>\n\t\t\t\n\t\t<\/div>\n\t\t\t\t\t\t<\/div>\n\t\t\t\t<\/div>\n\t\t\t\t\t<\/div>\n\t\t\t\t<\/div>\n\t\t<div class=\"elementor-element elementor-element-cc9415b e-flex e-con-boxed e-con e-parent\" data-id=\"cc9415b\" data-element_type=\"container\">\n\t\t\t\t\t<div class=\"e-con-inner\">\n\t\t\t\t<div class=\"elementor-element elementor-element-3acb6e4 elementor-widget elementor-widget-text-editor\" data-id=\"3acb6e4\" data-element_type=\"widget\" data-widget_type=\"text-editor.default\">\n\t\t\t\t<div class=\"elementor-widget-container\">\n\t\t\t\t\t\t\t\t\t<h2>Etapele \u00eencheierii conven\u021biei de practic\u0103:<\/h2>\t\t\t\t\t\t\t\t<\/div>\n\t\t\t\t<\/div>\n\t\t\t\t<div class=\"elementor-element elementor-element-845130f elementor-widget elementor-widget-text-editor\" data-id=\"845130f\" data-element_type=\"widget\" data-widget_type=\"text-editor.default\">\n\t\t\t\t<div class=\"elementor-widget-container\">\n\t\t\t\t\t\t\t\t\t<ol class=\"wp-block-list\"><li>Masterandul va desc\u0103rca varianta electronica (\u00een format Word) a\u00a0<a href=\"https:\/\/csie.ase.ro\/wp-content\/uploads\/2024\/02\/Conventie_practica_Masterat_2023-2024.docx\">Conven\u021biei de Practic\u0103<\/a>, o va completa\u00a0<strong>fizic sau electronic<\/strong>\u00a0cu datele sale \u0219i o va semna; va desc\u0103rca de asemenea\u00a0<a href=\"https:\/\/csie.ase.ro\/wp-content\/uploads\/2024\/02\/Acord_prelucrare_date_Masterat_2023-2024.docx\">Acordul de Prelucrare a Datelor Personale<\/a>,\u00a0<b>ce va fi completat \u0219i semnat o singur\u0103 dat\u0103 de fiecare societate\/institu\u021bie;<\/b><\/li><li>Masterandul , folosind adresa de e-mail institu\u021bional\u0103, va transmite,\u00a0<strong>in format electronic sau fizic<\/strong>, c\u0103tre entitatea primitoare \u00een practic\u0103 documentul completat astfel \u00eenc\u00e2t responsabilul \/ \u00eemputernicitul legal al acesteia \u0219i tutorele s\u0103 o poat\u0103 completa \u0219i semna, folosind semn\u0103tura electronic\u0103 autorizat\u0103 \/ semn\u0103tura olograf\u0103 si \u0219tampila entit\u0103\u021bii, \u00een c\u00e2mpul special destinat;<\/li><li>Reprezentantul entit\u0103\u021bii primitoare \u00een practic\u0103 transmite documentul completat \u0219i semnat c\u0103tre masterand;<\/li><li>Masterandul transmite fizic sau electronic (de pe adresa de e-mail insitu\u021bionala) prodecanului responsabil de practic\u0103 conven\u021bia de practic\u0103, la adresa de email\u00a0<a href=\"mailto:ovidiu.solomon@csie.ase.ro\">ovidiu.solomon@csie.ase.ro<\/a>\u00a0daca documentul este transmis electronic, urmand ca acesta sa o semneze fizic\/electronic. Conven\u021bia de practic\u0103 este retransmis\u0103 apoi masterandului\u00a0 \u00een format fizic\/.pdf, documentul aferent fiind denumit Conventie-practica_Nume_Prenume.pdf. \u00cen lipsa unor alte solicit\u0103ri ale entit\u0103\u021bii la care se efectueaz\u0103 stagiul de practic\u0103, spre sf\u00e2r\u0219itul stagiului masteranzii vor \u00eenc\u0103rca conven\u021bia cadru pe platforma\u00a0<a href=\"http:\/\/online.ase.ro\/\" target=\"_blank\" rel=\"noreferrer noopener\" data-saferedirecturl=\"https:\/\/www.google.com\/url?q=http:\/\/online.ase.ro\/&amp;source=gmail&amp;ust=1708690983081000&amp;usg=AOvVaw36mQbiIfEGuj8meHaFQMSQ\">online.ase.ro<\/a>. Coordonatorii vor semna \u0219i centraliza conven\u021biile.<\/li><\/ol>\t\t\t\t\t\t\t\t<\/div>\n\t\t\t\t<\/div>\n\t\t\t\t\t<\/div>\n\t\t\t\t<\/div>\n\t\t<div class=\"elementor-element elementor-element-f231f07 e-flex e-con-boxed e-con e-parent\" data-id=\"f231f07\" data-element_type=\"container\">\n\t\t\t\t\t<div class=\"e-con-inner\">\n\t\t\t\t<div class=\"elementor-element elementor-element-104064b elementor-widget elementor-widget-text-editor\" data-id=\"104064b\" data-element_type=\"widget\" data-widget_type=\"text-editor.default\">\n\t\t\t\t<div class=\"elementor-widget-container\">\n\t\t\t\t\t\t\t\t\t<p><strong>Stagiul de practic\u0103 va fi \u00eencheiat p\u00e2n\u0103 la sf\u00e2r\u0219itul s\u0103pt\u0103m\u00e2nii a 13-a de activit\u0103\u021bi didactice aferente semestrului II, respectiv pana la data de 24 mai 2024<\/strong>. La \u00eencheierea stagiului de practic\u0103, masteranzii vor transmite fizic\/electronic (de pe adresa de e-mail insitu\u021bionala) cadrului didactic coordonator de practic\u0103 urmatoarele documente: \u2013\u00a0<strong><a href=\"https:\/\/csie.ase.ro\/wp-content\/uploads\/2021\/03\/Model_adeverinta_practica1.docx\" target=\"_blank\" rel=\"noopener\" data-saferedirecturl=\"https:\/\/www.google.com\/url?q=https:\/\/csie.ase.ro\/wp-content\/uploads\/2021\/03\/Model_adeverinta_practica1.docx&amp;source=gmail&amp;ust=1708690983081000&amp;usg=AOvVaw3YGFFB3nZsV6e5ivq_KJN3\">Adeverin\u021ba de practic\u0103<\/a><\/strong>, semnat\u0103 \u0219i \u0219tampilat\u0103 de angajator, \u00een care angajatorul va preciza perioada \u00een care a avut loc stagiul, num\u0103rul de ore efectuate \u0219i calificativul ob\u021binut. Un model \u00eel pute\u021bi consulta\u00a0<a href=\"https:\/\/csie.ase.ro\/wp-content\/uploads\/2021\/03\/Model_adeverinta_practica1.docx\" target=\"_blank\" rel=\"noopener\" data-saferedirecturl=\"https:\/\/www.google.com\/url?q=https:\/\/csie.ase.ro\/wp-content\/uploads\/2021\/03\/Model_adeverinta_practica1.docx&amp;source=gmail&amp;ust=1708690983081000&amp;usg=AOvVaw3YGFFB3nZsV6e5ivq_KJN3\">aici<\/a>. \u2013\u00a0<strong><a href=\"https:\/\/csie.ase.ro\/wp-content\/uploads\/2023\/02\/Model_Caiet_de_practica_1.docx\" target=\"_blank\" rel=\"noopener\" data-saferedirecturl=\"https:\/\/www.google.com\/url?q=https:\/\/csie.ase.ro\/wp-content\/uploads\/2023\/02\/Model_Caiet_de_practica_1.docx&amp;source=gmail&amp;ust=1708690983081000&amp;usg=AOvVaw3d6ri87MN_iqDaA1ws-EFh\">Caietul de practic\u0103<\/a><\/strong>, prezentat sub forma unui jurnal \u00een care sunt descrise cronologic activit\u0103\u0163ile desf\u0103\u015furate \u00een cadrul stagiului de practic\u0103; un model il puteti consulta\u00a0<a href=\"https:\/\/csie.ase.ro\/wp-content\/uploads\/2023\/02\/Model_Caiet_de_practica_1.docx\" target=\"_blank\" rel=\"noopener\" data-saferedirecturl=\"https:\/\/www.google.com\/url?q=https:\/\/csie.ase.ro\/wp-content\/uploads\/2023\/02\/Model_Caiet_de_practica_1.docx&amp;source=gmail&amp;ust=1708690983081000&amp;usg=AOvVaw3d6ri87MN_iqDaA1ws-EFh\">aici<\/a>. \u2013\u00a0<strong><a href=\"https:\/\/csie.ase.ro\/wp-content\/uploads\/2023\/02\/Model_Proiect_practica_1.docx\" target=\"_blank\" rel=\"noopener\" data-saferedirecturl=\"https:\/\/www.google.com\/url?q=https:\/\/csie.ase.ro\/wp-content\/uploads\/2023\/02\/Model_Proiect_practica_1.docx&amp;source=gmail&amp;ust=1708690983081000&amp;usg=AOvVaw1Iet07J4knPYr0Wr2zc6OJ\">Proiectul de practic\u0103<\/a><\/strong>\u00a0trebuie s\u0103 pun\u0103 \u00een valoare aplicarea cuno\u015ftin\u0163elor dob\u00e2ndite in cadrul stagiului de practica, pornind de la una\/mai multe discipline studiate la facultate; un model il puteti consulta\u00a0<a href=\"https:\/\/csie.ase.ro\/wp-content\/uploads\/2023\/02\/Model_Proiect_practica_1.docx\" target=\"_blank\" rel=\"noopener\" data-saferedirecturl=\"https:\/\/www.google.com\/url?q=https:\/\/csie.ase.ro\/wp-content\/uploads\/2023\/02\/Model_Proiect_practica_1.docx&amp;source=gmail&amp;ust=1708690983081000&amp;usg=AOvVaw1Iet07J4knPYr0Wr2zc6OJ\">aici<\/a>.<\/p><p>Sus\u021binerea proiectului de practic\u0103 va avea loc \u00een perioada specificata, la o dat\u0103 aleas\u0103 de coordonatorul de practic\u0103.<\/p>\t\t\t\t\t\t\t\t<\/div>\n\t\t\t\t<\/div>\n\t\t\t\t\t<\/div>\n\t\t\t\t<\/div>\n\t\t<div class=\"elementor-element elementor-element-4fdbb7b e-flex e-con-boxed e-con e-parent\" data-id=\"4fdbb7b\" data-element_type=\"container\">\n\t\t\t\t\t<div class=\"e-con-inner\">\n\t\t\t\t<div class=\"elementor-element elementor-element-90c0be4 elementor-widget elementor-widget-text-editor\" data-id=\"90c0be4\" data-element_type=\"widget\" data-widget_type=\"text-editor.default\">\n\t\t\t\t<div class=\"elementor-widget-container\">\n\t\t\t\t\t\t\t\t\t<h2 class=\"wp-block-heading\">Lista codurilor COR aferente specializ\u0103rilor facult\u0103\u021bii<\/h2><p>Aceast\u0103 list\u0103 a fost extras\u0103 de pe link-ul\u00a0<a href=\"http:\/\/mmuncii.ro\/j33\/index.php\/ro\/2014-domenii\/munca\/c-o-r?id=46:cor-isco-\" target=\"_blank\" rel=\"noreferrer noopener\" data-saferedirecturl=\"https:\/\/www.google.com\/url?q=http:\/\/mmuncii.ro\/j33\/index.php\/ro\/2014-domenii\/munca\/c-o-r?id%3D46:cor-isco-&amp;source=gmail&amp;ust=1708690983081000&amp;usg=AOvVaw3XAXJBfXAFyR89pJb5P8H7\">acesta<\/a>\u00a0privind Clasificarea Ocupa\u021biilor din Rom\u00e2nia, ce a fost actualizat \u00een data de 26 octombrie 2020. Lista orientativ\u0103 a codurilor COR pentru specializ\u0103rile Informatic\u0103 Economic\u0103 \u0219i Cibernetic\u0103 Economic\u0103 poate fi consultat\u0103\u00a0<a href=\"https:\/\/csie.ase.ro\/wp-content\/uploads\/2021\/03\/COR_InfoEc_CibEc.docx\" target=\"_blank\" rel=\"noopener\" data-saferedirecturl=\"https:\/\/www.google.com\/url?q=https:\/\/csie.ase.ro\/wp-content\/uploads\/2021\/03\/COR_InfoEc_CibEc.docx&amp;source=gmail&amp;ust=1708690983081000&amp;usg=AOvVaw03EQeFeU3_BIXGtrRDr5B2\">aici<\/a>; Lista orientativ\u0103 a codurilor COR pentru specializarea Statistic\u0103 \u0219i Previziune Economic\u0103 poate fi consultat\u0103\u00a0<a href=\"https:\/\/csie.ase.ro\/wp-content\/uploads\/2021\/03\/COR_StatEc.docx\" target=\"_blank\" rel=\"noopener\" data-saferedirecturl=\"https:\/\/www.google.com\/url?q=https:\/\/csie.ase.ro\/wp-content\/uploads\/2021\/03\/COR_StatEc.docx&amp;source=gmail&amp;ust=1708690983081000&amp;usg=AOvVaw0lRZtl0UCpoYxrJnIOuCAW\">aici<\/a>. Aceste coduri sunt strict orientative, put\u00e2nd fi acceptate \u0219i alte coduri ce au leg\u0103tur\u0103 cu tipul programului de masterat.<\/p>\t\t\t\t\t\t\t\t<\/div>\n\t\t\t\t<\/div>\n\t\t\t\t\t<\/div>\n\t\t\t\t<\/div>\n\t\t<div class=\"elementor-element elementor-element-17e85d7 e-flex e-con-boxed e-con e-parent\" data-id=\"17e85d7\" data-element_type=\"container\">\n\t\t\t\t\t<div class=\"e-con-inner\">\n\t\t\t\t<div class=\"elementor-element elementor-element-861fe0a elementor-widget elementor-widget-text-editor\" data-id=\"861fe0a\" data-element_type=\"widget\" data-widget_type=\"text-editor.default\">\n\t\t\t\t<div class=\"elementor-widget-container\">\n\t\t\t\t\t\t\t\t\t<h2 class=\"wp-block-heading\">Metodologia ASE ce reglementeaz\u0103 modalitatea de derulare a stagiului de practic\u0103<\/h2>\t\t\t\t\t\t\t\t<\/div>\n\t\t\t\t<\/div>\n\t\t\t\t\t<\/div>\n\t\t\t\t<\/div>\n\t\t<div class=\"elementor-element elementor-element-387ce4b e-flex e-con-boxed e-con e-parent\" data-id=\"387ce4b\" data-element_type=\"container\">\n\t\t\t\t\t<div class=\"e-con-inner\">\n\t\t\t\t<div class=\"elementor-element elementor-element-4293026 elementor-button-info elementor-align-center elementor-widget elementor-widget-button\" data-id=\"4293026\" data-element_type=\"widget\" data-widget_type=\"button.default\">\n\t\t\t\t<div class=\"elementor-widget-container\">\n\t\t\t\t\t\t\t\t\t<div class=\"elementor-button-wrapper\">\n\t\t\t\t\t<a class=\"elementor-button elementor-button-link elementor-size-sm\" href=\"https:\/\/csie.ase.ro\/wp-content\/uploads\/2024\/02\/Metodologie_practica_Masterat_2023-2024.docx\">\n\t\t\t\t\t\t<span class=\"elementor-button-content-wrapper\">\n\t\t\t\t\t\t\t\t\t<span class=\"elementor-button-text\">Metodologie pentru programele de masterat<\/span>\n\t\t\t\t\t<\/span>\n\t\t\t\t\t<\/a>\n\t\t\t\t<\/div>\n\t\t\t\t\t\t\t\t<\/div>\n\t\t\t\t<\/div>\n\t\t\t\t\t<\/div>\n\t\t\t\t<\/div>\n\t\t<div class=\"elementor-element elementor-element-ef5acc3 e-flex e-con-boxed e-con e-parent\" data-id=\"ef5acc3\" data-element_type=\"container\">\n\t\t\t\t\t<div class=\"e-con-inner\">\n\t\t\t\t<div class=\"elementor-element elementor-element-3206d8f elementor-widget elementor-widget-text-editor\" data-id=\"3206d8f\" data-element_type=\"widget\" data-widget_type=\"text-editor.default\">\n\t\t\t\t<div class=\"elementor-widget-container\">\n\t\t\t\t\t\t\t\t\t<h2 class=\"wp-block-heading\">Oportunit\u0103\u021bi de practic\u0103 \u0219i internship<\/h2>\t\t\t\t\t\t\t\t<\/div>\n\t\t\t\t<\/div>\n\t\t\t\t\t<\/div>\n\t\t\t\t<\/div>\n\t\t<div class=\"elementor-element elementor-element-fad25cd e-flex e-con-boxed e-con e-parent\" data-id=\"fad25cd\" data-element_type=\"container\">\n\t\t\t\t\t<div class=\"e-con-inner\">\n\t\t\t\t<div class=\"elementor-element elementor-element-74610ed elementor-widget elementor-widget-text-editor\" data-id=\"74610ed\" data-element_type=\"widget\" data-widget_type=\"text-editor.default\">\n\t\t\t\t<div class=\"elementor-widget-container\">\n\t\t\t\t\t\t\t\t\t<p>\u00cen metodologia privind organizarea \u0219i desf\u0103\u0219urarea practicii de specialitate se precizeaz\u0103 faptul c\u0103 studen\u021bii au obliga\u021bia de a-\u0219i identifica partenerii de practic\u0103 cu care s\u0103 \u00eencheie conven\u021biile. Pe de alt\u0103 parte, conducerea facult\u0103\u021bii depune toate eforturile de a identifica societ\u0103\u021bi ce ofer\u0103 locuri pentru efectuarea stagiilor de practic\u0103, precum \u0219i alte modalit\u0103\u021bi prin care studen\u021bii pot realiza practica. Num\u0103rul locurilor oferite de partenerii CSIE este limitat, iar selec\u021bia se va face conform profilului \u0219i a criteriilor oferite de companie. Oportunit\u0103\u021bile de practic\u0103 \u00een timp real pot fi consultate\u00a0<a href=\"http:\/\/www.stagii.csie.ase.ro\/\">aici<\/a>.<\/p>\t\t\t\t\t\t\t\t<\/div>\n\t\t\t\t<\/div>\n\t\t\t\t\t<\/div>\n\t\t\t\t<\/div>\n\t\t\t\t<\/div>","protected":false},"excerpt":{"rendered":"<p>Practica de specialitate este o disciplin\u0103 obligatorie, prev\u0103zut\u0103 \u00een curriculum universitar \u00een anul 2 de studii de masterat si are o durat\u0103 de (minimum)\u00a0280 de ore. \u00a0 Men\u021bion\u0103m faptul c\u0103 Practica de specialitate se poate desf\u0103\u0219ura \u00een cadrul oric\u0103rei organiza\u021bii &hellip; <\/p>","protected":false},"author":12,"featured_media":0,"parent":0,"menu_order":0,"comment_status":"closed","ping_status":"closed","template":"","meta":{"footnotes":""},"class_list":["post-19846","page","type-page","status-publish","hentry"],"_links":{"self":[{"href":"https:\/\/temp.csie.ase.ro\/en\/wp-json\/wp\/v2\/pages\/19846","targetHints":{"allow":["GET"]}}],"collection":[{"href":"https:\/\/temp.csie.ase.ro\/en\/wp-json\/wp\/v2\/pages"}],"about":[{"href":"https:\/\/temp.csie.ase.ro\/en\/wp-json\/wp\/v2\/types\/page"}],"author":[{"embeddable":true,"href":"https:\/\/temp.csie.ase.ro\/en\/wp-json\/wp\/v2\/users\/12"}],"replies":[{"embeddable":true,"href":"https:\/\/temp.csie.ase.ro\/en\/wp-json\/wp\/v2\/comments?post=19846"}],"version-history":[{"count":9,"href":"https:\/\/temp.csie.ase.ro\/en\/wp-json\/wp\/v2\/pages\/19846\/revisions"}],"predecessor-version":[{"id":20455,"href":"https:\/\/temp.csie.ase.ro\/en\/wp-json\/wp\/v2\/pages\/19846\/revisions\/20455"}],"wp:attachment":[{"href":"https:\/\/temp.csie.ase.ro\/en\/wp-json\/wp\/v2\/media?parent=19846"}],"curies":[{"name":"wp","href":"https:\/\/api.w.org\/{rel}","templated":true}]}}