{"id":20266,"date":"2024-09-28T19:31:24","date_gmt":"2024-09-28T19:31:24","guid":{"rendered":"https:\/\/temp.csie.ase.ro\/?page_id=20266"},"modified":"2024-09-28T20:46:43","modified_gmt":"2024-09-28T20:46:43","slug":"informatica-economica","status":"publish","type":"page","link":"https:\/\/temp.csie.ase.ro\/en\/programe\/licenta\/informatica-economica","title":{"rendered":"Informatic\u0103-economic\u0103"},"content":{"rendered":"<div data-elementor-type=\"wp-page\" data-elementor-id=\"20266\" class=\"elementor elementor-20266\">\n\t\t\t\t<div class=\"elementor-element elementor-element-e7c5a33 e-flex e-con-boxed e-con e-parent\" data-id=\"e7c5a33\" data-element_type=\"container\">\n\t\t\t\t\t<div class=\"e-con-inner\">\n\t\t\t\t<div class=\"elementor-element elementor-element-afaf035 elementor-widget elementor-widget-heading\" data-id=\"afaf035\" data-element_type=\"widget\" data-widget_type=\"heading.default\">\n\t\t\t\t<div class=\"elementor-widget-container\">\n\t\t\t\t\t<h2 class=\"elementor-heading-title elementor-size-default\">Business Informatics<\/h2>\t\t\t\t<\/div>\n\t\t\t\t<\/div>\n\t\t\t\t\t<\/div>\n\t\t\t\t<\/div>\n\t\t<div class=\"elementor-element elementor-element-2b2914c e-flex e-con-boxed e-con e-parent\" data-id=\"2b2914c\" data-element_type=\"container\">\n\t\t\t\t\t<div class=\"e-con-inner\">\n\t\t\t\t<div class=\"elementor-element elementor-element-095ebf8 elementor-widget elementor-widget-text-editor\" data-id=\"095ebf8\" data-element_type=\"widget\" data-widget_type=\"text-editor.default\">\n\t\t\t\t<div class=\"elementor-widget-container\">\n\t\t\t\t\t\t\t\t\t<p>Programul de licen\u021b\u0103 \u00een Informatic\u0103 Economic\u0103 asigur\u0103 instruirea pentru: analiza, proiectarea \u0219i implementarea sistemelor informa\u021bionale \u00een companii; utilizarea \u0219i configurarea pachetelor software cu aplica\u021bii \u00een economie; dezvoltarea \u0219i introducerea software-ului aplicat; cercetarea \u0219i aplicarea noilor tehnologii informatice; abilit\u0103\u021bi de programare pe calculator.<\/p><p>Ca buni anali\u0219ti, buni speciali\u0219ti \u00een tehnica de ultim\u0103 or\u0103, capabili s\u0103 \u00een\u021beleag\u0103 \u0219i s\u0103 analizeze problemele managementului, absolven\u021bii ar trebui s\u0103 poat\u0103 oferi solu\u021bii la nivelul ultimelor realiz\u0103ri \u00een domeniu, \u00een leg\u0103tur\u0103 str\u00e2ns\u0103 cu obiectivele, organizarea \u0219i posibilit\u0103\u021bile clien\u021bilor.<\/p>\t\t\t\t\t\t\t\t<\/div>\n\t\t\t\t<\/div>\n\t\t\t\t\t<\/div>\n\t\t\t\t<\/div>\n\t\t<div class=\"elementor-element elementor-element-b9ffa82 e-flex e-con-boxed e-con e-parent\" data-id=\"b9ffa82\" data-element_type=\"container\">\n\t\t\t\t\t<div class=\"e-con-inner\">\n\t\t\t\t<div class=\"elementor-element elementor-element-86a0875 elementor-widget elementor-widget-heading\" data-id=\"86a0875\" data-element_type=\"widget\" data-widget_type=\"heading.default\">\n\t\t\t\t<div class=\"elementor-widget-container\">\n\t\t\t\t\t<h2 class=\"elementor-heading-title elementor-size-default\">Ce te \u00eenv\u0103\u021b\u0103m ?\n<\/h2>\t\t\t\t<\/div>\n\t\t\t\t<\/div>\n\t\t\t\t\t<\/div>\n\t\t\t\t<\/div>\n\t\t<div class=\"elementor-element elementor-element-1be8ea1 e-grid e-con-boxed e-con e-parent\" data-id=\"1be8ea1\" data-element_type=\"container\">\n\t\t\t\t\t<div class=\"e-con-inner\">\n\t\t\t\t<div class=\"elementor-element elementor-element-a4ec618 elementor-widget elementor-widget-image\" data-id=\"a4ec618\" data-element_type=\"widget\" data-widget_type=\"image.default\">\n\t\t\t\t<div class=\"elementor-widget-container\">\n\t\t\t\t\t\t\t\t\t\t\t\t\t\t\t<img fetchpriority=\"high\" decoding=\"async\" width=\"598\" height=\"377\" src=\"https:\/\/temp.csie.ase.ro\/wp-content\/uploads\/2024\/09\/economic-informatics.png\" class=\"attachment-large size-large wp-image-20276\" alt=\"\" srcset=\"https:\/\/temp.csie.ase.ro\/wp-content\/uploads\/2024\/09\/economic-informatics.png 598w, https:\/\/temp.csie.ase.ro\/wp-content\/uploads\/2024\/09\/economic-informatics-300x189.png 300w\" sizes=\"(max-width: 598px) 100vw, 598px\" \/>\t\t\t\t\t\t\t\t\t\t\t\t\t\t\t<\/div>\n\t\t\t\t<\/div>\n\t\t\t\t<div class=\"elementor-element elementor-element-b2b1d9c elementor-widget elementor-widget-text-editor\" data-id=\"b2b1d9c\" data-element_type=\"widget\" data-widget_type=\"text-editor.default\">\n\t\t\t\t<div class=\"elementor-widget-container\">\n\t\t\t\t\t\t\t\t\t<p><strong>Programming and Software Development: <\/strong><\/p><ul><li>Bazele tehnologiei informa\u021biei;<\/li><li>Bazele program\u0103rii;<\/li><li>Programare evolutiv\u0103 \u0219i algoritmi genetici;<\/li><li>Sisteme de operare pentru calculatoare;<\/li><li>Programare orientat\u0103 pe obiecte \u00een C++;<\/li><li>Programare Java;<\/li><li>Structuri de date;<\/li><li>Tehnologii web (NodJS, React, Angular);<\/li><li>Re\u021bele de calculatoare;<\/li><li>Programarea aplica\u021biilor Windows (platforma .Net);<\/li><li>Multimedia;<\/li><li>Dispozitive \u0219i aplica\u021bii mobile (platforma Android);<\/li><\/ul>\t\t\t\t\t\t\t\t<\/div>\n\t\t\t\t<\/div>\n\t\t\t\t\t<\/div>\n\t\t\t\t<\/div>\n\t\t<div class=\"elementor-element elementor-element-77b696c e-grid e-con-boxed e-con e-parent\" data-id=\"77b696c\" data-element_type=\"container\">\n\t\t\t\t\t<div class=\"e-con-inner\">\n\t\t\t\t<div class=\"elementor-element elementor-element-17c35fe elementor-widget elementor-widget-text-editor\" data-id=\"17c35fe\" data-element_type=\"widget\" data-widget_type=\"text-editor.default\">\n\t\t\t\t<div class=\"elementor-widget-container\">\n\t\t\t\t\t\t\t\t\t<p><strong>\u0218tiin\u021be economice &amp; matematic\u0103:<\/strong><\/p><ul><li>Economie;<\/li><li>Algebr\u0103;<\/li><li>Marketing;<\/li><li>Contabilitate;<\/li><li>Analiza matematic\u0103;<\/li><li>Probabilitate \u0219i statistici matematice;<\/li><li>Management;<\/li><li>Finan\u0163e;<\/li><li>Sociologie;<\/li><li>Teoria dreptului;\u00a0<\/li><\/ul>\t\t\t\t\t\t\t\t<\/div>\n\t\t\t\t<\/div>\n\t\t\t\t<div class=\"elementor-element elementor-element-29f148d elementor-widget elementor-widget-text-editor\" data-id=\"29f148d\" data-element_type=\"widget\" data-widget_type=\"text-editor.default\">\n\t\t\t\t<div class=\"elementor-widget-container\">\n\t\t\t\t\t\t\t\t\t<p><strong>Analiz\u0103 \u0219i modelare:<\/strong><\/p><ul><li>Bazele cercet\u0103rii opera\u021bionale;<\/li><li>Bazele statisticii;<\/li><li>Statistici macroeconomice;<\/li><li>Microeconomie cantitativ\u0103;<\/li><li>Macroeconomie cantitativ\u0103;<\/li><li>Analiza datelor;<\/li><li>Econometrie; Cercet\u0103ri Opera\u021bionale;<\/li><li>Cibernetica sistemelor economice;<\/li><li>Serii temporale;<\/li><\/ul>\t\t\t\t\t\t\t\t<\/div>\n\t\t\t\t<\/div>\n\t\t\t\t\t<\/div>\n\t\t\t\t<\/div>\n\t\t<div class=\"elementor-element elementor-element-9ef55d6 e-grid e-con-boxed e-con e-parent\" data-id=\"9ef55d6\" data-element_type=\"container\">\n\t\t\t\t\t<div class=\"e-con-inner\">\n\t\t\t\t<div class=\"elementor-element elementor-element-39c9064 elementor-widget elementor-widget-text-editor\" data-id=\"39c9064\" data-element_type=\"widget\" data-widget_type=\"text-editor.default\">\n\t\t\t\t<div class=\"elementor-widget-container\">\n\t\t\t\t\t\t\t\t\t<p><strong>Analiza \u0219i proiectarea sistemelor informatice:<\/strong><\/p><ul><li>Proiectarea sistemelor informatice;<\/li><li>Sisteme informatice economice;<\/li><li>Dispozitive \u0219i aplica\u021bii mobile;<\/li><li>Programarea aplica\u021biilor Windows;<\/li><\/ul>\t\t\t\t\t\t\t\t<\/div>\n\t\t\t\t<\/div>\n\t\t\t\t\t<\/div>\n\t\t\t\t<\/div>\n\t\t<div class=\"elementor-element elementor-element-7311782 e-flex e-con-boxed e-con e-parent\" data-id=\"7311782\" data-element_type=\"container\">\n\t\t\t\t\t<div class=\"e-con-inner\">\n\t\t\t\t<div class=\"elementor-element elementor-element-d85ac11 elementor-widget elementor-widget-heading\" data-id=\"d85ac11\" data-element_type=\"widget\" data-widget_type=\"heading.default\">\n\t\t\t\t<div class=\"elementor-widget-container\">\n\t\t\t\t\t<h2 class=\"elementor-heading-title elementor-size-default\">Unde faci practica ?<\/h2>\t\t\t\t<\/div>\n\t\t\t\t<\/div>\n\t\t\t\t\t<\/div>\n\t\t\t\t<\/div>\n\t\t<div class=\"elementor-element elementor-element-f7bec67 e-flex e-con-boxed e-con e-parent\" data-id=\"f7bec67\" data-element_type=\"container\">\n\t\t\t\t\t<div class=\"e-con-inner\">\n\t\t\t\t<div class=\"elementor-element elementor-element-d3a3d26 elementor-widget elementor-widget-text-editor\" data-id=\"d3a3d26\" data-element_type=\"widget\" data-widget_type=\"text-editor.default\">\n\t\t\t\t<div class=\"elementor-widget-container\">\n\t\t\t\t\t\t\t\t\t<p>Partenerii no\u0219tri de practic\u0103 sunt companii de renume interna\u021bional \u00een domeniul IT, bancar \u0219i analize economico-financiare:<\/p>\t\t\t\t\t\t\t\t<\/div>\n\t\t\t\t<\/div>\n\t\t\t\t\t<\/div>\n\t\t\t\t<\/div>\n\t\t<div class=\"elementor-element elementor-element-f289e6b e-flex e-con-boxed e-con e-parent\" data-id=\"f289e6b\" data-element_type=\"container\">\n\t\t\t\t\t<div class=\"e-con-inner\">\n\t\t\t\t<div class=\"elementor-element elementor-element-25b9aeb elementor-widget elementor-widget-image\" data-id=\"25b9aeb\" data-element_type=\"widget\" data-widget_type=\"image.default\">\n\t\t\t\t<div class=\"elementor-widget-container\">\n\t\t\t\t\t\t\t\t\t\t\t\t\t\t\t<img decoding=\"async\" width=\"501\" height=\"425\" src=\"https:\/\/temp.csie.ase.ro\/wp-content\/uploads\/2024\/09\/practica-informatica.png\" class=\"attachment-large size-large wp-image-20292\" alt=\"\" srcset=\"https:\/\/temp.csie.ase.ro\/wp-content\/uploads\/2024\/09\/practica-informatica.png 501w, https:\/\/temp.csie.ase.ro\/wp-content\/uploads\/2024\/09\/practica-informatica-300x254.png 300w\" sizes=\"(max-width: 501px) 100vw, 501px\" \/>\t\t\t\t\t\t\t\t\t\t\t\t\t\t\t<\/div>\n\t\t\t\t<\/div>\n\t\t\t\t\t<\/div>\n\t\t\t\t<\/div>\n\t\t<div class=\"elementor-element elementor-element-690d1cb e-flex e-con-boxed e-con e-parent\" data-id=\"690d1cb\" data-element_type=\"container\">\n\t\t\t\t\t<div class=\"e-con-inner\">\n\t\t\t\t<div class=\"elementor-element elementor-element-f1877e7 elementor-widget elementor-widget-heading\" data-id=\"f1877e7\" data-element_type=\"widget\" data-widget_type=\"heading.default\">\n\t\t\t\t<div class=\"elementor-widget-container\">\n\t\t\t\t\t<h2 class=\"elementor-heading-title elementor-size-default\">Pentru ce job-uri te preg\u0103tim ?<\/h2>\t\t\t\t<\/div>\n\t\t\t\t<\/div>\n\t\t\t\t\t<\/div>\n\t\t\t\t<\/div>\n\t\t<div class=\"elementor-element elementor-element-15490c7 e-flex e-con-boxed e-con e-parent\" data-id=\"15490c7\" data-element_type=\"container\">\n\t\t\t\t\t<div class=\"e-con-inner\">\n\t\t\t\t<div class=\"elementor-element elementor-element-ba7326f elementor-widget elementor-widget-text-editor\" data-id=\"ba7326f\" data-element_type=\"widget\" data-widget_type=\"text-editor.default\">\n\t\t\t\t<div class=\"elementor-widget-container\">\n\t\t\t\t\t\t\t\t\t<p>Prin planurile sale educa\u021bionale, programul de licen\u021b\u0103 \u00een informatic\u0103 economic\u0103 ofer\u0103 absolven\u021bilor s\u0103i competen\u021be compatibile cu urm\u0103toarele calific\u0103ri din Codificarea ocupa\u021biilor din Rom\u00e2nia:<br \/>Grupa 214 \u2013 Ingineri, inclusiv postul de asistent cercetare informatic\u0103 (214918).<br \/>Grupul 251 \u2013 Anali\u0219ti programatori \u00een software, inclusiv urm\u0103toarele subgrupuri:<\/p><ul class=\"wp-block-list\"><li>2511 \u2013 Anali\u0219ti de sistem: proiectant de sisteme informatice (251101);<\/li><li>2512 \u2013 Proiectan\u021bi de software: Analist (251201), Programator (251202), Inginer sistem \u00een informatic\u0103 (251203), Programator sistem informatic (251204), Inginer sistem software (251205), manager de proiect IT (251206);<\/li><li>2513 \u2013 Designeri de sisteme web \u0219i multimedia: specialist \u00een e-business (251301), e-media de specialitate (251303), specialist \u00een e-guvernare (251302);<\/li><li>2514 \u2013 Dezvoltatori de aplica\u021bii: specialist \u00een proiectarea asistat\u0103 de computer (251401);<\/li><li>2519 \u2013 Anali\u0219ti programatori \u00een software, neclasifica\u021bi \u00een grupurile de baz\u0103 anterioare: Consultan\u021bi \u00een informatic\u0103 (251901).<\/li><\/ul><p>Grupul 252 \u2013 Speciali\u0219ti \u00een baze de date \u0219i re\u021bele de calculatoare, inclusiv urm\u0103toarele subgrupuri:<\/p><ul class=\"wp-block-list\"><li>2521 \u2013 Proiectan\u021bi \u0219i administratori de baze de date: Administratori de baze de date (252101);<\/li><li>2523 \u2013 Speciali\u0219ti \u00een re\u021bele de calculatoare: administrator de re\u021bea de calculatoare (252301);<\/li><\/ul><p>Grupul 235 \u2013 Al\u021bi profesioni\u0219ti \u00een educa\u021bie, inclusiv jobul de dezvoltator de e-learning (235905). Speciali\u0219tii instrui\u021bi sunt capabili s\u0103: concep\u0103, proiecteze, dezvolte, testeaz\u0103, implementeaz\u0103 \u0219i dezvolt\u0103 sisteme informatice \u0219i programe de calculator \u00een diferite domenii de activitate, \u00een conformitate cu cerin\u021bele \u0219i op\u021biunile de informatizare.<\/p>\t\t\t\t\t\t\t\t<\/div>\n\t\t\t\t<\/div>\n\t\t\t\t\t<\/div>\n\t\t\t\t<\/div>\n\t\t<div class=\"elementor-element elementor-element-643885a e-flex e-con-boxed e-con e-parent\" data-id=\"643885a\" data-element_type=\"container\">\n\t\t\t\t\t<div class=\"e-con-inner\">\n\t\t\t\t<div class=\"elementor-element elementor-element-d321cda elementor-widget elementor-widget-heading\" data-id=\"d321cda\" data-element_type=\"widget\" data-widget_type=\"heading.default\">\n\t\t\t\t<div class=\"elementor-widget-container\">\n\t\t\t\t\t<h2 class=\"elementor-heading-title elementor-size-default\">Posibile cariere profesionale\n<\/h2>\t\t\t\t<\/div>\n\t\t\t\t<\/div>\n\t\t\t\t\t<\/div>\n\t\t\t\t<\/div>\n\t\t<div class=\"elementor-element elementor-element-ebf3b30 e-flex e-con-boxed e-con e-parent\" data-id=\"ebf3b30\" data-element_type=\"container\">\n\t\t\t\t\t<div class=\"e-con-inner\">\n\t\t\t\t<div class=\"elementor-element elementor-element-73b4364 elementor-widget elementor-widget-text-editor\" data-id=\"73b4364\" data-element_type=\"widget\" data-widget_type=\"text-editor.default\">\n\t\t\t\t<div class=\"elementor-widget-container\">\n\t\t\t\t\t\t\t\t\t<p>Absolven\u021bii programului de licen\u021b\u0103 \u00een Informatic\u0103 Economic\u0103 pot lucra \u00een companii \u0219i organiza\u021bii din aproape toate domeniile de activitate, aplic\u00e2nd pentru locuri de munc\u0103 \u00een urm\u0103toarele categorii:<\/p><ul class=\"wp-block-list\"><li>Analist-proiectant de sisteme informatice de afaceri;<\/li><li>Consultan\u021b\u0103 \u00een proiectarea \u0219i dezvoltarea de aplica\u021bii \u0219i produse informatice \u00een domeniul economiei \u0219i afacerilor;<\/li><li>Specialist \u00eenalt calificat \u00een asigurarea calit\u0103\u021bii produselor \u0219i sistemelor informatice (asigurarea calit\u0103\u021bii);<\/li><li>Personal de proiectare \u0219i management \u00een domeniul ERP;<\/li><li>Utilizarea mediilor avansate de programare \u00een aplica\u021bii economice \u0219i de afaceri;<\/li><li>Utilizarea instrumentelor CASE \u00een aplica\u021bii economice \u0219i de afaceri;<\/li><li>Dezvoltarea \u0219i gestionarea bazelor de date \u0219i a depozitelor de date;<\/li><li>Administratorul bazei de date;<\/li><li>Proiectant de sisteme distribuite;<\/li><li>Conceperea, proiectarea \u0219i implementarea afacerilor electronice;<\/li><li>Manager \u00een proiecte IT;<\/li><li>Consultant de securitate IT&amp;C;<\/li><li>Auditor de sisteme informatice;<\/li><li>Economist specialist cu abilit\u0103\u021bi specifice \u00een utilizarea instrumentelor furnizate de IT&amp;C.<\/li><\/ul>\t\t\t\t\t\t\t\t<\/div>\n\t\t\t\t<\/div>\n\t\t\t\t\t<\/div>\n\t\t\t\t<\/div>\n\t\t<div class=\"elementor-element elementor-element-4f0dffe e-flex e-con-boxed e-con e-parent\" data-id=\"4f0dffe\" data-element_type=\"container\">\n\t\t\t\t\t<div class=\"e-con-inner\">\n\t\t\t\t<div class=\"elementor-element elementor-element-85979e7 elementor-widget elementor-widget-heading\" data-id=\"85979e7\" data-element_type=\"widget\" data-widget_type=\"heading.default\">\n\t\t\t\t<div class=\"elementor-widget-container\">\n\t\t\t\t\t<h2 class=\"elementor-heading-title elementor-size-default\">Ce abilit\u0103\u021bi practice vei deprinde ?<\/h2>\t\t\t\t<\/div>\n\t\t\t\t<\/div>\n\t\t\t\t\t<\/div>\n\t\t\t\t<\/div>\n\t\t<div class=\"elementor-element elementor-element-c85c739 e-flex e-con-boxed e-con e-parent\" data-id=\"c85c739\" data-element_type=\"container\">\n\t\t\t\t\t<div class=\"e-con-inner\">\n\t\t\t\t<div class=\"elementor-element elementor-element-d125eb3 elementor-widget elementor-widget-text-editor\" data-id=\"d125eb3\" data-element_type=\"widget\" data-widget_type=\"text-editor.default\">\n\t\t\t\t<div class=\"elementor-widget-container\">\n\t\t\t\t\t\t\t\t\t<p>C1 Utilizarea conceptelor, teoriilor, principiilor \u0219i metodelor pentru investigarea fenomenelor \u0219i proceselor economice<\/p><ul class=\"wp-block-list\"><li>C1.1 Recunoa\u0219terea \u0219i descrierea conceptelor, teoriilor, principiilor \u0219i metodelor de investigare a fenomenelor \u0219i proceselor economice<\/li><li>C1.2 Explicarea \u0219i interpretarea cerin\u021belor specifice pentru investigarea fenomenelor \u0219i proceselor economice<\/li><li>C1.3 Utilizarea conceptelor, teoriilor \u0219i metodelor economice pentru investigarea \u0219i \/ sau rezolvarea problemelor dintr-o organiza\u021bie<\/li><li>C1.4 Analiza comparativ\u0103 a solu\u021biilor economice pentru rezolvarea problemelor din cadrul unei organiza\u021bii<\/li><li>C1.5 Dezvoltarea \u0219i structurarea informatic\u0103 a alternativelor pentru rezolvarea problemelor din organiza\u021bie<\/li><\/ul><p>C2 Utilizarea eficient\u0103 a sistemelor de calcul \u0219i de operare \u0219i a resurselor Internet<\/p><ul class=\"wp-block-list\"><li>C2.1 Identificarea resurselor \u0219i performan\u021belor sistemelor informatice, ale sistemului de operare \u0219i ale func\u021biilor Internet<\/li><li>C2.2 Explicarea claselor de probleme folosind proceduri reutilizabile pentru accesarea resurselor informatice<\/li><li>C2.3 Utilizarea sta\u021biilor de lucru \u00een re\u021bea pentru a comunica, a informa \u0219i a accesa aplica\u021bii online<\/li><li>C2.4 Actualizarea continu\u0103 a resurselor pentru a lucra cu cele mai noi platforme IT \u2013 Tehnologia informa\u021biei<\/li><li>C2.5 Dezvoltarea \u00een echipe a unor solu\u021bii eficiente pentru configurarea \u0219i gestionarea sistemelor, comunicarea \u0219i selectarea procedurilor de lucru<\/li><\/ul><p>C3 Utilizarea adecvat\u0103 a software-ului de birou pentru rezolvarea problemelor specifice<\/p><ul class=\"wp-block-list\"><li>C3.1 Identificarea \u0219i descrierea func\u021biilor de procesare furnizate de software-ul de birou \u0219i necesare pentru rezolvarea problemelor<\/li><li>C3.2 Explicarea \u0219i compararea produselor software pentru birou pentru realizarea celei mai eficiente solu\u021bii \u00een conformitate cu un set definit de criterii de performan\u021b\u0103<\/li><li>C3.3 Alegerea op\u021biunilor pentru introducerea \u0219i stocarea datelor \u0219i efectuarea opera\u021biunilor \u00een contextul unei gestion\u0103ri eficiente a documentelor<\/li><li>C3.4 Analiza \u0219i evaluarea calit\u0103\u021bii solu\u021biilor ob\u021binute prin utilizarea software-ului de birou<\/li><li>C3.5 Implementarea solu\u021biilor reutilizabile \u0219i integrabile pentru sistemele de informa\u021bii<\/li><\/ul><p>C4 Dezvoltarea componentelor software folosind structuri de date, algoritmi, tehnici \u0219i limbaje de programare moderne<\/p><ul class=\"wp-block-list\"><li>C4.1 Definirea cerin\u021belor pentru acoperirea etapelor ciclului de dezvoltare pentru realizarea componentelor software de \u00eenalt\u0103 performan\u021b\u0103 prin utilizarea tehnologiilor moderne<\/li><li>C4.2 Explicarea structurilor de date, instruc\u021biunilor \u0219i claselor de probleme pentru a construi componente software integrate \u00een sisteme software complexe<\/li><li>C4.3 Rezolvarea problemelor economice bine definite prin aplicarea procedurilor care pot fi integrate \u00eentr-un sistem software complex<\/li><li>C4.4 Actualiza\u021bi limbajele, tehnicile \u0219i metodele de programare astfel \u00eenc\u00e2t componentele software concepute s\u0103 reflecte starea dezvolt\u0103rii IT&amp;C<\/li><li>C4.5 Dezvoltarea activit\u0103\u021bilor specifice \u00een ciclul de via\u021b\u0103 al dezvolt\u0103rii software-ului, urm\u0103rind aspectele cantitative, calitative \u0219i de eficien\u021b\u0103<\/li><\/ul><p>C5 Dezvoltarea de aplica\u021bii informatice utiliz\u00e2nd baze de date, resurse multimedia \u0219i tehnologii client-server \/ servicii web<\/p><ul class=\"wp-block-list\"><li>C5.1 Recunoa\u0219terea tipurilor de aplica\u021bii care necesit\u0103 lucrul cu baze de date, resurse multimedia \u0219i tehnologii client-server pentru a dezvolta componente integrabile \u00een sistemele informatice<\/li><li>C5.2 Explicarea \u0219i interpretarea termenilor fundamentali din domeniile bazelor de date, aplica\u021biilor online \u0219i multimedia pentru analiza, proiectarea \u0219i implementarea componentelor pentru procesarea complex\u0103 a volumelor mari de date<\/li><li>C5.3 Implementarea \u0219i analizarea solu\u021biilor flexibile pentru a ob\u021bine selec\u021bii \u0219i rapoarte pentru toate nivelurile de management ale organiza\u021biei<\/li><li>C5.4 Utilizarea \u0219i instrumentele critice de evaluare utilizate pentru dezvoltarea bazelor de date, client-server \u0219i aplica\u021bii multimedia necesare pentru gestionarea resurselor din organiza\u021bie<\/li><li>C5.5 Eviden\u021bierea prin cercetare \u0219i analiz\u0103 a impactului utiliz\u0103rii sistemelor de gestionare a bazelor de date, a resurselor multimedia \u0219i a tehnologiilor client-server, lu\u00e2nd \u00een considerare optimizarea resurselor, proceselor \u0219i eficien\u021bei<\/li><\/ul><p>C6 Actualizarea sistemelor informatice \/ sistemelor informatice \u0219i a aplica\u021biilor ERP<\/p><ul class=\"wp-block-list\"><li>C6.1 Definirea cerin\u021belor \u0219i caracteristicilor pentru actualizarea sistemelor informa\u021bionale \/ sistemelor informatice dintr-o organiza\u021bie<\/li><li>C6.2 Explicarea \u0219i interpretarea cerin\u021belor pentru proiectarea \u0219i dezvoltarea de noi sisteme informa\u021bionale \/ sisteme informatice<\/li><li>C6.3 Utilizarea conceptelor economice \u00een rezolvarea problemelor prin dezvoltarea de noi subsisteme informa\u021bionale \/ sisteme informatice \u00een organiza\u021bie<\/li><li>C6.4 Utilizarea \u0219i evaluarea metodelor de analiz\u0103 \u0219i proiectare pentru dezvoltarea sistemelor informatice \/ sistemelor informatice dup\u0103 criteriile stabilite<\/li><li>C6.5 Elaborarea specifica\u021biilor pentru proiectarea \u0219i implementarea componentelor sistemului informa\u021bional<\/li><\/ul>\t\t\t\t\t\t\t\t<\/div>\n\t\t\t\t<\/div>\n\t\t\t\t\t<\/div>\n\t\t\t\t<\/div>\n\t\t\t\t<\/div>","protected":false},"excerpt":{"rendered":"<p>Informatic\u0103 Economic\u0103 Programul de licen\u021b\u0103 \u00een Informatic\u0103 Economic\u0103 asigur\u0103 instruirea pentru: analiza, proiectarea \u0219i implementarea sistemelor informa\u021bionale \u00een companii; utilizarea \u0219i configurarea pachetelor software cu aplica\u021bii \u00een economie; dezvoltarea \u0219i introducerea software-ului aplicat; cercetarea \u0219i aplicarea noilor tehnologii informatice; abilit\u0103\u021bi &hellip; <\/p>","protected":false},"author":11,"featured_media":0,"parent":18726,"menu_order":0,"comment_status":"closed","ping_status":"closed","template":"elementor_theme","meta":{"footnotes":""},"class_list":["post-20266","page","type-page","status-publish","hentry"],"_links":{"self":[{"href":"https:\/\/temp.csie.ase.ro\/en\/wp-json\/wp\/v2\/pages\/20266","targetHints":{"allow":["GET"]}}],"collection":[{"href":"https:\/\/temp.csie.ase.ro\/en\/wp-json\/wp\/v2\/pages"}],"about":[{"href":"https:\/\/temp.csie.ase.ro\/en\/wp-json\/wp\/v2\/types\/page"}],"author":[{"embeddable":true,"href":"https:\/\/temp.csie.ase.ro\/en\/wp-json\/wp\/v2\/users\/11"}],"replies":[{"embeddable":true,"href":"https:\/\/temp.csie.ase.ro\/en\/wp-json\/wp\/v2\/comments?post=20266"}],"version-history":[{"count":23,"href":"https:\/\/temp.csie.ase.ro\/en\/wp-json\/wp\/v2\/pages\/20266\/revisions"}],"predecessor-version":[{"id":20363,"href":"https:\/\/temp.csie.ase.ro\/en\/wp-json\/wp\/v2\/pages\/20266\/revisions\/20363"}],"up":[{"embeddable":true,"href":"https:\/\/temp.csie.ase.ro\/en\/wp-json\/wp\/v2\/pages\/18726"}],"wp:attachment":[{"href":"https:\/\/temp.csie.ase.ro\/en\/wp-json\/wp\/v2\/media?parent=20266"}],"curies":[{"name":"wp","href":"https:\/\/api.w.org\/{rel}","templated":true}]}}