{"id":20309,"date":"2024-09-28T20:07:32","date_gmt":"2024-09-28T20:07:32","guid":{"rendered":"https:\/\/temp.csie.ase.ro\/?page_id=20309"},"modified":"2024-09-28T20:52:33","modified_gmt":"2024-09-28T20:52:33","slug":"statistica","status":"publish","type":"page","link":"https:\/\/temp.csie.ase.ro\/en\/programe\/licenta\/statistica","title":{"rendered":"Statistic\u0103 \u0219i Previziune Economic\u0103"},"content":{"rendered":"<div data-elementor-type=\"wp-page\" data-elementor-id=\"20309\" class=\"elementor elementor-20309\">\n\t\t\t\t<div class=\"elementor-element elementor-element-a0b06ac e-flex e-con-boxed e-con e-parent\" data-id=\"a0b06ac\" data-element_type=\"container\">\n\t\t\t\t\t<div class=\"e-con-inner\">\n\t\t\t\t<div class=\"elementor-element elementor-element-cb8ad22 elementor-widget elementor-widget-heading\" data-id=\"cb8ad22\" data-element_type=\"widget\" data-widget_type=\"heading.default\">\n\t\t\t\t<div class=\"elementor-widget-container\">\n\t\t\t\t\t<h2 class=\"elementor-heading-title elementor-size-default\">Statistic\u0103 \u0219i Previziune Economic\u0103<\/h2>\t\t\t\t<\/div>\n\t\t\t\t<\/div>\n\t\t\t\t\t<\/div>\n\t\t\t\t<\/div>\n\t\t<div class=\"elementor-element elementor-element-4375cba e-flex e-con-boxed e-con e-parent\" data-id=\"4375cba\" data-element_type=\"container\">\n\t\t\t\t\t<div class=\"e-con-inner\">\n\t\t\t\t<div class=\"elementor-element elementor-element-08f72d6 elementor-widget elementor-widget-text-editor\" data-id=\"08f72d6\" data-element_type=\"widget\" data-widget_type=\"text-editor.default\">\n\t\t\t\t<div class=\"elementor-widget-container\">\n\t\t\t\t\t\t\t\t\t<p>Programul de licen\u0163\u0103 \u00een Statistic\u0103 \u0219i Previziune Economic\u0103\u00a0are ca obiectiv s\u0103 se pozi\u0163ioneze ca lider \u00een domeniul \u00eenv\u0103\u0163\u0103m\u00e2ntului superior privind statistica din Rom\u00e2nia, pe baza experien\u0163ei \u00eendelungate. De asemenea, programul de licen\u021b\u0103 \u00een Statistic\u0103 \u0219i Previziune Economic\u0103 \u00ee\u0219i propune s\u0103 preg\u0103teasc\u0103 viitorii speciali\u015fti care s\u0103 corespund\u0103 cerin\u0163elor \u015fi exigen\u0163elor economiei de pia\u0163\u0103 \u0219i s\u0103 contribuie, al\u0103turi de Institutul Na\u0163ional de Statistic\u0103 \u015fi de alte institu\u0163ii de \u00eenv\u0103\u0163\u0103m\u00e2nt superior, la promovarea statisticii \u00een Rom\u00e2nia, cu scopul de a spori capacitatea organiza\u0163iilor de a valorifica oportunit\u0103\u0163ile de afaceri, de a indeplini deopotriv\u0103 propriile obiective \u015fi a\u015ftept\u0103rile clien\u0163ilor, precum \u0219i ale pie\u0163elor vizate.<\/p>\t\t\t\t\t\t\t\t<\/div>\n\t\t\t\t<\/div>\n\t\t\t\t\t<\/div>\n\t\t\t\t<\/div>\n\t\t<div class=\"elementor-element elementor-element-70008f0 e-flex e-con-boxed e-con e-parent\" data-id=\"70008f0\" data-element_type=\"container\">\n\t\t\t\t\t<div class=\"e-con-inner\">\n\t\t\t\t<div class=\"elementor-element elementor-element-a6dccba elementor-widget elementor-widget-heading\" data-id=\"a6dccba\" data-element_type=\"widget\" data-widget_type=\"heading.default\">\n\t\t\t\t<div class=\"elementor-widget-container\">\n\t\t\t\t\t<h2 class=\"elementor-heading-title elementor-size-default\">Ce te \u00eenv\u0103\u021b\u0103m?<\/h2>\t\t\t\t<\/div>\n\t\t\t\t<\/div>\n\t\t\t\t\t<\/div>\n\t\t\t\t<\/div>\n\t\t<div class=\"elementor-element elementor-element-8e87ff4 e-flex e-con-boxed e-con e-parent\" data-id=\"8e87ff4\" data-element_type=\"container\">\n\t\t\t\t\t<div class=\"e-con-inner\">\n\t\t<div class=\"elementor-element elementor-element-97bdb1b e-con-full e-flex e-con e-child\" data-id=\"97bdb1b\" data-element_type=\"container\">\n\t\t\t\t<div class=\"elementor-element elementor-element-8b4e52b elementor-widget elementor-widget-image\" data-id=\"8b4e52b\" data-element_type=\"widget\" data-widget_type=\"image.default\">\n\t\t\t\t<div class=\"elementor-widget-container\">\n\t\t\t\t\t\t\t\t\t\t\t\t\t\t\t<img fetchpriority=\"high\" decoding=\"async\" width=\"592\" height=\"367\" src=\"https:\/\/temp.csie.ase.ro\/wp-content\/uploads\/2024\/09\/statistica.png\" class=\"attachment-large size-large wp-image-20334\" alt=\"\" srcset=\"https:\/\/temp.csie.ase.ro\/wp-content\/uploads\/2024\/09\/statistica.png 592w, https:\/\/temp.csie.ase.ro\/wp-content\/uploads\/2024\/09\/statistica-300x186.png 300w\" sizes=\"(max-width: 592px) 100vw, 592px\" \/>\t\t\t\t\t\t\t\t\t\t\t\t\t\t\t<\/div>\n\t\t\t\t<\/div>\n\t\t\t\t<\/div>\n\t\t<div class=\"elementor-element elementor-element-d348059 e-con-full e-flex e-con e-child\" data-id=\"d348059\" data-element_type=\"container\">\n\t\t\t\t<div class=\"elementor-element elementor-element-4118ca4 elementor-widget elementor-widget-text-editor\" data-id=\"4118ca4\" data-element_type=\"widget\" data-widget_type=\"text-editor.default\">\n\t\t\t\t<div class=\"elementor-widget-container\">\n\t\t\t\t\t\t\t\t\t<p><strong>Analiza si modelare:<\/strong><\/p><ul><li>Bazele statisticii; \u00a0<\/li><li>Statistic\u0103; \u00a0<\/li><li>Statistic\u0103 macroeconomic\u0103; \u00a0<\/li><li>Statistic\u0103 spa\u021bial\u0103; \u00a0<\/li><li>Bazele cercet\u0103rii opera\u021bionale;<\/li><li>Bazele ciberneticii economice;<\/li><li>Econometrie;<\/li><li>Macroeconomie cantitativ\u0103;<\/li><li>Cercet\u0103ri opera\u021bionale;<\/li><li>Dinamica sistemelor economice;<\/li><li>Serii de timp;<\/li><li>Analiz\u0103 statistic\u0103 multidimensional\u0103;<\/li><li>Sondaje \u0219i anchete;<\/li><li>Previziune economic\u0103;<\/li><li>Metode statistice \u00een studiul calit\u0103\u021bii \u0219i fiabilit\u0103\u021bii;\u00a0<\/li><\/ul>\t\t\t\t\t\t\t\t<\/div>\n\t\t\t\t<\/div>\n\t\t\t\t<\/div>\n\t\t\t\t\t<\/div>\n\t\t\t\t<\/div>\n\t\t<div class=\"elementor-element elementor-element-3e3afef e-grid e-con-boxed e-con e-parent\" data-id=\"3e3afef\" data-element_type=\"container\">\n\t\t\t\t\t<div class=\"e-con-inner\">\n\t\t\t\t<div class=\"elementor-element elementor-element-5d2c656 elementor-widget elementor-widget-text-editor\" data-id=\"5d2c656\" data-element_type=\"widget\" data-widget_type=\"text-editor.default\">\n\t\t\t\t<div class=\"elementor-widget-container\">\n\t\t\t\t\t\t\t\t\t<p><strong>Preg\u0103tire economic\u0103:<\/strong><\/p><ul><li>Economie;<\/li><li>Algebr\u0103;<\/li><li>Marketing;<\/li><li>Contabilitate; \u00a0<\/li><li>Analiza Matematica;<\/li><li>Probabilit\u0103\u021bi si statistic\u0103 matematic\u0103;<\/li><li>\u00a0Management;<\/li><li>\u00a0Finan\u021be;<\/li><li>\u00a0Sociologie; \u00a0<\/li><li>Dreptul afacerilor;<\/li><\/ul>\t\t\t\t\t\t\t\t<\/div>\n\t\t\t\t<\/div>\n\t\t\t\t<div class=\"elementor-element elementor-element-c591acc elementor-widget elementor-widget-text-editor\" data-id=\"c591acc\" data-element_type=\"widget\" data-widget_type=\"text-editor.default\">\n\t\t\t\t<div class=\"elementor-widget-container\">\n\t\t\t\t\t\t\t\t\t<p><strong>Programare si dezvoltare software:<\/strong>\u00a0<\/p><ul><li>Bazele tehnologiei informatiei; \u00a0<\/li><li>Bazele programarii calculatoarelor;<\/li><li>\u00a0Algoritmi si tehnici de programare;<\/li><li>\u00a0Sisteme de operare;<\/li><li>\u00a0Programare orientat\u0103 obiect;<\/li><li>\u00a0Tehnologii Web; \u00a0<\/li><li>Programarea aplicatiilor Windows; \u00a0<\/li><\/ul>\t\t\t\t\t\t\t\t<\/div>\n\t\t\t\t<\/div>\n\t\t\t\t\t<\/div>\n\t\t\t\t<\/div>\n\t\t<div class=\"elementor-element elementor-element-459de2b e-flex e-con-boxed e-con e-parent\" data-id=\"459de2b\" data-element_type=\"container\">\n\t\t\t\t\t<div class=\"e-con-inner\">\n\t\t\t\t<div class=\"elementor-element elementor-element-00bd53a elementor-widget elementor-widget-text-editor\" data-id=\"00bd53a\" data-element_type=\"widget\" data-widget_type=\"text-editor.default\">\n\t\t\t\t<div class=\"elementor-widget-container\">\n\t\t\t\t\t\t\t\t\t<p>\u00a0<\/p><p><strong>Analiza si proiectare sisteme informatice<\/strong>:<\/p><ul><li><p>Proiectarea sistemelor informatice \u00een statistic\u0103;<\/p><\/li><li><p>Programarea aplica\u021biilor Windows;<\/p><\/li><\/ul>\t\t\t\t\t\t\t\t<\/div>\n\t\t\t\t<\/div>\n\t\t\t\t\t<\/div>\n\t\t\t\t<\/div>\n\t\t<div class=\"elementor-element elementor-element-bbcd8c5 e-flex e-con-boxed e-con e-parent\" data-id=\"bbcd8c5\" data-element_type=\"container\">\n\t\t\t\t\t<div class=\"e-con-inner\">\n\t\t\t\t<div class=\"elementor-element elementor-element-4ca725a elementor-widget elementor-widget-heading\" data-id=\"4ca725a\" data-element_type=\"widget\" data-widget_type=\"heading.default\">\n\t\t\t\t<div class=\"elementor-widget-container\">\n\t\t\t\t\t<h2 class=\"elementor-heading-title elementor-size-default\">Unde faci practica?<\/h2>\t\t\t\t<\/div>\n\t\t\t\t<\/div>\n\t\t\t\t\t<\/div>\n\t\t\t\t<\/div>\n\t\t<div class=\"elementor-element elementor-element-a8cba18 e-flex e-con-boxed e-con e-parent\" data-id=\"a8cba18\" data-element_type=\"container\">\n\t\t\t\t\t<div class=\"e-con-inner\">\n\t\t\t\t<div class=\"elementor-element elementor-element-b582471 elementor-widget elementor-widget-text-editor\" data-id=\"b582471\" data-element_type=\"widget\" data-widget_type=\"text-editor.default\">\n\t\t\t\t<div class=\"elementor-widget-container\">\n\t\t\t\t\t\t\t\t\t<p>\u00cen 2013, partenerii no\u0219trii de practic\u0103 sunt companii cu renume interna\u021bional\u00a0din domeniul IT, bancar sau analiz\u0103 economic\u0103\/financiar\u0103:<\/p>\t\t\t\t\t\t\t\t<\/div>\n\t\t\t\t<\/div>\n\t\t\t\t\t<\/div>\n\t\t\t\t<\/div>\n\t\t<div class=\"elementor-element elementor-element-25ead6e e-flex e-con-boxed e-con e-parent\" data-id=\"25ead6e\" data-element_type=\"container\">\n\t\t\t\t\t<div class=\"e-con-inner\">\n\t\t\t\t<div class=\"elementor-element elementor-element-8b45286 elementor-widget elementor-widget-image\" data-id=\"8b45286\" data-element_type=\"widget\" data-widget_type=\"image.default\">\n\t\t\t\t<div class=\"elementor-widget-container\">\n\t\t\t\t\t\t\t\t\t\t\t\t\t\t\t<img decoding=\"async\" width=\"518\" height=\"211\" src=\"https:\/\/temp.csie.ase.ro\/wp-content\/uploads\/2024\/09\/practica-statistica-1.png\" class=\"attachment-large size-large wp-image-20330\" alt=\"\" srcset=\"https:\/\/temp.csie.ase.ro\/wp-content\/uploads\/2024\/09\/practica-statistica-1.png 518w, https:\/\/temp.csie.ase.ro\/wp-content\/uploads\/2024\/09\/practica-statistica-1-300x122.png 300w\" sizes=\"(max-width: 518px) 100vw, 518px\" \/>\t\t\t\t\t\t\t\t\t\t\t\t\t\t\t<\/div>\n\t\t\t\t<\/div>\n\t\t\t\t\t<\/div>\n\t\t\t\t<\/div>\n\t\t\t\t<\/div>","protected":false},"excerpt":{"rendered":"<p>Statistic\u0103 \u0219i Previziune Economic\u0103 Programul de licen\u0163\u0103 \u00een Statistic\u0103 \u0219i Previziune Economic\u0103\u00a0are ca obiectiv s\u0103 se pozi\u0163ioneze ca lider \u00een domeniul \u00eenv\u0103\u0163\u0103m\u00e2ntului superior privind statistica din Rom\u00e2nia, pe baza experien\u0163ei \u00eendelungate. De asemenea, programul de licen\u021b\u0103 \u00een Statistic\u0103 \u0219i Previziune &hellip; <\/p>","protected":false},"author":12,"featured_media":0,"parent":18726,"menu_order":0,"comment_status":"closed","ping_status":"closed","template":"","meta":{"footnotes":""},"class_list":["post-20309","page","type-page","status-publish","hentry"],"_links":{"self":[{"href":"https:\/\/temp.csie.ase.ro\/en\/wp-json\/wp\/v2\/pages\/20309","targetHints":{"allow":["GET"]}}],"collection":[{"href":"https:\/\/temp.csie.ase.ro\/en\/wp-json\/wp\/v2\/pages"}],"about":[{"href":"https:\/\/temp.csie.ase.ro\/en\/wp-json\/wp\/v2\/types\/page"}],"author":[{"embeddable":true,"href":"https:\/\/temp.csie.ase.ro\/en\/wp-json\/wp\/v2\/users\/12"}],"replies":[{"embeddable":true,"href":"https:\/\/temp.csie.ase.ro\/en\/wp-json\/wp\/v2\/comments?post=20309"}],"version-history":[{"count":14,"href":"https:\/\/temp.csie.ase.ro\/en\/wp-json\/wp\/v2\/pages\/20309\/revisions"}],"predecessor-version":[{"id":20375,"href":"https:\/\/temp.csie.ase.ro\/en\/wp-json\/wp\/v2\/pages\/20309\/revisions\/20375"}],"up":[{"embeddable":true,"href":"https:\/\/temp.csie.ase.ro\/en\/wp-json\/wp\/v2\/pages\/18726"}],"wp:attachment":[{"href":"https:\/\/temp.csie.ase.ro\/en\/wp-json\/wp\/v2\/media?parent=20309"}],"curies":[{"name":"wp","href":"https:\/\/api.w.org\/{rel}","templated":true}]}}