{"id":20322,"date":"2024-09-28T20:15:45","date_gmt":"2024-09-28T20:15:45","guid":{"rendered":"https:\/\/temp.csie.ase.ro\/?page_id=20322"},"modified":"2024-09-28T20:51:54","modified_gmt":"2024-09-28T20:51:54","slug":"cibernetica","status":"publish","type":"page","link":"https:\/\/temp.csie.ase.ro\/en\/programe\/licenta\/cibernetica","title":{"rendered":"Economic Cybernetics"},"content":{"rendered":"<div data-elementor-type=\"wp-page\" data-elementor-id=\"20322\" class=\"elementor elementor-20322\">\n\t\t\t\t<div class=\"elementor-element elementor-element-ae1f562 e-flex e-con-boxed e-con e-parent\" data-id=\"ae1f562\" data-element_type=\"container\">\n\t\t\t\t\t<div class=\"e-con-inner\">\n\t\t\t\t<div class=\"elementor-element elementor-element-b9c7cf4 elementor-widget elementor-widget-heading\" data-id=\"b9c7cf4\" data-element_type=\"widget\" data-widget_type=\"heading.default\">\n\t\t\t\t<div class=\"elementor-widget-container\">\n\t\t\t\t\t<h2 class=\"elementor-heading-title elementor-size-default\">Economic Cybernetics\n<\/h2>\t\t\t\t<\/div>\n\t\t\t\t<\/div>\n\t\t\t\t\t<\/div>\n\t\t\t\t<\/div>\n\t\t<div class=\"elementor-element elementor-element-0cf4f56 e-flex e-con-boxed e-con e-parent\" data-id=\"0cf4f56\" data-element_type=\"container\">\n\t\t\t\t\t<div class=\"e-con-inner\">\n\t\t\t\t<div class=\"elementor-element elementor-element-9c429b2 elementor-widget elementor-widget-text-editor\" data-id=\"9c429b2\" data-element_type=\"widget\" data-widget_type=\"text-editor.default\">\n\t\t\t\t<div class=\"elementor-widget-container\">\n\t\t\t\t\t\t\t\t\t<p>Programul de licen\u0163\u0103 \u00een Cibernetic\u0103 Economic\u0103\u00a0are o tradi\u021bie \u00eendelungat\u0103 \u0219i valoroas\u0103, recunoscut\u0103 at\u00e2t la nivel na\u021bional, c\u00e2t \u0219i interna\u021bional. Profilul absolven\u021bilor de Cibernetic\u0103 economic\u0103 atinge mai multe arii moderne de specialitate, cu aplicabilitate extrem de variabil\u0103, cum ar fi: cibernetic\u0103 economic\u0103 \u0219i sisteme dinamice, teoria jocurilor \u0219i negociere, teoria deciziei, analiza \u0219i simularea proceselor economice, microeconomie cantitativ\u0103 \u0219i macroeconomie cantitativ\u0103, cercet\u0103ri opera\u021bionale; modelare si optimizare, modelare, evaluare \u0219i analiz\u0103 de risc \u0219i incertitudine; teoria echilibrului economic; analiza multidimensional\u0103 a datelor, data mining, recunoa\u0219tere de forme \u0219i re\u021bele neuronale.<\/p><p>\u00cen procesul de formare \u00een domeniul de Cibernetic\u0103 Economic\u0103 se pot \u00eenscrie candida\u021bi care doresc s\u0103 se specializeze \u00een modelarea ciberneticii economice, precum \u0219i \u00een utilizarea celor mai recente metode, tehnici \u0219i instrumente de analiz\u0103, simulare, predic\u021bie \u0219i decizie.<\/p><p>Speciali\u0219tii domeniului de Cibernetic\u0103 Economic\u0103 sunt bine cunoscu\u021bi, aprecia\u021bi \u0219i c\u0103uta\u021bi pe pia\u021ba for\u021bei de munc\u0103, at\u00e2t din Rom\u00e2nia, c\u00e2t \u0219i din str\u0103in\u0103tate, \u00een diverse domenii de activitate, precum: institu\u021bii guvernamentale \u0219i non-guvernamentale, institu\u021bii de \u00eenv\u0103\u021b\u0103m\u00e2nt \u0219i de cercetare, companii multina\u021bionale, b\u0103nci \u0219i institu\u021bii financiare, entit\u0103\u021bi de consultan\u021b\u0103 \u0219i evaluare financiar\u0103, companii de IT, etc.<\/p>\t\t\t\t\t\t\t\t<\/div>\n\t\t\t\t<\/div>\n\t\t\t\t\t<\/div>\n\t\t\t\t<\/div>\n\t\t<div class=\"elementor-element elementor-element-3bf3720 e-flex e-con-boxed e-con e-parent\" data-id=\"3bf3720\" data-element_type=\"container\">\n\t\t\t\t\t<div class=\"e-con-inner\">\n\t\t\t\t<div class=\"elementor-element elementor-element-0260733 elementor-widget elementor-widget-heading\" data-id=\"0260733\" data-element_type=\"widget\" data-widget_type=\"heading.default\">\n\t\t\t\t<div class=\"elementor-widget-container\">\n\t\t\t\t\t<h2 class=\"elementor-heading-title elementor-size-default\">Ce te \u00eenv\u0103\u021b\u0103m ?\n<\/h2>\t\t\t\t<\/div>\n\t\t\t\t<\/div>\n\t\t\t\t\t<\/div>\n\t\t\t\t<\/div>\n\t\t<div class=\"elementor-element elementor-element-fe63b8a e-grid e-con-boxed e-con e-parent\" data-id=\"fe63b8a\" data-element_type=\"container\">\n\t\t\t\t\t<div class=\"e-con-inner\">\n\t\t\t\t<div class=\"elementor-element elementor-element-5001da0 elementor-widget elementor-widget-image\" data-id=\"5001da0\" data-element_type=\"widget\" data-widget_type=\"image.default\">\n\t\t\t\t<div class=\"elementor-widget-container\">\n\t\t\t\t\t\t\t\t\t\t\t\t\t\t\t<img fetchpriority=\"high\" decoding=\"async\" width=\"589\" height=\"367\" src=\"https:\/\/temp.csie.ase.ro\/wp-content\/uploads\/2024\/09\/cibernetica-economica.png\" class=\"attachment-large size-large wp-image-20324\" alt=\"\" srcset=\"https:\/\/temp.csie.ase.ro\/wp-content\/uploads\/2024\/09\/cibernetica-economica.png 589w, https:\/\/temp.csie.ase.ro\/wp-content\/uploads\/2024\/09\/cibernetica-economica-300x187.png 300w\" sizes=\"(max-width: 589px) 100vw, 589px\" \/>\t\t\t\t\t\t\t\t\t\t\t\t\t\t\t<\/div>\n\t\t\t\t<\/div>\n\t\t\t\t<div class=\"elementor-element elementor-element-a7961b9 elementor-widget elementor-widget-text-editor\" data-id=\"a7961b9\" data-element_type=\"widget\" data-widget_type=\"text-editor.default\">\n\t\t\t\t<div class=\"elementor-widget-container\">\n\t\t\t\t\t\t\t\t\t<p><strong>Analiz\u0103 \u0219i modelare:<\/strong><\/p><ul><li>Bazele cercetarii operationale;<\/li><li>Bazele statisticii; \u00a0<\/li><li>Bazele ciberneticii economice;<\/li><li>Statistic\u0103 macroeconomic\u0103; \u00a0<\/li><li>Microeconomie cantitativa; \u00a0<\/li><li>Analiza \u0219i diagnoza sistemelor economice; \u00a0<\/li><li>Teoria deciziei; \u00a0<\/li><li>Cercet\u0103ri operationale;<\/li><li>Cibernetica sistemelor economice;<\/li><li>Sisteme suport de decizie;<\/li><li>Simularea proceselor economice;\u00a0<\/li><\/ul>\t\t\t\t\t\t\t\t<\/div>\n\t\t\t\t<\/div>\n\t\t\t\t<div class=\"elementor-element elementor-element-67e1799 elementor-widget elementor-widget-text-editor\" data-id=\"67e1799\" data-element_type=\"widget\" data-widget_type=\"text-editor.default\">\n\t\t\t\t<div class=\"elementor-widget-container\">\n\t\t\t\t\t\t\t\t\t<p><strong>Pregatire economica:<\/strong><\/p><ul><li>Economie; \u00a0<\/li><li>Algebra; \u00a0<\/li><li>Marketing; \u00a0<\/li><li>Contabilitate; \u00a0<\/li><li>Analiz\u0103 Matematic\u0103;\u00a0<\/li><li>Probabilit\u0103\u021bi si statistic\u0103 matematica; \u00a0<\/li><li>Management; \u00a0<\/li><li>Finan\u021be; \u00a0<\/li><li>Sociologie; \u00a0<\/li><li>Dreptul afacerilor;<\/li><\/ul>\t\t\t\t\t\t\t\t<\/div>\n\t\t\t\t<\/div>\n\t\t\t\t<div class=\"elementor-element elementor-element-27a106f elementor-widget elementor-widget-text-editor\" data-id=\"27a106f\" data-element_type=\"widget\" data-widget_type=\"text-editor.default\">\n\t\t\t\t<div class=\"elementor-widget-container\">\n\t\t\t\t\t\t\t\t\t<p><strong>Programare si dezvoltare software:\u00a0<\/strong><\/p><ul><li>Bazele tehnologiei informatiei; \u00a0<\/li><li>Bazele programarii calculatoarelor; \u00a0<\/li><li>Algoritmi si tehnici de programare; \u00a0<\/li><li>Sisteme de operare; \u00a0<\/li><li>Programare orientat\u0103 obiect;<\/li><li>Tehnologii Web;<\/li><li>Multimedia;\u00a0<\/li><\/ul>\t\t\t\t\t\t\t\t<\/div>\n\t\t\t\t<\/div>\n\t\t\t\t\t<\/div>\n\t\t\t\t<\/div>\n\t\t<div class=\"elementor-element elementor-element-066df82 e-flex e-con-boxed e-con e-parent\" data-id=\"066df82\" data-element_type=\"container\">\n\t\t\t\t\t<div class=\"e-con-inner\">\n\t\t\t\t<div class=\"elementor-element elementor-element-dd9040c elementor-widget elementor-widget-heading\" data-id=\"dd9040c\" data-element_type=\"widget\" data-widget_type=\"heading.default\">\n\t\t\t\t<div class=\"elementor-widget-container\">\n\t\t\t\t\t<h2 class=\"elementor-heading-title elementor-size-default\">Unde faci practica ?<\/h2>\t\t\t\t<\/div>\n\t\t\t\t<\/div>\n\t\t\t\t\t<\/div>\n\t\t\t\t<\/div>\n\t\t<div class=\"elementor-element elementor-element-474c8e1 e-flex e-con-boxed e-con e-parent\" data-id=\"474c8e1\" data-element_type=\"container\">\n\t\t\t\t\t<div class=\"e-con-inner\">\n\t\t\t\t<div class=\"elementor-element elementor-element-6fd7e97 elementor-widget elementor-widget-text-editor\" data-id=\"6fd7e97\" data-element_type=\"widget\" data-widget_type=\"text-editor.default\">\n\t\t\t\t<div class=\"elementor-widget-container\">\n\t\t\t\t\t\t\t\t\t<p>Partenerii no\u0219tri de practic\u0103 sunt companii de renume interna\u021bional \u00een domeniul IT, bancar \u0219i analize economico-financiare:<\/p>\t\t\t\t\t\t\t\t<\/div>\n\t\t\t\t<\/div>\n\t\t\t\t\t<\/div>\n\t\t\t\t<\/div>\n\t\t<div class=\"elementor-element elementor-element-90e6d5e e-flex e-con-boxed e-con e-parent\" data-id=\"90e6d5e\" data-element_type=\"container\">\n\t\t\t\t\t<div class=\"e-con-inner\">\n\t\t\t\t<div class=\"elementor-element elementor-element-5171339 elementor-widget elementor-widget-image\" data-id=\"5171339\" data-element_type=\"widget\" data-widget_type=\"image.default\">\n\t\t\t\t<div class=\"elementor-widget-container\">\n\t\t\t\t\t\t\t\t\t\t\t\t\t\t\t<img decoding=\"async\" width=\"518\" height=\"211\" src=\"https:\/\/temp.csie.ase.ro\/wp-content\/uploads\/2024\/09\/practica-statistica.png\" class=\"attachment-large size-large wp-image-20326\" alt=\"\" srcset=\"https:\/\/temp.csie.ase.ro\/wp-content\/uploads\/2024\/09\/practica-statistica.png 518w, https:\/\/temp.csie.ase.ro\/wp-content\/uploads\/2024\/09\/practica-statistica-300x122.png 300w\" sizes=\"(max-width: 518px) 100vw, 518px\" \/>\t\t\t\t\t\t\t\t\t\t\t\t\t\t\t<\/div>\n\t\t\t\t<\/div>\n\t\t\t\t\t<\/div>\n\t\t\t\t<\/div>\n\t\t\t\t<\/div>","protected":false},"excerpt":{"rendered":"<p>Cibernetic\u0103 Economic\u0103 Programul de licen\u0163\u0103 \u00een Cibernetic\u0103 Economic\u0103\u00a0are o tradi\u021bie \u00eendelungat\u0103 \u0219i valoroas\u0103, recunoscut\u0103 at\u00e2t la nivel na\u021bional, c\u00e2t \u0219i interna\u021bional. Profilul absolven\u021bilor de Cibernetic\u0103 economic\u0103 atinge mai multe arii moderne de specialitate, cu aplicabilitate extrem de variabil\u0103, cum ar &hellip; <\/p>","protected":false},"author":11,"featured_media":0,"parent":18726,"menu_order":0,"comment_status":"closed","ping_status":"closed","template":"","meta":{"footnotes":""},"class_list":["post-20322","page","type-page","status-publish","hentry"],"_links":{"self":[{"href":"https:\/\/temp.csie.ase.ro\/en\/wp-json\/wp\/v2\/pages\/20322","targetHints":{"allow":["GET"]}}],"collection":[{"href":"https:\/\/temp.csie.ase.ro\/en\/wp-json\/wp\/v2\/pages"}],"about":[{"href":"https:\/\/temp.csie.ase.ro\/en\/wp-json\/wp\/v2\/types\/page"}],"author":[{"embeddable":true,"href":"https:\/\/temp.csie.ase.ro\/en\/wp-json\/wp\/v2\/users\/11"}],"replies":[{"embeddable":true,"href":"https:\/\/temp.csie.ase.ro\/en\/wp-json\/wp\/v2\/comments?post=20322"}],"version-history":[{"count":9,"href":"https:\/\/temp.csie.ase.ro\/en\/wp-json\/wp\/v2\/pages\/20322\/revisions"}],"predecessor-version":[{"id":20374,"href":"https:\/\/temp.csie.ase.ro\/en\/wp-json\/wp\/v2\/pages\/20322\/revisions\/20374"}],"up":[{"embeddable":true,"href":"https:\/\/temp.csie.ase.ro\/en\/wp-json\/wp\/v2\/pages\/18726"}],"wp:attachment":[{"href":"https:\/\/temp.csie.ase.ro\/en\/wp-json\/wp\/v2\/media?parent=20322"}],"curies":[{"name":"wp","href":"https:\/\/api.w.org\/{rel}","templated":true}]}}