{"id":20531,"date":"2024-11-03T18:25:57","date_gmt":"2024-11-03T18:25:57","guid":{"rendered":"https:\/\/temp.csie.ase.ro\/?page_id=20531"},"modified":"2024-11-03T20:16:29","modified_gmt":"2024-11-03T20:16:29","slug":"admitere","status":"publish","type":"page","link":"https:\/\/temp.csie.ase.ro\/en\/admitere","title":{"rendered":"Admitere"},"content":{"rendered":"<div data-elementor-type=\"wp-page\" data-elementor-id=\"20531\" class=\"elementor elementor-20531\">\n\t\t\t\t<div class=\"elementor-element elementor-element-d10f115 e-flex e-con-boxed e-con e-parent\" data-id=\"d10f115\" data-element_type=\"container\">\n\t\t\t\t\t<div class=\"e-con-inner\">\n\t\t\t\t<div class=\"elementor-element elementor-element-49fadb9 elementor-widget elementor-widget-text-editor\" data-id=\"49fadb9\" data-element_type=\"widget\" data-widget_type=\"text-editor.default\">\n\t\t\t\t<div class=\"elementor-widget-container\">\n\t\t\t\t\t\t\t\t\t<p>Cum devii stundent CSIE \u00een 2024?<\/p>\t\t\t\t\t\t\t\t<\/div>\n\t\t\t\t<\/div>\n\t\t\t\t\t<\/div>\n\t\t\t\t<\/div>\n\t\t<div class=\"elementor-element elementor-element-1394c06 e-flex e-con-boxed e-con e-parent\" data-id=\"1394c06\" data-element_type=\"container\">\n\t\t\t\t\t<div class=\"e-con-inner\">\n\t\t\t\t<div class=\"elementor-element elementor-element-23cd31a elementor-widget elementor-widget-text-editor\" data-id=\"23cd31a\" data-element_type=\"widget\" data-widget_type=\"text-editor.default\">\n\t\t\t\t<div class=\"elementor-widget-container\">\n\t\t\t\t\t\t\t\t\t<h2 class=\"wp-block-heading\">Unde g\u0103sesc toate informa\u021biile necesare \u00eenscrierii?<\/h2>\t\t\t\t\t\t\t\t<\/div>\n\t\t\t\t<\/div>\n\t\t\t\t\t<\/div>\n\t\t\t\t<\/div>\n\t\t<div class=\"elementor-element elementor-element-73028ec e-flex e-con-boxed e-con e-parent\" data-id=\"73028ec\" data-element_type=\"container\">\n\t\t\t\t\t<div class=\"e-con-inner\">\n\t\t\t\t<div class=\"elementor-element elementor-element-7bf84d8 elementor-widget elementor-widget-text-editor\" data-id=\"7bf84d8\" data-element_type=\"widget\" data-widget_type=\"text-editor.default\">\n\t\t\t\t<div class=\"elementor-widget-container\">\n\t\t\t\t\t\t\t\t\t<p>\u00cen func\u021bie de programul pe care dore\u0219ti s\u0103 \u00eel urm\u0103re\u0219ti, g\u0103se\u0219ti toate informa\u021biile de care ai nevoie acces\u00e2nd link-urile urm\u0103toare:<\/p><ul class=\"wp-block-list\"><li>G\u0103siti mai multe detalii referitoare la admitere\u00a0<a href=\"https:\/\/ase.ro\/admitere\/licenta\/\">aici<\/a>.<\/li><li><a href=\"https:\/\/senat.ase.ro\/wp-content\/uploads\/2023\/20231121\/Hot.Senat%20nr.%20184%20din%2021.11.2023_Reg.admitere%20licenta_rev.pdf\">Metodologie si regulament admitere ciclul Licen\u021b\u0103<\/a><\/li><li><a href=\"https:\/\/planinvatamant.ase.ro\/SelectiePlan1.aspx?pp=15\">Planuri de \u00eenv\u0103\u021b\u0103m\u00e2nt<\/a><\/li><\/ul>\t\t\t\t\t\t\t\t<\/div>\n\t\t\t\t<\/div>\n\t\t\t\t\t<\/div>\n\t\t\t\t<\/div>\n\t\t<div class=\"elementor-element elementor-element-66070f8 e-flex e-con-boxed e-con e-parent\" data-id=\"66070f8\" data-element_type=\"container\">\n\t\t\t\t\t<div class=\"e-con-inner\">\n\t\t<div class=\"elementor-element elementor-element-fa20a9b e-con-full e-flex e-con e-child\" data-id=\"fa20a9b\" data-element_type=\"container\">\n\t\t\t\t<div class=\"elementor-element elementor-element-1bd15d7 elementor-align-center elementor-widget elementor-widget-button\" data-id=\"1bd15d7\" data-element_type=\"widget\" data-widget_type=\"button.default\">\n\t\t\t\t<div class=\"elementor-widget-container\">\n\t\t\t\t\t\t\t\t\t<div class=\"elementor-button-wrapper\">\n\t\t\t\t\t<a class=\"elementor-button elementor-size-sm\" role=\"button\">\n\t\t\t\t\t\t<span class=\"elementor-button-content-wrapper\">\n\t\t\t\t\t\t\t\t\t<span class=\"elementor-button-text\">Bro\u0219ur\u0103 la disciplina Matematic\u0103<\/span>\n\t\t\t\t\t<\/span>\n\t\t\t\t\t<\/a>\n\t\t\t\t<\/div>\n\t\t\t\t\t\t\t\t<\/div>\n\t\t\t\t<\/div>\n\t\t\t\t<\/div>\n\t\t<div class=\"elementor-element elementor-element-b2bb565 e-con-full e-flex e-con e-child\" data-id=\"b2bb565\" data-element_type=\"container\">\n\t\t\t\t<div class=\"elementor-element elementor-element-f4268d5 elementor-align-center elementor-widget elementor-widget-button\" data-id=\"f4268d5\" data-element_type=\"widget\" data-widget_type=\"button.default\">\n\t\t\t\t<div class=\"elementor-widget-container\">\n\t\t\t\t\t\t\t\t\t<div class=\"elementor-button-wrapper\">\n\t\t\t\t\t<a class=\"elementor-button elementor-button-link elementor-size-sm\" href=\"#\">\n\t\t\t\t\t\t<span class=\"elementor-button-content-wrapper\">\n\t\t\t\t\t\t\t\t\t<span class=\"elementor-button-text\">Modele \u0219i solu\u021bii propuse subiecte<\/span>\n\t\t\t\t\t<\/span>\n\t\t\t\t\t<\/a>\n\t\t\t\t<\/div>\n\t\t\t\t\t\t\t\t<\/div>\n\t\t\t\t<\/div>\n\t\t\t\t<\/div>\n\t\t<div class=\"elementor-element elementor-element-30ea2af e-con-full e-flex e-con e-child\" data-id=\"30ea2af\" data-element_type=\"container\">\n\t\t\t\t<div class=\"elementor-element elementor-element-4aaef05 elementor-align-center elementor-widget elementor-widget-button\" data-id=\"4aaef05\" data-element_type=\"widget\" data-widget_type=\"button.default\">\n\t\t\t\t<div class=\"elementor-widget-container\">\n\t\t\t\t\t\t\t\t\t<div class=\"elementor-button-wrapper\">\n\t\t\t\t\t<a class=\"elementor-button elementor-button-link elementor-size-sm\" href=\"#\">\n\t\t\t\t\t\t<span class=\"elementor-button-content-wrapper\">\n\t\t\t\t\t\t\t\t\t<span class=\"elementor-button-text\">Tematica \u0219i bibliografia de concurs<\/span>\n\t\t\t\t\t<\/span>\n\t\t\t\t\t<\/a>\n\t\t\t\t<\/div>\n\t\t\t\t\t\t\t\t<\/div>\n\t\t\t\t<\/div>\n\t\t\t\t<\/div>\n\t\t\t\t\t<\/div>\n\t\t\t\t<\/div>\n\t\t<div class=\"elementor-element elementor-element-f1a928a e-flex e-con-boxed e-con e-parent\" data-id=\"f1a928a\" data-element_type=\"container\">\n\t\t\t\t\t<div class=\"e-con-inner\">\n\t\t\t\t<div class=\"elementor-element elementor-element-c3f546e elementor-align-center elementor-widget__width-initial elementor-widget elementor-widget-button\" data-id=\"c3f546e\" data-element_type=\"widget\" data-widget_type=\"button.default\">\n\t\t\t\t<div class=\"elementor-widget-container\">\n\t\t\t\t\t\t\t\t\t<div class=\"elementor-button-wrapper\">\n\t\t\t\t\t<a class=\"elementor-button elementor-button-link elementor-size-sm\" href=\"#\">\n\t\t\t\t\t\t<span class=\"elementor-button-content-wrapper\">\n\t\t\t\t\t\t\t\t\t<span class=\"elementor-button-text\">Simulare Examen de Admitere 2024<\/span>\n\t\t\t\t\t<\/span>\n\t\t\t\t\t<\/a>\n\t\t\t\t<\/div>\n\t\t\t\t\t\t\t\t<\/div>\n\t\t\t\t<\/div>\n\t\t\t\t\t<\/div>\n\t\t\t\t<\/div>\n\t\t<div class=\"elementor-element elementor-element-7ab766c e-flex e-con-boxed e-con e-parent\" data-id=\"7ab766c\" data-element_type=\"container\">\n\t\t\t\t\t<div class=\"e-con-inner\">\n\t\t\t\t<div class=\"elementor-element elementor-element-4b47ea2 elementor-widget elementor-widget-text-editor\" data-id=\"4b47ea2\" data-element_type=\"widget\" data-widget_type=\"text-editor.default\">\n\t\t\t\t<div class=\"elementor-widget-container\">\n\t\t\t\t\t\t\t\t\t<h2 class=\"wp-block-heading\">Care sunt programele de licen\u021b\u0103 din Facultatea de Cibernetic\u0103, Statistic\u0103 \u0219i Informatic\u0103 Economic\u0103?<\/h2><p>Facultatea de Cibernetic\u0103, Statistic\u0103 \u0219i Informatic\u0103 Economic\u0103 ofer\u0103 urm\u0103toarele programe de licen\u021b\u0103:<\/p>\t\t\t\t\t\t\t\t<\/div>\n\t\t\t\t<\/div>\n\t\t\t\t\t<\/div>\n\t\t\t\t<\/div>\n\t\t<div class=\"elementor-element elementor-element-fe3d383 e-flex e-con-boxed e-con e-parent\" data-id=\"fe3d383\" data-element_type=\"container\">\n\t\t\t\t\t<div class=\"e-con-inner\">\n\t\t\t\t<div class=\"elementor-element elementor-element-dea6bab elementor-widget elementor-widget-text-editor\" data-id=\"dea6bab\" data-element_type=\"widget\" data-widget_type=\"text-editor.default\">\n\t\t\t\t<div class=\"elementor-widget-container\">\n\t\t\t\t\t\t\t\t\t<h2 class=\"wp-block-heading\"><span style=\"color: #22409a;\"><strong><a style=\"color: #22409a;\" href=\"https:\/\/csie.ase.ro\/programe\/informatica-economica\/\" data-type=\"URL\" data-id=\"https:\/\/csie.ase.ro\/programe\/informatica-economica\/\">Business Informatics<\/a><\/strong><\/span><\/h2>\t\t\t\t\t\t\t\t<\/div>\n\t\t\t\t<\/div>\n\t\t\t\t\t<\/div>\n\t\t\t\t<\/div>\n\t\t<div class=\"elementor-element elementor-element-0e4aeb0 e-flex e-con-boxed e-con e-parent\" data-id=\"0e4aeb0\" data-element_type=\"container\">\n\t\t\t\t\t<div class=\"e-con-inner\">\n\t\t\t\t<div class=\"elementor-element elementor-element-733b236 elementor-widget elementor-widget-text-editor\" data-id=\"733b236\" data-element_type=\"widget\" data-widget_type=\"text-editor.default\">\n\t\t\t\t<div class=\"elementor-widget-container\">\n\t\t\t\t\t\t\t\t\t<h2 class=\"wp-block-heading\"><span style=\"color: #22409a;\"><strong><a style=\"color: #22409a;\" href=\"https:\/\/csie.ase.ro\/programe\/economic-informatics\/\" data-type=\"URL\" data-id=\"https:\/\/csie.ase.ro\/programe\/economic-informatics\/\">Informatic\u0103 Economic\u0103 \/ Business Informatics (englez\u0103)<\/a><\/strong><\/span><\/h2>\t\t\t\t\t\t\t\t<\/div>\n\t\t\t\t<\/div>\n\t\t\t\t\t<\/div>\n\t\t\t\t<\/div>\n\t\t<div class=\"elementor-element elementor-element-dee6332 e-flex e-con-boxed e-con e-parent\" data-id=\"dee6332\" data-element_type=\"container\">\n\t\t\t\t\t<div class=\"e-con-inner\">\n\t\t\t\t<div class=\"elementor-element elementor-element-9c1876f elementor-widget elementor-widget-text-editor\" data-id=\"9c1876f\" data-element_type=\"widget\" data-widget_type=\"text-editor.default\">\n\t\t\t\t<div class=\"elementor-widget-container\">\n\t\t\t\t\t\t\t\t\t<h2 class=\"wp-block-heading\"><span style=\"color: #22409a;\"><strong><a style=\"color: #22409a;\" href=\"https:\/\/csie.ase.ro\/programe\/cibernetica-economica\/\" data-type=\"URL\" data-id=\"https:\/\/csie.ase.ro\/programe\/cibernetica-economica\/\">Economic Cybernetics<\/a><\/strong><\/span><\/h2>\t\t\t\t\t\t\t\t<\/div>\n\t\t\t\t<\/div>\n\t\t\t\t\t<\/div>\n\t\t\t\t<\/div>\n\t\t<div class=\"elementor-element elementor-element-2864716 e-flex e-con-boxed e-con e-parent\" data-id=\"2864716\" data-element_type=\"container\">\n\t\t\t\t\t<div class=\"e-con-inner\">\n\t\t\t\t<div class=\"elementor-element elementor-element-7b214ea elementor-widget elementor-widget-text-editor\" data-id=\"7b214ea\" data-element_type=\"widget\" data-widget_type=\"text-editor.default\">\n\t\t\t\t<div class=\"elementor-widget-container\">\n\t\t\t\t\t\t\t\t\t<h2 class=\"wp-block-heading\"><span style=\"color: #22409a;\"><strong><a style=\"color: #22409a;\" href=\"https:\/\/csie.ase.ro\/programe\/statistica-si-previziune-economica\/\" data-type=\"URL\" data-id=\"https:\/\/csie.ase.ro\/programe\/statistica-si-previziune-economica\/\">Statistic\u0103 \u0219i Previziune Economic\u0103<\/a><\/strong><\/span><\/h2>\t\t\t\t\t\t\t\t<\/div>\n\t\t\t\t<\/div>\n\t\t\t\t\t<\/div>\n\t\t\t\t<\/div>\n\t\t\t\t<\/div>","protected":false},"excerpt":{"rendered":"<p>Cum devii stundent CSIE \u00een 2024? Unde g\u0103sesc toate informa\u021biile necesare \u00eenscrierii? \u00cen func\u021bie de programul pe care dore\u0219ti s\u0103 \u00eel urm\u0103re\u0219ti, g\u0103se\u0219ti toate informa\u021biile de care ai nevoie acces\u00e2nd link-urile urm\u0103toare: G\u0103siti mai multe detalii referitoare la admitere\u00a0aici. Metodologie &hellip; <\/p>","protected":false},"author":16,"featured_media":0,"parent":0,"menu_order":0,"comment_status":"closed","ping_status":"closed","template":"","meta":{"footnotes":""},"class_list":["post-20531","page","type-page","status-publish","hentry"],"_links":{"self":[{"href":"https:\/\/temp.csie.ase.ro\/en\/wp-json\/wp\/v2\/pages\/20531","targetHints":{"allow":["GET"]}}],"collection":[{"href":"https:\/\/temp.csie.ase.ro\/en\/wp-json\/wp\/v2\/pages"}],"about":[{"href":"https:\/\/temp.csie.ase.ro\/en\/wp-json\/wp\/v2\/types\/page"}],"author":[{"embeddable":true,"href":"https:\/\/temp.csie.ase.ro\/en\/wp-json\/wp\/v2\/users\/16"}],"replies":[{"embeddable":true,"href":"https:\/\/temp.csie.ase.ro\/en\/wp-json\/wp\/v2\/comments?post=20531"}],"version-history":[{"count":22,"href":"https:\/\/temp.csie.ase.ro\/en\/wp-json\/wp\/v2\/pages\/20531\/revisions"}],"predecessor-version":[{"id":20569,"href":"https:\/\/temp.csie.ase.ro\/en\/wp-json\/wp\/v2\/pages\/20531\/revisions\/20569"}],"wp:attachment":[{"href":"https:\/\/temp.csie.ase.ro\/en\/wp-json\/wp\/v2\/media?parent=20531"}],"curies":[{"name":"wp","href":"https:\/\/api.w.org\/{rel}","templated":true}]}}