{"id":2901,"date":"2015-11-18T08:34:00","date_gmt":"2015-11-18T08:34:00","guid":{"rendered":"http:\/\/demo.thimpress.com\/eduma\/?page_id=2901"},"modified":"2024-11-03T19:21:50","modified_gmt":"2024-11-03T19:21:50","slug":"viata-la-csie","status":"publish","type":"page","link":"https:\/\/temp.csie.ase.ro\/en\/viata-la-csie","title":{"rendered":"Life at CSIE"},"content":{"rendered":"<div data-elementor-type=\"wp-post\" data-elementor-id=\"2901\" class=\"elementor elementor-2901\">\n\t\t\t\t<div class=\"elementor-element elementor-element-34535ff e-flex e-con-boxed e-con e-parent\" data-id=\"34535ff\" data-element_type=\"container\">\n\t\t\t\t\t<div class=\"e-con-inner\">\n\t\t\t\t<div class=\"elementor-element elementor-element-a2283d0 elementor-widget elementor-widget-text-editor\" data-id=\"a2283d0\" data-element_type=\"widget\" data-widget_type=\"text-editor.default\">\n\t\t\t\t<div class=\"elementor-widget-container\">\n\t\t\t\t\t\t\t\t\t<p><span style=\"font-weight: 400;\">CSIE nu este o simpl\u0103 facultate, ci este <strong>locul \u00een care visurile tale cap\u0103t\u0103 sens<\/strong>, al\u0103turi de profesioni\u0219ti din domeniile economice \u0219i tehnologice. Av\u00e2nd posibilitatea de a studia ce te pasioneaz\u0103, at\u00e2t \u00een cadrul orelor de curs sau seminar, c\u00e2t \u0219i \u00een bibliotecile noastre, avem certitudinea c\u0103 \u0219i tu, asemenea fiec\u0103rui student al facult\u0103\u021bii noastre, te po\u021bi dezvolta \u00eentr-un mod remarcabil.<\/span><\/p><p><span style=\"font-weight: 400;\">Dac\u0103 e\u0219ti \u00een c\u0103utarea unei <strong>experien\u021be de neuitat<\/strong>, atunci po\u021bi lua \u00een considerare s\u0103 studiezi \u00een str\u0103in\u0103tate, prin intermediul ofertelor de mobilit\u0103\u021bi de studii Erasmus+ puse la dispozi\u021bie de facultatea noastr\u0103. Astfel, ai ocazia s\u0103 \u00eenve\u021bi \u00eentr-o alt\u0103 \u021bar\u0103, s\u0103 descoperi tradi\u021bii \u0219i obiceiuri unice, \u0219i nu \u00een ultimul r\u00e2nd, s\u0103 cuno\u0219ti oameni noi.\u00a0<\/span><\/p><p><span style=\"font-weight: 400;\">Pentru a avea parte de o <strong>studen\u021bie complet\u0103<\/strong>, \u00ee\u021bi recomand\u0103m s\u0103 te implici \u00een c\u00e2t mai multe activit\u0103\u021bi extracurriculare. Voluntariatul \u00een cadrul unei organiza\u021bii studen\u021be\u0219ti este o variant\u0103 foarte bun\u0103 dac\u0103 te pasioneaz\u0103 reprezentarea studen\u021beasc\u0103 \u0219i cunoa\u0219terea c\u00e2t mai multor persoane al\u0103turi de care s\u0103-\u021bi petreci anii studen\u021biei. Pentru pasiona\u021bii de sport exist\u0103\u00a0 competi\u021bii la care pot participa, precum \u0219i cluburi sportive studen\u021be\u0219ti la care se pot \u00eenscrie. Iar dac\u0103 focusul t\u0103u este g\u0103sirea unui internship, atunci po\u021bi merge la t\u00e2rgurile de carier\u0103 organizate \u00een cadrul facult\u0103\u021bii noastre.<\/span><\/p>\t\t\t\t\t\t\t\t<\/div>\n\t\t\t\t<\/div>\n\t\t\t\t\t<\/div>\n\t\t\t\t<\/div>\n\t\t\t\t<section class=\"elementor-section elementor-top-section elementor-element elementor-element-7d27883 elementor-section-boxed elementor-section-height-default elementor-section-height-default\" data-id=\"7d27883\" data-element_type=\"section\">\n\t\t\t\t\t\t<div class=\"elementor-container elementor-column-gap-default\">\n\t\t\t\t\t<div class=\"elementor-column elementor-col-100 elementor-top-column elementor-element elementor-element-d513acf\" data-id=\"d513acf\" data-element_type=\"column\">\n\t\t\t<div class=\"elementor-widget-wrap\">\n\t\t\t\t\t\t\t<\/div>\n\t\t<\/div>\n\t\t\t\t\t<\/div>\n\t\t<\/section>\n\t\t\t\t<section class=\"elementor-section elementor-top-section elementor-element elementor-element-dbdef59 elementor-section-stretched elementor-section-boxed elementor-section-height-default elementor-section-height-default\" data-id=\"dbdef59\" data-element_type=\"section\" data-settings=\"{&quot;stretch_section&quot;:&quot;section-stretched&quot;,&quot;background_background&quot;:&quot;classic&quot;}\">\n\t\t\t\t\t\t<div class=\"elementor-container elementor-column-gap-default\">\n\t\t\t\t\t<div class=\"elementor-column elementor-col-100 elementor-top-column elementor-element elementor-element-7a78582\" data-id=\"7a78582\" data-element_type=\"column\">\n\t\t\t<div class=\"elementor-widget-wrap elementor-element-populated\">\n\t\t\t\t\t\t<div class=\"elementor-element elementor-element-de2c6d7 thim-ekits-heading-text-center elementor-widget thim-ekits-heading elementor-widget-thim-heading\" data-id=\"de2c6d7\" data-element_type=\"widget\" data-widget_type=\"thim-heading.default\">\n\t\t\t\t<div class=\"elementor-widget-container\">\n\t\t\t\t\t<div class=\"sc_heading text-center\"><h2 class=\"title\">\u00cen afara cursurilor, te po\u021bi aventura \u00een...<\/h2><div class=\"sub-heading\"><\/div><\/div>\t\t\t\t<\/div>\n\t\t\t\t<\/div>\n\t\t\t\t\t<\/div>\n\t\t<\/div>\n\t\t\t\t\t<\/div>\n\t\t<\/section>\n\t\t\t\t<section class=\"elementor-section elementor-top-section elementor-element elementor-element-2774d67 elementor-section-stretched elementor-section-boxed elementor-section-height-default elementor-section-height-default\" data-id=\"2774d67\" data-element_type=\"section\" data-settings=\"{&quot;stretch_section&quot;:&quot;section-stretched&quot;,&quot;background_background&quot;:&quot;classic&quot;}\">\n\t\t\t\t\t\t<div class=\"elementor-container elementor-column-gap-custom\">\n\t\t\t\t\t<div class=\"elementor-column elementor-col-33 elementor-top-column elementor-element elementor-element-550e34f\" data-id=\"550e34f\" data-element_type=\"column\">\n\t\t\t<div class=\"elementor-widget-wrap elementor-element-populated\">\n\t\t\t\t\t\t<div class=\"elementor-element elementor-element-fb15edd iconbox-text-left elementor-widget elementor-widget-thim-icon-box\" data-id=\"fb15edd\" data-element_type=\"widget\" data-widget_type=\"thim-icon-box.default\">\n\t\t\t\t<div class=\"elementor-widget-container\">\n\t\t\t\t\t<div class=\"thim-widget-icon-box\"><div class=\"wrapper-box-icon has_custom_image text-left\"><div class=\"smicon-box iconbox-top\"><div class=\"boxes-icon\"><a class=\"icon-box-link\" href=\"https:\/\/sisc.ro\" target=\"_blank\" rel=\"nofollow\"><span class=\"inner-icon\"><span class=\"icon icon-images\"><img fetchpriority=\"high\" decoding=\"async\" src=\"https:\/\/temp.csie.ase.ro\/wp-content\/uploads\/2024\/06\/sisc-logo.jpg\" alt=\"sisc logo\" title=\"sisc logo\"  width=\"900\" height=\"900\"><\/span><\/span><\/a><\/div><div class=\"content-inner\"><div class=\"sc-heading\"><h3 class=\"heading__primary\"><a class=\"icon-box-link\" href=\"https:\/\/sisc.ro\" target=\"_blank\" rel=\"nofollow\">Sindicatul Studen\u021bilor din Cibernetic\u0103(SiSC)<\/a><\/h3><\/div><div class=\"desc-icon-box\"><div class=\"desc-content\">Fiind una dintre cele mai vechi \u0219i active organiza\u021bii studen\u021be\u0219ti din ASE, SiSC organizeaz\u0103 diverse proiecte educa\u021bionale, culturale \u0219i sociale, menite s\u0103 sprijine dezvoltarea personal\u0103 \u0219i profesional\u0103 a studen\u021bilor. Prin activit\u0103\u021bile sale, SiSC creeaz\u0103 un mediu prietenos \u0219i dinamic, perfect pentru a te implica activ, a te dezvolta \u0219i pentru a-\u021bi face noi prieteni.<\/div><a class=\"smicon-read sc-btn\" href=\"https:\/\/sisc.ro\" target=\"_blank\" rel=\"nofollow\">Learn more <i class=\"fa fa-chevron-right\"><\/i><\/a><\/div><\/div><\/div><\/div><\/div>\t\t\t\t<\/div>\n\t\t\t\t<\/div>\n\t\t\t\t\t<\/div>\n\t\t<\/div>\n\t\t\t\t<div class=\"elementor-column elementor-col-33 elementor-top-column elementor-element elementor-element-8246a6f\" data-id=\"8246a6f\" data-element_type=\"column\">\n\t\t\t<div class=\"elementor-widget-wrap elementor-element-populated\">\n\t\t\t\t\t\t<div class=\"elementor-element elementor-element-790c993 iconbox-text-left elementor-widget elementor-widget-thim-icon-box\" data-id=\"790c993\" data-element_type=\"widget\" data-widget_type=\"thim-icon-box.default\">\n\t\t\t\t<div class=\"elementor-widget-container\">\n\t\t\t\t\t<div class=\"thim-widget-icon-box\"><div class=\"wrapper-box-icon has_custom_image text-left\"><div class=\"smicon-box iconbox-top\"><div class=\"boxes-icon\"><a class=\"icon-box-link\" href=\"https:\/\/csu.ase.ro\" target=\"_blank\" rel=\"nofollow\"><span class=\"inner-icon\"><span class=\"icon icon-images\"><img decoding=\"async\" src=\"https:\/\/temp.csie.ase.ro\/wp-content\/uploads\/2024\/06\/6681883aa98e6_download.jpg\" alt=\"6681883aa98e6_download\" title=\"6681883aa98e6_download\"  width=\"900\" height=\"900\"><\/span><\/span><\/a><\/div><div class=\"content-inner\"><div class=\"sc-heading\"><h3 class=\"heading__primary\"><a class=\"icon-box-link\" href=\"https:\/\/csu.ase.ro\" target=\"_blank\" rel=\"nofollow\">CSU ASE<\/a><\/h3><\/div><div class=\"desc-icon-box\"><div class=\"desc-content\">CSU ASE este locul ideal pentru studen\u021bii pasiona\u021bi de sport. De la echipe de baschet \u0219i fotbal p\u00e2n\u0103 la competi\u021bii de \u00eenot, tenis de mas\u0103, \u0219ah sau culturism, clubul sportiv universitar ofer\u0103 oportunit\u0103\u021bi variate pentru men\u021binerea unui stil de via\u021b\u0103 activ \u0219i s\u0103n\u0103tos. Participarea la activit\u0103\u021bile sportive contribuie la dezvoltarea spiritului de echip\u0103, a disciplinei \u0219i este deosebit de apreciat\u0103!<\/div><a class=\"smicon-read sc-btn\" href=\"https:\/\/csu.ase.ro\" target=\"_blank\" rel=\"nofollow\">Learn more <i class=\"fa fa-chevron-right\"><\/i><\/a><\/div><\/div><\/div><\/div><\/div>\t\t\t\t<\/div>\n\t\t\t\t<\/div>\n\t\t\t\t\t<\/div>\n\t\t<\/div>\n\t\t\t\t<div class=\"elementor-column elementor-col-33 elementor-top-column elementor-element elementor-element-7169a04\" data-id=\"7169a04\" data-element_type=\"column\">\n\t\t\t<div class=\"elementor-widget-wrap elementor-element-populated\">\n\t\t\t\t\t\t<div class=\"elementor-element elementor-element-890b45a iconbox-text-left elementor-widget elementor-widget-thim-icon-box\" data-id=\"890b45a\" data-element_type=\"widget\" data-widget_type=\"thim-icon-box.default\">\n\t\t\t\t<div class=\"elementor-widget-container\">\n\t\t\t\t\t<div class=\"thim-widget-icon-box\"><div class=\"wrapper-box-icon has_custom_image text-left\"><div class=\"smicon-box iconbox-top\"><div class=\"boxes-icon\"><a class=\"icon-box-link\" href=\"https:\/\/us.ase.ro\" target=\"_blank\" rel=\"nofollow\"><span class=\"inner-icon\"><span class=\"icon icon-images\"><img decoding=\"async\" src=\"https:\/\/temp.csie.ase.ro\/wp-content\/uploads\/2024\/06\/usase.jpeg\" alt=\"usase\" title=\"usase\"  width=\"600\" height=\"600\"><\/span><\/span><\/a><\/div><div class=\"content-inner\"><div class=\"sc-heading\"><h3 class=\"heading__primary\"><a class=\"icon-box-link\" href=\"https:\/\/us.ase.ro\" target=\"_blank\" rel=\"nofollow\">Uniunea Studentilor Academiei de Studii Economice(USASE)<\/a><\/h3><\/div><div class=\"desc-icon-box\"><div class=\"desc-content\">USASE este o organiza\u021bie care reune\u0219te studen\u021bii de la toate facult\u0103\u021bile din ASE. Scopul s\u0103u principal este de a reprezenta interesele studen\u021bilor \u0219i de a facilita dialogul \u00eentre ace\u0219tia \u0219i conducerea universit\u0103\u021bii. USASE organizeaz\u0103 o varietate de activit\u0103\u021bi, inclusiv workshopuri \u0219i proiecte de voluntariat.<\/div><a class=\"smicon-read sc-btn\" href=\"https:\/\/us.ase.ro\" target=\"_blank\" rel=\"nofollow\">Learn more <i class=\"fa fa-chevron-right\"><\/i><\/a><\/div><\/div><\/div><\/div><\/div>\t\t\t\t<\/div>\n\t\t\t\t<\/div>\n\t\t\t\t\t<\/div>\n\t\t<\/div>\n\t\t\t\t\t<\/div>\n\t\t<\/section>\n\t\t\t\t<section class=\"elementor-section elementor-top-section elementor-element elementor-element-0ddb80e elementor-section-stretched elementor-section-boxed elementor-section-height-default elementor-section-height-default\" data-id=\"0ddb80e\" data-element_type=\"section\" data-settings=\"{&quot;stretch_section&quot;:&quot;section-stretched&quot;,&quot;background_background&quot;:&quot;classic&quot;}\">\n\t\t\t\t\t\t<div class=\"elementor-container elementor-column-gap-custom\">\n\t\t\t\t\t<div class=\"elementor-column elementor-col-33 elementor-top-column elementor-element elementor-element-732cd9d\" data-id=\"732cd9d\" data-element_type=\"column\">\n\t\t\t<div class=\"elementor-widget-wrap elementor-element-populated\">\n\t\t\t\t\t\t<div class=\"elementor-element elementor-element-2a1730a iconbox-text-left elementor-widget elementor-widget-thim-icon-box\" data-id=\"2a1730a\" data-element_type=\"widget\" data-widget_type=\"thim-icon-box.default\">\n\t\t\t\t<div class=\"elementor-widget-container\">\n\t\t\t\t\t<div class=\"thim-widget-icon-box\"><div class=\"wrapper-box-icon has_custom_image text-left\"><div class=\"smicon-box iconbox-top\"><div class=\"boxes-icon\"><a class=\"icon-box-link\" href=\"https:\/\/ligaeconomistului.ase.ro\" target=\"_blank\" rel=\"nofollow\"><span class=\"inner-icon\"><span class=\"icon icon-images\"><img loading=\"lazy\" decoding=\"async\" src=\"https:\/\/temp.csie.ase.ro\/wp-content\/uploads\/2024\/06\/ligaec.png\" alt=\"ligaec\" title=\"ligaec\"  width=\"604\" height=\"247\"><\/span><\/span><\/a><\/div><div class=\"content-inner\"><div class=\"sc-heading\"><h3 class=\"heading__primary\"><a class=\"icon-box-link\" href=\"https:\/\/ligaeconomistului.ase.ro\" target=\"_blank\" rel=\"nofollow\">Liga Economistului<\/a><\/h3><\/div><div class=\"desc-icon-box\"><div class=\"desc-content\">Liga Economistului este un campionat intern ce promoveaz\u0103 un stil de via\u021b\u0103 activ. Aceasta reprezint\u0103 o competi\u021bie acerb\u0103 de tradi\u021bie \u00eentre echipele de fotbal ale facult\u0103\u021bilor din cadrul ASE. Fie c\u0103 e\u0219ti atacant, funda\u0219, mijloca\u0219 sau portar, te a\u0219tept\u0103m cu drag s\u0103 aju\u021bi echipa CSIE s\u0103 r\u0103m\u00e2n\u0103 \u00een top!<\/div><a class=\"smicon-read sc-btn\" href=\"https:\/\/ligaeconomistului.ase.ro\" target=\"_blank\" rel=\"nofollow\">Learn more <i class=\"fa fa-chevron-right\"><\/i><\/a><\/div><\/div><\/div><\/div><\/div>\t\t\t\t<\/div>\n\t\t\t\t<\/div>\n\t\t\t\t\t<\/div>\n\t\t<\/div>\n\t\t\t\t<div class=\"elementor-column elementor-col-33 elementor-top-column elementor-element elementor-element-1037229\" data-id=\"1037229\" data-element_type=\"column\">\n\t\t\t<div class=\"elementor-widget-wrap elementor-element-populated\">\n\t\t\t\t\t\t<div class=\"elementor-element elementor-element-bfcd910 iconbox-text-left elementor-widget elementor-widget-thim-icon-box\" data-id=\"bfcd910\" data-element_type=\"widget\" data-widget_type=\"thim-icon-box.default\">\n\t\t\t\t<div class=\"elementor-widget-container\">\n\t\t\t\t\t<div class=\"thim-widget-icon-box\"><div class=\"wrapper-box-icon has_custom_image text-left\"><div class=\"smicon-box iconbox-top\"><div class=\"boxes-icon\"><a class=\"icon-box-link\" href=\"https:\/\/international.ase.ro\/21\/erasmus\/\" target=\"_blank\" rel=\"nofollow\"><span class=\"inner-icon\"><span class=\"icon icon-images\"><img decoding=\"async\" src=\"https:\/\/temp.csie.ase.ro\/wp-content\/uploads\/2024\/06\/erasmus.svg\" alt=\"erasmus\" title=\"erasmus\" ><\/span><\/span><\/a><\/div><div class=\"content-inner\"><div class=\"sc-heading\"><h3 class=\"heading__primary\"><a class=\"icon-box-link\" href=\"https:\/\/international.ase.ro\/21\/erasmus\/\" target=\"_blank\" rel=\"nofollow\">Erasmus<\/a><\/h3><\/div><div class=\"desc-icon-box\"><div class=\"desc-content\">Programul Erasmus+ ofer\u0103 studen\u021bilor CSIE \u0219ansa de a studia \u00een str\u0103in\u0103tate la universit\u0103\u021bi partenere din \u00eentreaga Europ\u0103. Aceast\u0103 experien\u021b\u0103 unic\u0103 \u00ee\u021bi va permite s\u0103 \u00ee\u021bi \u00eembun\u0103t\u0103\u021be\u0219ti cuno\u0219tin\u021bele academice, s\u0103 explorezi culturi noi \u0219i s\u0103 \u00ee\u021bi extinzi orizonturile personale \u0219i profesionale. Programul promoveaz\u0103, de asemenea, schimburile interculturale \u0219i colaborarea interna\u021bional\u0103.<\/div><a class=\"smicon-read sc-btn\" href=\"https:\/\/international.ase.ro\/21\/erasmus\/\" target=\"_blank\" rel=\"nofollow\">Learn more <i class=\"fa fa-chevron-right\"><\/i><\/a><\/div><\/div><\/div><\/div><\/div>\t\t\t\t<\/div>\n\t\t\t\t<\/div>\n\t\t\t\t\t<\/div>\n\t\t<\/div>\n\t\t\t\t<div class=\"elementor-column elementor-col-33 elementor-top-column elementor-element elementor-element-587f7de\" data-id=\"587f7de\" data-element_type=\"column\">\n\t\t\t<div class=\"elementor-widget-wrap elementor-element-populated\">\n\t\t\t\t\t\t<div class=\"elementor-element elementor-element-1caafdf iconbox-text-left elementor-widget elementor-widget-thim-icon-box\" data-id=\"1caafdf\" data-element_type=\"widget\" data-widget_type=\"thim-icon-box.default\">\n\t\t\t\t<div class=\"elementor-widget-container\">\n\t\t\t\t\t<div class=\"thim-widget-icon-box\"><div class=\"wrapper-box-icon has_custom_image text-left\"><div class=\"smicon-box iconbox-top\"><div class=\"boxes-icon\"><a class=\"icon-box-link\" href=\"https:\/\/jobfair.ase.ro\" target=\"_blank\" rel=\"nofollow\"><span class=\"inner-icon\"><span class=\"icon icon-images\"><img loading=\"lazy\" decoding=\"async\" src=\"https:\/\/temp.csie.ase.ro\/wp-content\/uploads\/2024\/06\/asefair.png\" alt=\"asefair\" title=\"asefair\"  width=\"191\" height=\"80\"><\/span><\/span><\/a><\/div><div class=\"content-inner\"><div class=\"sc-heading\"><h3 class=\"heading__primary\"><a class=\"icon-box-link\" href=\"https:\/\/jobfair.ase.ro\" target=\"_blank\" rel=\"nofollow\">T\u00e2rguri de carier\u0103<\/a><\/h3><\/div><div class=\"desc-icon-box\"><div class=\"desc-content\">La CSIE, vei g\u0103si o multitudine de oportunit\u0103\u021bi de a \u00ee\u021bi \u00eencepe cariera, fie c\u0103 dore\u0219ti s\u0103 lucrezi \u00een domeniul IT, ca programator sau data engineer, fie c\u0103 vrei una dintre multele op\u021biuni din zona economic\u0103. ASE Job&Internship fair este unul dintre numeroasele t\u00e2rguri de carier\u0103 oferite de noi pentru a-\u021bi servi drept ramp\u0103 de lansare pentru viitorul t\u0103u.<\/div><a class=\"smicon-read sc-btn\" href=\"https:\/\/jobfair.ase.ro\" target=\"_blank\" rel=\"nofollow\">Learn more <i class=\"fa fa-chevron-right\"><\/i><\/a><\/div><\/div><\/div><\/div><\/div>\t\t\t\t<\/div>\n\t\t\t\t<\/div>\n\t\t\t\t\t<\/div>\n\t\t<\/div>\n\t\t\t\t\t<\/div>\n\t\t<\/section>\n\t\t\t\t<section class=\"elementor-section elementor-top-section elementor-element elementor-element-ab70d98 elementor-section-stretched elementor-section-boxed elementor-section-height-default elementor-section-height-default\" data-id=\"ab70d98\" data-element_type=\"section\" data-settings=\"{&quot;stretch_section&quot;:&quot;section-stretched&quot;}\">\n\t\t\t\t\t\t\t<div class=\"elementor-background-overlay\"><\/div>\n\t\t\t\t\t\t\t<div class=\"elementor-container elementor-column-gap-default\">\n\t\t\t\t\t<div class=\"elementor-column elementor-col-100 elementor-top-column elementor-element elementor-element-12f30ca\" data-id=\"12f30ca\" data-element_type=\"column\">\n\t\t\t<div class=\"elementor-widget-wrap elementor-element-populated\">\n\t\t\t\t\t\t<div class=\"elementor-element elementor-element-7936e5d thim-ekits-heading-text-center elementor-widget thim-ekits-heading elementor-widget-thim-heading\" data-id=\"7936e5d\" data-element_type=\"widget\" data-widget_type=\"thim-heading.default\">\n\t\t\t\t<div class=\"elementor-widget-container\">\n\t\t\t\t\t<div class=\"sc_heading text-center\"><h3 class=\"title\">Te a\u0219tept\u0103m la noi pentru o studenCSIE de neuitat!<\/h3><\/div>\t\t\t\t<\/div>\n\t\t\t\t<\/div>\n\t\t\t\t\t<\/div>\n\t\t<\/div>\n\t\t\t\t\t<\/div>\n\t\t<\/section>\n\t\t\t\t<\/div>","protected":false},"excerpt":{"rendered":"<p>CSIE nu este o simpl\u0103 facultate, ci este locul \u00een care visurile tale cap\u0103t\u0103 sens, al\u0103turi de profesioni\u0219ti din domeniile economice \u0219i tehnologice. Av\u00e2nd posibilitatea de a studia ce te pasioneaz\u0103, at\u00e2t \u00een cadrul orelor de curs sau seminar, c\u00e2t &hellip; <\/p>","protected":false},"author":2,"featured_media":18747,"parent":0,"menu_order":0,"comment_status":"closed","ping_status":"closed","template":"elementor_theme","meta":{"footnotes":""},"class_list":["post-2901","page","type-page","status-publish","has-post-thumbnail","hentry"],"_links":{"self":[{"href":"https:\/\/temp.csie.ase.ro\/en\/wp-json\/wp\/v2\/pages\/2901","targetHints":{"allow":["GET"]}}],"collection":[{"href":"https:\/\/temp.csie.ase.ro\/en\/wp-json\/wp\/v2\/pages"}],"about":[{"href":"https:\/\/temp.csie.ase.ro\/en\/wp-json\/wp\/v2\/types\/page"}],"author":[{"embeddable":true,"href":"https:\/\/temp.csie.ase.ro\/en\/wp-json\/wp\/v2\/users\/2"}],"replies":[{"embeddable":true,"href":"https:\/\/temp.csie.ase.ro\/en\/wp-json\/wp\/v2\/comments?post=2901"}],"version-history":[{"count":36,"href":"https:\/\/temp.csie.ase.ro\/en\/wp-json\/wp\/v2\/pages\/2901\/revisions"}],"predecessor-version":[{"id":20627,"href":"https:\/\/temp.csie.ase.ro\/en\/wp-json\/wp\/v2\/pages\/2901\/revisions\/20627"}],"wp:featuredmedia":[{"embeddable":true,"href":"https:\/\/temp.csie.ase.ro\/en\/wp-json\/wp\/v2\/media\/18747"}],"wp:attachment":[{"href":"https:\/\/temp.csie.ase.ro\/en\/wp-json\/wp\/v2\/media?parent=2901"}],"curies":[{"name":"wp","href":"https:\/\/api.w.org\/{rel}","templated":true}]}}